{"id":178704,"date":"2025-08-01T06:36:38","date_gmt":"2025-08-01T04:36:38","guid":{"rendered":"https:\/\/www.budream.com\/shop\/koenigliche-koenigin-samen-nord-thunderfuck-automatische-fem-usa-premium\/"},"modified":"2026-03-21T20:41:17","modified_gmt":"2026-03-21T18:41:17","slug":"koenigliche-koenigin-samen-nord-thunderfuck-automatische-fem-usa-premium","status":"publish","type":"product","link":"https:\/\/www.budream.com\/de\/shop\/koenigliche-koenigin-samen-nord-thunderfuck-automatische-fem-usa-premium\/","title":{"rendered":"K\u00d6NIGLICHE K\u00d6NIGIN SAMEN &#8211; NORD THUNDERFUCK AUTOMATISCHE FEM (USA PREMIUM)"},"content":{"rendered":"<p><strong>NORD THUNDERFUCK AUTOMATISCHE FEM (USA PREMIUM)<\/strong> ist ein ausgewogener Hybrid zwischen Indica und Sativa, vielseitig und f\u00fcr jede Gelegenheit geeignet von ROYAL QUEEN SEEDS. Verf\u00fcgbar in Packungen mit 1 Samen feminisiert. Mit sehr hohem THC-Gehalt (Sehr hoch (20\u202f%+)), diese Pflanze richtet sich an erfahrene Z\u00fcchter. Im Anbau, hat einen mittleren Bl\u00fctezyklus von 10-12 Wochen und garantiert reichlich Ertr\u00e4ge. In der Nase und am Gaumen zeichnet sich sein \ud83c\udf3f Erdiger-Aroma aus.<\/p>\n","protected":false},"excerpt":{"rendered":"<p>\ud83c\udf3f NORD THUNDERFUCK AUTOMATISCHE FEM (USA PREMIUM) von ROYAL QUEEN SEEDS \u00b7 \ud83e\uddec Indica \/ Sativa \u00b7 \ud83d\udd25 THC sehr hoch (Sehr hoch (20\u202f%+)) \u00b7 \ud83d\udce6 Ertrag XL.<\/p>\n","protected":false},"featured_media":178693,"comment_status":"open","ping_status":"closed","template":"","meta":[],"product_brand":[],"product_cat":[7952],"product_tag":[8609,9931,10124,10126,10128,10147,10350,8510,8511],"class_list":{"0":"post-178704","1":"product","2":"type-product","3":"status-publish","4":"has-post-thumbnail","6":"product_cat-seedshop-de","7":"product_tag-royal-queen-seeds","8":"product_tag-hybrid","9":"product_tag-thc-sehr-hoch","10":"product_tag-cannabis-samen","11":"product_tag-feminisierte-samen","12":"product_tag-erdiger","13":"product_tag-nord-thunderfuck-automatische-fem-usa-premium","14":"product_tag-indica","15":"product_tag-sativa","17":"first","18":"instock","19":"sale","20":"taxable","21":"shipping-taxable","22":"purchasable","23":"product-type-variable"},"_links":{"self":[{"href":"https:\/\/www.budream.com\/de\/wp-json\/wp\/v2\/product\/178704","targetHints":{"allow":["GET"]}}],"collection":[{"href":"https:\/\/www.budream.com\/de\/wp-json\/wp\/v2\/product"}],"about":[{"href":"https:\/\/www.budream.com\/de\/wp-json\/wp\/v2\/types\/product"}],"replies":[{"embeddable":true,"href":"https:\/\/www.budream.com\/de\/wp-json\/wp\/v2\/comments?post=178704"}],"version-history":[{"count":1,"href":"https:\/\/www.budream.com\/de\/wp-json\/wp\/v2\/product\/178704\/revisions"}],"predecessor-version":[{"id":259178,"href":"https:\/\/www.budream.com\/de\/wp-json\/wp\/v2\/product\/178704\/revisions\/259178"}],"wp:featuredmedia":[{"embeddable":true,"href":"https:\/\/www.budream.com\/de\/wp-json\/wp\/v2\/media\/178693"}],"wp:attachment":[{"href":"https:\/\/www.budream.com\/de\/wp-json\/wp\/v2\/media?parent=178704"}],"wp:term":[{"taxonomy":"product_brand","embeddable":true,"href":"https:\/\/www.budream.com\/de\/wp-json\/wp\/v2\/product_brand?post=178704"},{"taxonomy":"product_cat","embeddable":true,"href":"https:\/\/www.budream.com\/de\/wp-json\/wp\/v2\/product_cat?post=178704"},{"taxonomy":"product_tag","embeddable":true,"href":"https:\/\/www.budream.com\/de\/wp-json\/wp\/v2\/product_tag?post=178704"}],"curies":[{"name":"wp","href":"https:\/\/api.w.org\/{rel}","templated":true}]}}