{"id":178744,"date":"2025-08-01T06:38:34","date_gmt":"2025-08-01T04:38:34","guid":{"rendered":"https:\/\/www.budream.com\/shop\/royal-queen-seeds-royal-runtz-automatic-fem-usa-premium\/"},"modified":"2026-03-21T20:41:39","modified_gmt":"2026-03-21T18:41:39","slug":"royal-queen-seeds-royal-runtz-automatic-fem-usa-premium","status":"publish","type":"product","link":"https:\/\/www.budream.com\/de\/shop\/royal-queen-seeds-royal-runtz-automatic-fem-usa-premium\/","title":{"rendered":"ROYAL QUEEN SEEDS &#8211; ROYAL RUNTZ AUTOMATIC FEM (USA PREMIUM)"},"content":{"rendered":"<p><strong>ROYAL RUNTZ AUTOMATIC FEM (USA PREMIUM)<\/strong> ist ein ausgewogener Hybrid zwischen Indica und Sativa, vielseitig und f\u00fcr jede Gelegenheit geeignet von ROYAL QUEEN SEEDS. Verf\u00fcgbar in Packungen mit 1 Samen feminisiert. Mit gutem THC-Gehalt (Hoch (15\u201319\u202f%)), diese Pflanze richtet sich an diejenigen, die Potenz und Qualit\u00e4t suchen. Im Anbau, hat einen mittleren Bl\u00fctezyklus von 10-12 Wochen und produziert gro\u00dfz\u00fcgige Ertr\u00e4ge. In der Nase und am Gaumen zeichnet sich sein \ud83c\udf53 S\u00fc\u00df \/ Fruchtig-Aroma aus.<\/p>\n","protected":false},"excerpt":{"rendered":"<p>\ud83c\udf3f ROYAL RUNTZ AUTOMATIC FEM (USA PREMIUM) von ROYAL QUEEN SEEDS \u00b7 \ud83e\uddec Indica \/ Sativa \u00b7 \ud83d\udcaa THC hoch (Hoch (15\u201319\u202f%)).<\/p>\n","protected":false},"featured_media":178733,"comment_status":"open","ping_status":"closed","template":"","meta":[],"product_brand":[],"product_cat":[7952],"product_tag":[9931,10126,10128,10140,10171,8510,8511,8609,9015],"class_list":{"0":"post-178744","1":"product","2":"type-product","3":"status-publish","4":"has-post-thumbnail","6":"product_cat-seedshop-de","7":"product_tag-hybrid","8":"product_tag-cannabis-samen","9":"product_tag-feminisierte-samen","10":"product_tag-thc-hoch","11":"product_tag-suess-fruchtig","12":"product_tag-indica","13":"product_tag-sativa","14":"product_tag-royal-queen-seeds","15":"product_tag-royal-runtz-automatic-fem-usa-premium","17":"first","18":"instock","19":"sale","20":"taxable","21":"shipping-taxable","22":"purchasable","23":"product-type-variable"},"_links":{"self":[{"href":"https:\/\/www.budream.com\/de\/wp-json\/wp\/v2\/product\/178744","targetHints":{"allow":["GET"]}}],"collection":[{"href":"https:\/\/www.budream.com\/de\/wp-json\/wp\/v2\/product"}],"about":[{"href":"https:\/\/www.budream.com\/de\/wp-json\/wp\/v2\/types\/product"}],"replies":[{"embeddable":true,"href":"https:\/\/www.budream.com\/de\/wp-json\/wp\/v2\/comments?post=178744"}],"version-history":[{"count":1,"href":"https:\/\/www.budream.com\/de\/wp-json\/wp\/v2\/product\/178744\/revisions"}],"predecessor-version":[{"id":259179,"href":"https:\/\/www.budream.com\/de\/wp-json\/wp\/v2\/product\/178744\/revisions\/259179"}],"wp:featuredmedia":[{"embeddable":true,"href":"https:\/\/www.budream.com\/de\/wp-json\/wp\/v2\/media\/178733"}],"wp:attachment":[{"href":"https:\/\/www.budream.com\/de\/wp-json\/wp\/v2\/media?parent=178744"}],"wp:term":[{"taxonomy":"product_brand","embeddable":true,"href":"https:\/\/www.budream.com\/de\/wp-json\/wp\/v2\/product_brand?post=178744"},{"taxonomy":"product_cat","embeddable":true,"href":"https:\/\/www.budream.com\/de\/wp-json\/wp\/v2\/product_cat?post=178744"},{"taxonomy":"product_tag","embeddable":true,"href":"https:\/\/www.budream.com\/de\/wp-json\/wp\/v2\/product_tag?post=178744"}],"curies":[{"name":"wp","href":"https:\/\/api.w.org\/{rel}","templated":true}]}}