{"id":178904,"date":"2025-08-01T06:46:31","date_gmt":"2025-08-01T04:46:31","guid":{"rendered":"https:\/\/www.budream.com\/shop\/royal-queen-seeds-sherbet-queen-fem-usa-premium\/"},"modified":"2026-03-27T14:23:39","modified_gmt":"2026-03-27T12:23:39","slug":"royal-queen-seeds-sherbet-queen-fem-usa-premium","status":"publish","type":"product","link":"https:\/\/www.budream.com\/de\/shop\/royal-queen-seeds-sherbet-queen-fem-usa-premium\/","title":{"rendered":"ROYAL QUEEN SEEDS &#8211; SHERBET QUEEN FEM (USA PREMIUM)"},"content":{"rendered":"<div id=\"short_description_content\" class=\"rte short-description-product hidden-sm hidden-xs\">\n<p style=\"text-align: justify\">Das genetische Erbe von Sherbet Queen stammt aus der Kombination von zwei besonderen Sorten: Sunset Sherbet und Pink Panties.<\/p>\n<p style=\"text-align: justify\">Sunset Sherbet ist eine Kombination aus Pink Panties und GSC und verleiht Sherbet Queen k\u00f6stliche, fruchtige Aromen. Pink Panties hingegen entstand aus der Kreuzung von Burmese und Florida Kush und enth\u00e4lt einen Hauch von Zitrone, begleitet von einem grasigen Nachgeschmack.<\/p>\n<\/div>\n<div class=\"clearfix\"><\/div>\n<h2><strong>Merkmale Sherbet Queen Royal Queen Seeds:<\/strong><\/h2>\n<ul style=\"list-style-type: disc\">\n<li><strong>Gattung:<\/strong> Feminisiert<\/li>\n<li><strong>Genotyp:<\/strong> Hybrid 15% Sativa 85% Indica<\/li>\n<li><strong>Genetik:<\/strong> Pink Panties x Sunset Sherbet<\/li>\n<li><strong>Tage:<\/strong> 49-63<\/li>\n<\/ul>\n<p><\/p>\n<div style=\"text-align: justify\"><em><strong>WARNUNG:<\/strong> Hanfsamen sind vom gesetzlichen Begriff Cannabis ausgenommen, was bedeutet, dass sie nicht als Bet\u00e4ubungsmittel gelten (L. 412 von 1974, Art. 1, Absatz 1, Buchstabe B; Einheits\u00fcbereinkommen \u00fcber Bet\u00e4ubungsmittel von New York von 1961 und Tabelle II des Ministerialerlasses 27\/7\/1992). In Italien ist der Anbau von Hanf verboten (Artikel 28 und 73 des Pr\u00e4sidialdekrets 309\/90), es sei denn, es liegt eine Sondergenehmigung vor (Artikel 17 des Pr\u00e4sidialdekrets 309\/90). In Ermangelung einer solchen Genehmigung darf das Saatgut nur f\u00fcr andere Zwecke verwendet werden (zootechnische Zwecke, Sammeln usw.). Das Saatgut wird unter dem Vorbehalt verkauft, dass es nicht von Dritten im Widerspruch zu den gesetzlichen Bestimmungen verwendet wird.<\/em><\/div>\n","protected":false},"excerpt":{"rendered":"<p>\ud83c\udf3f SHERBET QUEEN FEM (USA PREMIUM) von ROYAL QUEEN SEEDS \u00b7 \ud83e\uddec Indica Dominant (60%+) \u00b7 \ud83d\udd25 THC sehr hoch (Sehr hoch (20\u202f%+)) \u00b7 \ud83d\udce6 Ertrag XL.<\/p>\n","protected":false},"featured_media":178893,"comment_status":"open","ping_status":"closed","template":"","meta":[],"product_brand":[],"product_cat":[7952],"product_tag":[10126,10128,10150,8510,8609,9019,10124],"class_list":{"0":"post-178904","1":"product","2":"type-product","3":"status-publish","4":"has-post-thumbnail","6":"product_cat-seedshop-de","7":"product_tag-cannabis-samen","8":"product_tag-feminisierte-samen","9":"product_tag-zitrusartig","10":"product_tag-indica","11":"product_tag-royal-queen-seeds","12":"product_tag-sherbet-queen-fem-usa-premium","13":"product_tag-thc-sehr-hoch","15":"first","16":"instock","17":"sale","18":"taxable","19":"shipping-taxable","20":"purchasable","21":"product-type-variable"},"_links":{"self":[{"href":"https:\/\/www.budream.com\/de\/wp-json\/wp\/v2\/product\/178904","targetHints":{"allow":["GET"]}}],"collection":[{"href":"https:\/\/www.budream.com\/de\/wp-json\/wp\/v2\/product"}],"about":[{"href":"https:\/\/www.budream.com\/de\/wp-json\/wp\/v2\/types\/product"}],"replies":[{"embeddable":true,"href":"https:\/\/www.budream.com\/de\/wp-json\/wp\/v2\/comments?post=178904"}],"version-history":[{"count":2,"href":"https:\/\/www.budream.com\/de\/wp-json\/wp\/v2\/product\/178904\/revisions"}],"predecessor-version":[{"id":261558,"href":"https:\/\/www.budream.com\/de\/wp-json\/wp\/v2\/product\/178904\/revisions\/261558"}],"wp:featuredmedia":[{"embeddable":true,"href":"https:\/\/www.budream.com\/de\/wp-json\/wp\/v2\/media\/178893"}],"wp:attachment":[{"href":"https:\/\/www.budream.com\/de\/wp-json\/wp\/v2\/media?parent=178904"}],"wp:term":[{"taxonomy":"product_brand","embeddable":true,"href":"https:\/\/www.budream.com\/de\/wp-json\/wp\/v2\/product_brand?post=178904"},{"taxonomy":"product_cat","embeddable":true,"href":"https:\/\/www.budream.com\/de\/wp-json\/wp\/v2\/product_cat?post=178904"},{"taxonomy":"product_tag","embeddable":true,"href":"https:\/\/www.budream.com\/de\/wp-json\/wp\/v2\/product_tag?post=178904"}],"curies":[{"name":"wp","href":"https:\/\/api.w.org\/{rel}","templated":true}]}}