{"id":178984,"date":"2025-08-01T06:50:27","date_gmt":"2025-08-01T04:50:27","guid":{"rendered":"https:\/\/www.budream.com\/shop\/royal-queen-seeds-haze-berry-automatic-fem\/"},"modified":"2026-03-27T13:59:08","modified_gmt":"2026-03-27T11:59:08","slug":"royal-queen-seeds-haze-berry-automatic-fem","status":"publish","type":"product","link":"https:\/\/www.budream.com\/de\/shop\/royal-queen-seeds-haze-berry-automatic-fem\/","title":{"rendered":"ROYAL QUEEN SEEDS &#8211; HAZE BERRY AUTOMATIC FEM"},"content":{"rendered":"<div style=\"text-align: justify\">Haze Berry ist in Kalifornien und vielen anderen Staaten, die medizinischen Hanf legalisieren, beliebt. Sie entstand aus einer Kreuzung zwischen der klassischen Blueberry und einer belebenden, Sativa-dominanten Haze-Sorte.<\/div>\n<p><\/p>\n<h2><strong>Eigenschaften Haze Berry Automatic Royal Queen Seeds:<\/strong><\/h2>\n<ul style=\"list-style-type: disc\">\n<li><strong>Gattung:<\/strong> Feminisiert Autoflowering<\/li>\n<li><strong>Genotyp:<\/strong> 65% Sativa \/ 30% Indica \/ 5% Ruderalis<\/li>\n<li><strong>Genetik:<\/strong> Haze Berry x Blueberry Auto<\/li>\n<li><strong>Tage:<\/strong> 70<\/li>\n<\/ul>\n<p><\/p>\n<div style=\"text-align: justify\"><em><strong>WARNUNG:<\/strong> Hanfsamen sind vom gesetzlichen Begriff Cannabis ausgenommen, was bedeutet, dass sie nicht als Bet\u00e4ubungsmittel gelten (L. 412 von 1974, Art. 1, Absatz 1, Buchstabe B; Einheits\u00fcbereinkommen \u00fcber Bet\u00e4ubungsmittel von New York von 1961 und Tabelle II des Ministerialerlasses 27\/7\/1992). In Italien ist der Anbau von Hanf verboten (Artikel 28 und 73 des Pr\u00e4sidialdekrets 309\/90), es sei denn, es liegt eine Sondergenehmigung vor (Artikel 17 des Pr\u00e4sidialdekrets 309\/90). In Ermangelung einer solchen Genehmigung darf das Saatgut nur f\u00fcr andere Zwecke verwendet werden (zootechnische Zwecke, Sammeln usw.). Das Saatgut wird unter dem Vorbehalt verkauft, dass es nicht von Dritten im Widerspruch zu den gesetzlichen Bestimmungen verwendet wird.<\/em><\/div>\n","protected":false},"excerpt":{"rendered":"<p>\ud83c\udf3f HAZE BERRY AUTOMATIC von ROYAL QUEEN SEEDS \u00b7 \ud83e\uddec Sativa Dominant (60%+) \u00b7 \u2696\ufe0f THC mittel (Mittel (10\u201314\u202f%)).<\/p>\n","protected":false},"featured_media":178973,"comment_status":"open","ping_status":"closed","template":"","meta":[],"product_brand":[],"product_cat":[7952],"product_tag":[10171,8511,8609,9021,10126,10128,10129],"class_list":{"0":"post-178984","1":"product","2":"type-product","3":"status-publish","4":"has-post-thumbnail","6":"product_cat-seedshop-de","7":"product_tag-suess-fruchtig","8":"product_tag-sativa","9":"product_tag-royal-queen-seeds","10":"product_tag-haze-berry-automatic","11":"product_tag-cannabis-samen","12":"product_tag-feminisierte-samen","13":"product_tag-thc-mittel","15":"first","16":"instock","17":"sale","18":"taxable","19":"shipping-taxable","20":"purchasable","21":"product-type-variable"},"_links":{"self":[{"href":"https:\/\/www.budream.com\/de\/wp-json\/wp\/v2\/product\/178984","targetHints":{"allow":["GET"]}}],"collection":[{"href":"https:\/\/www.budream.com\/de\/wp-json\/wp\/v2\/product"}],"about":[{"href":"https:\/\/www.budream.com\/de\/wp-json\/wp\/v2\/types\/product"}],"replies":[{"embeddable":true,"href":"https:\/\/www.budream.com\/de\/wp-json\/wp\/v2\/comments?post=178984"}],"version-history":[{"count":2,"href":"https:\/\/www.budream.com\/de\/wp-json\/wp\/v2\/product\/178984\/revisions"}],"predecessor-version":[{"id":261546,"href":"https:\/\/www.budream.com\/de\/wp-json\/wp\/v2\/product\/178984\/revisions\/261546"}],"wp:featuredmedia":[{"embeddable":true,"href":"https:\/\/www.budream.com\/de\/wp-json\/wp\/v2\/media\/178973"}],"wp:attachment":[{"href":"https:\/\/www.budream.com\/de\/wp-json\/wp\/v2\/media?parent=178984"}],"wp:term":[{"taxonomy":"product_brand","embeddable":true,"href":"https:\/\/www.budream.com\/de\/wp-json\/wp\/v2\/product_brand?post=178984"},{"taxonomy":"product_cat","embeddable":true,"href":"https:\/\/www.budream.com\/de\/wp-json\/wp\/v2\/product_cat?post=178984"},{"taxonomy":"product_tag","embeddable":true,"href":"https:\/\/www.budream.com\/de\/wp-json\/wp\/v2\/product_tag?post=178984"}],"curies":[{"name":"wp","href":"https:\/\/api.w.org\/{rel}","templated":true}]}}