{"id":179064,"date":"2025-08-01T06:54:20","date_gmt":"2025-08-01T04:54:20","guid":{"rendered":"https:\/\/www.budream.com\/shop\/royal-queen-seeds-green-crack-punch-fem-usa-premium\/"},"modified":"2026-03-27T15:03:30","modified_gmt":"2026-03-27T13:03:30","slug":"royal-queen-seeds-green-crack-punch-fem-usa-premium","status":"publish","type":"product","link":"https:\/\/www.budream.com\/de\/shop\/royal-queen-seeds-green-crack-punch-fem-usa-premium\/","title":{"rendered":"ROYAL QUEEN SEEDS &#8211; GREEN CRACK PUNCH FEM (USA PREMIUM)"},"content":{"rendered":"<div style=\"text-align: justify\">Das Sprichwort &#8222;Gegens\u00e4tze ziehen sich an&#8220; ist wahr. Zumindest im Fall von Purple Punch und Green Crack. Die Purple Punch ist eine indicadominierte Sorte, w\u00e4hrend die Green Crack eine sehr energiegeladene und erhebende Sorte ist. Zusammen ergibt dieses ungleiche Paar Green Crack Punch, einen futuristischen Hybriden.<\/div>\n<p><\/p>\n<h2><strong>Eigenschaften Green Crack Punch Royal Queen Seeds:<\/strong><\/h2>\n<ul style=\"list-style-type: disc\">\n<li><strong>Gattung:<\/strong> Feminisiert<\/li>\n<li><strong>Genotyp:<\/strong> 40% Sativa \/60% Indica<\/li>\n<li><strong>Genetik:<\/strong> Green Crack x Purple Punch<\/li>\n<li><strong>Tage:<\/strong> 56-63<\/li>\n<\/ul>\n<p><\/p>\n<div style=\"text-align: justify\"><em><strong>WARNUNG:<\/strong> Hanfsamen sind vom gesetzlichen Begriff Cannabis ausgenommen, was bedeutet, dass sie nicht als Bet\u00e4ubungsmittel gelten (L. 412 von 1974, Art. 1, Absatz 1, Buchstabe B; Einheits\u00fcbereinkommen \u00fcber Bet\u00e4ubungsmittel von New York von 1961 und Tabelle II des Ministerialerlasses 27\/7\/1992). In Italien ist der Anbau von Hanf verboten (Artikel 28 und 73 des Pr\u00e4sidialdekrets 309\/90), es sei denn, es liegt eine Sondergenehmigung vor (Artikel 17 des Pr\u00e4sidialdekrets 309\/90). In Ermangelung einer solchen Genehmigung darf das Saatgut nur f\u00fcr andere Zwecke verwendet werden (zootechnische Zwecke, Sammeln usw.). Das Saatgut wird unter dem Vorbehalt verkauft, dass es nicht von Dritten im Widerspruch zu den gesetzlichen Bestimmungen verwendet wird.<\/em><\/div>\n","protected":false},"excerpt":{"rendered":"<p>\ud83c\udf3f GREEN CRACK PUNCH FEM (USA PREMIUM) von ROYAL QUEEN SEEDS \u00b7 \ud83e\uddec Sativa Dominant (60%+) \u00b7 \ud83d\udcaa THC hoch (Hoch (15\u201319\u202f%)) \u00b7 \ud83c\udfc6 Ertrag XXL.<\/p>\n","protected":false},"featured_media":179053,"comment_status":"open","ping_status":"closed","template":"","meta":[],"product_brand":[],"product_cat":[7952],"product_tag":[8511,8609,9023,10125,10126,10128,10140,10150],"class_list":{"0":"post-179064","1":"product","2":"type-product","3":"status-publish","4":"has-post-thumbnail","6":"product_cat-seedshop-de","7":"product_tag-sativa","8":"product_tag-royal-queen-seeds","9":"product_tag-green-crack-punch-fem-usa-premium","10":"product_tag-ertrag-xxl","11":"product_tag-cannabis-samen","12":"product_tag-feminisierte-samen","13":"product_tag-thc-hoch","14":"product_tag-zitrusartig","16":"first","17":"instock","18":"sale","19":"taxable","20":"shipping-taxable","21":"purchasable","22":"product-type-variable"},"_links":{"self":[{"href":"https:\/\/www.budream.com\/de\/wp-json\/wp\/v2\/product\/179064","targetHints":{"allow":["GET"]}}],"collection":[{"href":"https:\/\/www.budream.com\/de\/wp-json\/wp\/v2\/product"}],"about":[{"href":"https:\/\/www.budream.com\/de\/wp-json\/wp\/v2\/types\/product"}],"replies":[{"embeddable":true,"href":"https:\/\/www.budream.com\/de\/wp-json\/wp\/v2\/comments?post=179064"}],"version-history":[{"count":2,"href":"https:\/\/www.budream.com\/de\/wp-json\/wp\/v2\/product\/179064\/revisions"}],"predecessor-version":[{"id":261567,"href":"https:\/\/www.budream.com\/de\/wp-json\/wp\/v2\/product\/179064\/revisions\/261567"}],"wp:featuredmedia":[{"embeddable":true,"href":"https:\/\/www.budream.com\/de\/wp-json\/wp\/v2\/media\/179053"}],"wp:attachment":[{"href":"https:\/\/www.budream.com\/de\/wp-json\/wp\/v2\/media?parent=179064"}],"wp:term":[{"taxonomy":"product_brand","embeddable":true,"href":"https:\/\/www.budream.com\/de\/wp-json\/wp\/v2\/product_brand?post=179064"},{"taxonomy":"product_cat","embeddable":true,"href":"https:\/\/www.budream.com\/de\/wp-json\/wp\/v2\/product_cat?post=179064"},{"taxonomy":"product_tag","embeddable":true,"href":"https:\/\/www.budream.com\/de\/wp-json\/wp\/v2\/product_tag?post=179064"}],"curies":[{"name":"wp","href":"https:\/\/api.w.org\/{rel}","templated":true}]}}