{"id":179144,"date":"2025-08-01T06:58:49","date_gmt":"2025-08-01T04:58:49","guid":{"rendered":"https:\/\/www.budream.com\/shop\/koenigliche-koenigin-samen-nord-thunderfuck-fem-usa-premium\/"},"modified":"2026-03-27T14:59:06","modified_gmt":"2026-03-27T12:59:06","slug":"koenigliche-koenigin-samen-nord-thunderfuck-fem-usa-premium","status":"publish","type":"product","link":"https:\/\/www.budream.com\/de\/shop\/koenigliche-koenigin-samen-nord-thunderfuck-fem-usa-premium\/","title":{"rendered":"K\u00d6NIGLICHE K\u00d6NIGIN SAMEN &#8211; NORD THUNDERFUCK FEM (USA PREMIUM)"},"content":{"rendered":"<div style=\"text-align: justify\">Die urspr\u00fcngliche Alaskan Thunderfuck soll eine Kreuzung zwischen einer nordamerikanischen Sativa und einer russischen Ruderalis gewesen sein, bevor eine afghanische Sorte hinzugef\u00fcgt wurde. Die delikaten, aber raffinierten F\u00e4higkeiten der erfahrenen Z\u00fcchter von RQS haben zu ihrer eigenen pers\u00f6nlichen Interpretation gef\u00fchrt.<\/div>\n<p><\/p>\n<h2><strong>Eigenschaften North Thunderfuck Fem Royal Queen Seeds:<\/strong><\/h2>\n<ul style=\"list-style-type: disc\">\n<li><strong>Gattung:<\/strong> Feminisiert<\/li>\n<li><strong>Genotyp:<\/strong> 50% Sativa \/ 50% Indica-Hybrid<\/li>\n<li><strong>Genetik<\/strong>: Matanuska Thunderfuck Bx3<\/li>\n<li><strong>Tage:<\/strong> 56-63<\/li>\n<\/ul>\n<p><\/p>\n<div style=\"text-align: justify\"><em><strong>WARNUNG:<\/strong> Hanfsamen sind vom gesetzlichen Begriff Cannabis ausgenommen, was bedeutet, dass sie nicht als Bet\u00e4ubungsmittel gelten (L. 412 von 1974, Art. 1, Absatz 1, Buchstabe B; Einheits\u00fcbereinkommen \u00fcber Bet\u00e4ubungsmittel von New York von 1961 und Tabelle II des Ministerialerlasses 27\/7\/1992). In Italien ist der Anbau von Hanf verboten (Artikel 28 und 73 des Pr\u00e4sidialdekrets 309\/90), es sei denn, es liegt eine Sondergenehmigung vor (Artikel 17 des Pr\u00e4sidialdekrets 309\/90). In Ermangelung einer solchen Genehmigung darf das Saatgut nur f\u00fcr andere Zwecke verwendet werden (zootechnische Zwecke, Sammeln usw.). Das Saatgut wird unter dem Vorbehalt verkauft, dass es nicht von Dritten im Widerspruch zu den gesetzlichen Bestimmungen verwendet wird.<\/em><\/div>\n","protected":false},"excerpt":{"rendered":"<p>\ud83c\udf3f NORD THUNDERFUCK FEM (USA PREMIUM) von ROYAL QUEEN SEEDS \u00b7 \ud83e\uddec Indica \/ Sativa \u00b7 \ud83d\udd25 THC sehr hoch (Sehr hoch (20\u202f%+)) \u00b7 \ud83d\udce6 Ertrag XL.<\/p>\n","protected":false},"featured_media":179133,"comment_status":"open","ping_status":"closed","template":"","meta":[],"product_brand":[],"product_cat":[7952],"product_tag":[8510,8511,8609,9931,10124,10126,10127,10128,10352],"class_list":{"0":"post-179144","1":"product","2":"type-product","3":"status-publish","4":"has-post-thumbnail","6":"product_cat-seedshop-de","7":"product_tag-indica","8":"product_tag-sativa","9":"product_tag-royal-queen-seeds","10":"product_tag-hybrid","11":"product_tag-thc-sehr-hoch","12":"product_tag-cannabis-samen","13":"product_tag-scharf","14":"product_tag-feminisierte-samen","15":"product_tag-nord-thunderfuck-fem-usa-premium","17":"first","18":"instock","19":"sale","20":"taxable","21":"shipping-taxable","22":"purchasable","23":"product-type-variable"},"_links":{"self":[{"href":"https:\/\/www.budream.com\/de\/wp-json\/wp\/v2\/product\/179144","targetHints":{"allow":["GET"]}}],"collection":[{"href":"https:\/\/www.budream.com\/de\/wp-json\/wp\/v2\/product"}],"about":[{"href":"https:\/\/www.budream.com\/de\/wp-json\/wp\/v2\/types\/product"}],"replies":[{"embeddable":true,"href":"https:\/\/www.budream.com\/de\/wp-json\/wp\/v2\/comments?post=179144"}],"version-history":[{"count":2,"href":"https:\/\/www.budream.com\/de\/wp-json\/wp\/v2\/product\/179144\/revisions"}],"predecessor-version":[{"id":260636,"href":"https:\/\/www.budream.com\/de\/wp-json\/wp\/v2\/product\/179144\/revisions\/260636"}],"wp:featuredmedia":[{"embeddable":true,"href":"https:\/\/www.budream.com\/de\/wp-json\/wp\/v2\/media\/179133"}],"wp:attachment":[{"href":"https:\/\/www.budream.com\/de\/wp-json\/wp\/v2\/media?parent=179144"}],"wp:term":[{"taxonomy":"product_brand","embeddable":true,"href":"https:\/\/www.budream.com\/de\/wp-json\/wp\/v2\/product_brand?post=179144"},{"taxonomy":"product_cat","embeddable":true,"href":"https:\/\/www.budream.com\/de\/wp-json\/wp\/v2\/product_cat?post=179144"},{"taxonomy":"product_tag","embeddable":true,"href":"https:\/\/www.budream.com\/de\/wp-json\/wp\/v2\/product_tag?post=179144"}],"curies":[{"name":"wp","href":"https:\/\/api.w.org\/{rel}","templated":true}]}}