{"id":179184,"date":"2025-08-01T07:02:14","date_gmt":"2025-08-01T05:02:14","guid":{"rendered":"https:\/\/www.budream.com\/shop\/suesse-samen-red-hot-cookies-fem-swrhcp3\/"},"modified":"2026-03-24T22:41:13","modified_gmt":"2026-03-24T20:41:13","slug":"suesse-samen-red-hot-cookies-fem-swrhcp3","status":"publish","type":"product","link":"https:\/\/www.budream.com\/de\/shop\/suesse-samen-red-hot-cookies-fem-swrhcp3\/","title":{"rendered":"S\u00dcSSE SAMEN &#8211; RED HOT COOKIES\u00ae FEM (SWRHCP3)"},"content":{"rendered":"<div style=\"text-align: justify\">Sorte aus der Kreuzung eines Elite-Klons von Tropicanna Cookies (Girl Scout Cookies x Tangie) mit einem Elite-Klon von Tangie.<\/p>\n<\/div>\n<h2><strong>Merkmale Red Hot Cookies&reg; Fem:<\/strong><\/h2>\n<ul style=\"list-style-type: disc\">\n<li><strong>Gattung:<\/strong> Hybrid Feminisiert<\/li>\n<li><strong>Genotyp<\/strong>: Hybrid: Indica: 40% \/ Sativa: 60%<\/li>\n<li><strong>Genetik:<\/strong> Tropicanna Cookies (Girl Scout Cookies x Tangie) x Elite-Klon von Tangie<\/li>\n<li>Tage<strong>:<\/strong> 56 Tage<\/li>\n<\/ul>\n<p><\/p>\n<div style=\"text-align: justify\"><span style=\"font-size: 11pt\"><em><strong>ACHTUNG:<\/strong> Hanfsamen sind vom gesetzlichen Begriff Cannabis ausgenommen, was bedeutet, dass sie nicht als Bet\u00e4ubungsmittel gelten (L. 412 von 1974, Art. 1, Komma 1, Buchstabe B; Einheits\u00fcbereinkommen \u00fcber Bet\u00e4ubungsmittel von New York von 1961 und Tabelle II des Ministerialerlasses vom 27.7.1992). In Italien ist der Anbau von Hanf verboten (Artikel 28 und 73 des Pr\u00e4sidialdekrets 309\/90), es sei denn, es liegt eine Sondergenehmigung vor (Artikel 17 des Pr\u00e4sidialdekrets 309\/90). In Ermangelung einer solchen Genehmigung darf das Saatgut nur f\u00fcr andere Zwecke verwendet werden (zootechnische Zwecke, Sammeln usw.). Das Saatgut wird unter dem Vorbehalt verkauft, dass es nicht von Dritten im Widerspruch zu den gesetzlichen Bestimmungen verwendet wird.<\/em><\/span><\/div>\n","protected":false},"excerpt":{"rendered":"<p>\ud83c\udf3f RED HOT COOKIES\u00ae FEM (SWRHCP3) von SWEET SEEDS \u00b7 \ud83e\uddec Sativa Dominant (60%+) \u00b7 \ud83d\udd25 THC sehr hoch (Sehr hoch (20\u202f%+)) \u00b7 \ud83d\udce6 Ertrag XL.<\/p>\n","protected":false},"featured_media":179173,"comment_status":"open","ping_status":"closed","template":"","meta":[],"product_brand":[],"product_cat":[7952],"product_tag":[10171,8511,8543,9026,10124,10126,10128],"class_list":{"0":"post-179184","1":"product","2":"type-product","3":"status-publish","4":"has-post-thumbnail","6":"product_cat-seedshop-de","7":"product_tag-suess-fruchtig","8":"product_tag-sativa","9":"product_tag-sweet-seeds","10":"product_tag-red-hot-cookies-fem-swrhcp3","11":"product_tag-thc-sehr-hoch","12":"product_tag-cannabis-samen","13":"product_tag-feminisierte-samen","15":"first","16":"instock","17":"sale","18":"taxable","19":"shipping-taxable","20":"purchasable","21":"product-type-variable"},"_links":{"self":[{"href":"https:\/\/www.budream.com\/de\/wp-json\/wp\/v2\/product\/179184","targetHints":{"allow":["GET"]}}],"collection":[{"href":"https:\/\/www.budream.com\/de\/wp-json\/wp\/v2\/product"}],"about":[{"href":"https:\/\/www.budream.com\/de\/wp-json\/wp\/v2\/types\/product"}],"replies":[{"embeddable":true,"href":"https:\/\/www.budream.com\/de\/wp-json\/wp\/v2\/comments?post=179184"}],"version-history":[{"count":2,"href":"https:\/\/www.budream.com\/de\/wp-json\/wp\/v2\/product\/179184\/revisions"}],"predecessor-version":[{"id":260352,"href":"https:\/\/www.budream.com\/de\/wp-json\/wp\/v2\/product\/179184\/revisions\/260352"}],"wp:featuredmedia":[{"embeddable":true,"href":"https:\/\/www.budream.com\/de\/wp-json\/wp\/v2\/media\/179173"}],"wp:attachment":[{"href":"https:\/\/www.budream.com\/de\/wp-json\/wp\/v2\/media?parent=179184"}],"wp:term":[{"taxonomy":"product_brand","embeddable":true,"href":"https:\/\/www.budream.com\/de\/wp-json\/wp\/v2\/product_brand?post=179184"},{"taxonomy":"product_cat","embeddable":true,"href":"https:\/\/www.budream.com\/de\/wp-json\/wp\/v2\/product_cat?post=179184"},{"taxonomy":"product_tag","embeddable":true,"href":"https:\/\/www.budream.com\/de\/wp-json\/wp\/v2\/product_tag?post=179184"}],"curies":[{"name":"wp","href":"https:\/\/api.w.org\/{rel}","templated":true}]}}