{"id":179214,"date":"2025-08-01T07:03:51","date_gmt":"2025-08-01T05:03:51","guid":{"rendered":"https:\/\/www.budream.com\/shop\/suesse-samen-rote-mimose-xl-auto-fem-sws104\/"},"modified":"2026-03-24T22:21:58","modified_gmt":"2026-03-24T20:21:58","slug":"suesse-samen-rote-mimose-xl-auto-fem-sws104","status":"publish","type":"product","link":"https:\/\/www.budream.com\/de\/shop\/suesse-samen-rote-mimose-xl-auto-fem-sws104\/","title":{"rendered":"S\u00dcSSE SAMEN &#8211; ROTE MIMOSE XL AUTO\u00ae FEM (SWS104)"},"content":{"rendered":"<div id=\"ficha_imagen\">\n<p style=\"text-align: justify\">Feminisierte, rot bl\u00fchende autoflowering Version unserer Sweet Mimosa XL Auto&reg; (SWS94). Diese Sorte ist das Ergebnis der Hybridisierung und anschlie\u00dfenden Stabilisierung zwischen ausgew\u00e4hlten St\u00e4mmen unserer Sweet Mimosa XL Auto&reg; und unserer rot bl\u00fchenden autoflowering Red Strawberry Banana Auto&reg; (SWS90).<\/p>\n<\/div>\n<h2><strong>Eigenschaften Red Mimosa XL Auto Fem<\/strong><\/h2>\n<ul style=\"list-style-type: disc\">\n<li><strong>Gattung: <\/strong>Autoflowering Feminisiert<\/li>\n<li><strong>Genotyp<\/strong>: Hybrid: 60% Indica\/ 40% Sativa<\/li>\n<li><strong>Genetik: <\/strong>Sweet Mimosa XL Auto&reg; (SWS94) x Red Strawberry Banana Auto&reg; (SWS90)<\/li>\n<li>Tage<strong>:<\/strong> 56 Tage<\/li>\n<\/ul>\n<p><\/p>\n<div style=\"text-align: justify\"><span style=\"font-size: 11pt\"><em><strong>ACHTUNG:<\/strong> Hanfsamen fallen nicht unter den Rechtsbegriff Cannabis, was bedeutet, dass sie nicht als Bet\u00e4ubungsmittel gelten (L. 412 von 1974, Art. 1, Absatz 1, Buchstabe B; Einheits\u00fcbereinkommen \u00fcber Suchtstoffe von New York von 1961 und Tabelle II des Ministerialdekrets vom 27.7.1992). In Italien ist der Anbau von Hanf verboten (Artikel 28 und 73 des Pr\u00e4sidialdekrets 309\/90), es sei denn, es liegt eine Sondergenehmigung vor (Artikel 17 des Pr\u00e4sidialdekrets 309\/90). In Ermangelung einer solchen Genehmigung darf das Saatgut nur f\u00fcr andere Zwecke verwendet werden (zootechnische Zwecke, Sammeln usw.). Das Saatgut wird unter dem Vorbehalt verkauft, dass es nicht von Dritten im Widerspruch zu den gesetzlichen Bestimmungen verwendet wird.<\/em><\/span><\/div>\n","protected":false},"excerpt":{"rendered":"<p>\ud83c\udf3f ROTE MIMOSE XL AUTO\u00ae FEM (SWS104) von SWEET SEEDS \u00b7 \ud83e\uddec Indica Dominant (60%+) \u00b7 \ud83d\udd25 THC sehr hoch (Sehr hoch (20\u202f%+)).<\/p>\n","protected":false},"featured_media":179208,"comment_status":"open","ping_status":"closed","template":"","meta":[],"product_brand":[],"product_cat":[7952],"product_tag":[10126,10128,10171,10353,8510,8543,10124],"class_list":{"0":"post-179214","1":"product","2":"type-product","3":"status-publish","4":"has-post-thumbnail","6":"product_cat-seedshop-de","7":"product_tag-cannabis-samen","8":"product_tag-feminisierte-samen","9":"product_tag-suess-fruchtig","10":"product_tag-rote-mimose-xl-auto-fem-sws104","11":"product_tag-indica","12":"product_tag-sweet-seeds","13":"product_tag-thc-sehr-hoch","15":"first","16":"instock","17":"sale","18":"taxable","19":"shipping-taxable","20":"purchasable","21":"product-type-variable"},"_links":{"self":[{"href":"https:\/\/www.budream.com\/de\/wp-json\/wp\/v2\/product\/179214","targetHints":{"allow":["GET"]}}],"collection":[{"href":"https:\/\/www.budream.com\/de\/wp-json\/wp\/v2\/product"}],"about":[{"href":"https:\/\/www.budream.com\/de\/wp-json\/wp\/v2\/types\/product"}],"replies":[{"embeddable":true,"href":"https:\/\/www.budream.com\/de\/wp-json\/wp\/v2\/comments?post=179214"}],"version-history":[{"count":2,"href":"https:\/\/www.budream.com\/de\/wp-json\/wp\/v2\/product\/179214\/revisions"}],"predecessor-version":[{"id":260056,"href":"https:\/\/www.budream.com\/de\/wp-json\/wp\/v2\/product\/179214\/revisions\/260056"}],"wp:featuredmedia":[{"embeddable":true,"href":"https:\/\/www.budream.com\/de\/wp-json\/wp\/v2\/media\/179208"}],"wp:attachment":[{"href":"https:\/\/www.budream.com\/de\/wp-json\/wp\/v2\/media?parent=179214"}],"wp:term":[{"taxonomy":"product_brand","embeddable":true,"href":"https:\/\/www.budream.com\/de\/wp-json\/wp\/v2\/product_brand?post=179214"},{"taxonomy":"product_cat","embeddable":true,"href":"https:\/\/www.budream.com\/de\/wp-json\/wp\/v2\/product_cat?post=179214"},{"taxonomy":"product_tag","embeddable":true,"href":"https:\/\/www.budream.com\/de\/wp-json\/wp\/v2\/product_tag?post=179214"}],"curies":[{"name":"wp","href":"https:\/\/api.w.org\/{rel}","templated":true}]}}