{"id":179249,"date":"2025-08-01T07:05:30","date_gmt":"2025-08-01T05:05:30","guid":{"rendered":"https:\/\/www.budream.com\/shop\/suesse-samen-rot-rein-auto-cbd-fem-swrpacp3\/"},"modified":"2026-03-21T20:47:46","modified_gmt":"2026-03-21T18:47:46","slug":"suesse-samen-rot-rein-auto-cbd-fem-swrpacp3","status":"publish","type":"product","link":"https:\/\/www.budream.com\/de\/shop\/suesse-samen-rot-rein-auto-cbd-fem-swrpacp3\/","title":{"rendered":"S\u00dcSSE SAMEN &#8211; ROT REIN AUTO CBD\u00ae FEM (SWRPACP3)"},"content":{"rendered":"<p><strong>ROT REIN AUTO CBD\u00ae FEM (SWRPACP3)<\/strong> ist ein Indica-dominanter Hybrid, der k\u00f6rperliche Entspannung mit reichlich Ertr\u00e4gen verbindet von SWEET SEEDS. Verf\u00fcgbar in Packungen mit 100 Samen feminisiert. Mit einem THC-Gehalt von Sehr niedrig (0\u20134\u202f%) und CBD Hoch (6\u202f%+), diese Pflanze richtet sich an diejenigen, die ein therapeutisches Profil bevorzugen. Im Anbau, bl\u00fcht schnell in 7-9 Wochen und bietet durchschnittliche Ertr\u00e4ge. In der Nase und am Gaumen zeichnet sich sein \ud83c\udf3f Erdiger-Aroma aus.<\/p>\n","protected":false},"excerpt":{"rendered":"<p>\ud83c\udf3f ROT REIN AUTO CBD\u00ae FEM (SWRPACP3) von SWEET SEEDS \u00b7 \ud83e\uddec Indica Dominant (60%+).<\/p>\n","protected":false},"featured_media":179238,"comment_status":"open","ping_status":"closed","template":"","meta":[],"product_brand":[],"product_cat":[7952],"product_tag":[10128,10147,10354,8510,8543,10126],"class_list":{"0":"post-179249","1":"product","2":"type-product","3":"status-publish","4":"has-post-thumbnail","6":"product_cat-seedshop-de","7":"product_tag-feminisierte-samen","8":"product_tag-erdiger","9":"product_tag-rot-rein-auto-cbd-fem-swrpacp3","10":"product_tag-indica","11":"product_tag-sweet-seeds","12":"product_tag-cannabis-samen","14":"first","15":"instock","16":"sale","17":"taxable","18":"shipping-taxable","19":"purchasable","20":"product-type-variable"},"_links":{"self":[{"href":"https:\/\/www.budream.com\/de\/wp-json\/wp\/v2\/product\/179249","targetHints":{"allow":["GET"]}}],"collection":[{"href":"https:\/\/www.budream.com\/de\/wp-json\/wp\/v2\/product"}],"about":[{"href":"https:\/\/www.budream.com\/de\/wp-json\/wp\/v2\/types\/product"}],"replies":[{"embeddable":true,"href":"https:\/\/www.budream.com\/de\/wp-json\/wp\/v2\/comments?post=179249"}],"version-history":[{"count":1,"href":"https:\/\/www.budream.com\/de\/wp-json\/wp\/v2\/product\/179249\/revisions"}],"predecessor-version":[{"id":259192,"href":"https:\/\/www.budream.com\/de\/wp-json\/wp\/v2\/product\/179249\/revisions\/259192"}],"wp:featuredmedia":[{"embeddable":true,"href":"https:\/\/www.budream.com\/de\/wp-json\/wp\/v2\/media\/179238"}],"wp:attachment":[{"href":"https:\/\/www.budream.com\/de\/wp-json\/wp\/v2\/media?parent=179249"}],"wp:term":[{"taxonomy":"product_brand","embeddable":true,"href":"https:\/\/www.budream.com\/de\/wp-json\/wp\/v2\/product_brand?post=179249"},{"taxonomy":"product_cat","embeddable":true,"href":"https:\/\/www.budream.com\/de\/wp-json\/wp\/v2\/product_cat?post=179249"},{"taxonomy":"product_tag","embeddable":true,"href":"https:\/\/www.budream.com\/de\/wp-json\/wp\/v2\/product_tag?post=179249"}],"curies":[{"name":"wp","href":"https:\/\/api.w.org\/{rel}","templated":true}]}}