{"id":179279,"date":"2025-08-01T07:07:08","date_gmt":"2025-08-01T05:07:08","guid":{"rendered":"https:\/\/www.budream.com\/shop\/suesse-samen-erdbeere-cola-sorbet-f1-schnelle-version-fem-sws106\/"},"modified":"2026-04-28T16:31:37","modified_gmt":"2026-04-28T14:31:37","slug":"suesse-samen-erdbeere-cola-sorbet-f1-schnelle-version-fem-sws106","status":"publish","type":"product","link":"https:\/\/www.budream.com\/de\/shop\/suesse-samen-erdbeere-cola-sorbet-f1-schnelle-version-fem-sws106\/","title":{"rendered":"S\u00dcSSE SAMEN &#8211; ERDBEERE COLA SORBET F1 SCHNELLE VERSION\u00ae FEM (SWS106)"},"content":{"rendered":"<div style=\"text-align: justify\">Feminisierte, photoperiodenabh\u00e4ngige Genetik mit ultraschneller Bl\u00fcte und roter Bl\u00fcte. Nachkommen der ersten Generation (F1), die aus einer Kreuzung zwischen einem elit\u00e4ren, photoperiodenabh\u00e4ngigen Klon der ber\u00fchmten kalifornischen Sorte Sunset Sherbet und einer ausgew\u00e4hlten autoflowering Sorte Strawberry Cola Auto hervorgegangen sind.<\/div>\n<p><\/p>\n<h2><strong>Sweet Strawberry Cola Sherbet F1 Fast Version&reg; Fem (SWS106):<\/strong><\/h2>\n<ul style=\"list-style-type: disc\">\n<li><strong>Gattung:<\/strong> Hybrid Feminisiert<\/li>\n<li><strong>Genotyp<\/strong>: Hybrid: Indica: 80% \/ Sativa: 20%<\/li>\n<li><strong>Genetik:<\/strong> Sunset Sherbet Elite-Klon x Strawberry Cola Auto<\/li>\n<li>Tage<strong>:<\/strong> 49 Tage<\/li>\n<\/ul>\n<p><\/p>\n<div style=\"text-align: justify\"><span style=\"font-size: 11pt\"><em><strong>WARNUNG:<\/strong> Hanfsamen sind vom gesetzlichen Begriff Cannabis ausgenommen, was bedeutet, dass sie nicht als Bet\u00e4ubungsmittel gelten (L. 412 von 1974, Art. 1, Absatz 1, Buchstabe B; Einheits\u00fcbereinkommen \u00fcber Bet\u00e4ubungsmittel von New York von 1961 und Tabelle II des Ministerialerlasses 27\/7\/1992). In Italien ist der Anbau von Hanf verboten (Artikel 28 und 73 des Pr\u00e4sidialdekrets 309\/90), es sei denn, es liegt eine Sondergenehmigung vor (Artikel 17 des Pr\u00e4sidialdekrets 309\/90). In Ermangelung einer solchen Genehmigung darf das Saatgut nur f\u00fcr andere Zwecke verwendet werden (zootechnische Zwecke, Sammeln usw.). Das Saatgut wird unter dem Vorbehalt verkauft, dass es nicht von Dritten im Widerspruch zu den gesetzlichen Bestimmungen verwendet wird.<\/em><\/span><\/div>\n","protected":false},"excerpt":{"rendered":"<p>\ud83c\udf3f ERDBEERE COLA SORBET F1 SCHNELLE VERSION\u00ae FEM (SWS106) von SWEET SEEDS \u00b7 \ud83e\uddec Indica Dominant (60%+) \u00b7 \ud83d\udd25 THC sehr hoch (Sehr hoch (20\u202f%+)) \u00b7 \ud83d\udce6 Ertrag XL.<\/p>\n","protected":false},"featured_media":179273,"comment_status":"open","ping_status":"closed","template":"","meta":[],"product_brand":[],"product_cat":[7952],"product_tag":[8543,10124,10126,10128,10147,10355,8510],"class_list":{"0":"post-179279","1":"product","2":"type-product","3":"status-publish","4":"has-post-thumbnail","6":"product_cat-seedshop-de","7":"product_tag-sweet-seeds","8":"product_tag-thc-sehr-hoch","9":"product_tag-cannabis-samen","10":"product_tag-feminisierte-samen","11":"product_tag-erdiger","12":"product_tag-erdbeere-cola-sorbet-f1-schnelle-version-fem-sws106","13":"product_tag-indica","15":"first","16":"instock","17":"sale","18":"taxable","19":"shipping-taxable","20":"purchasable","21":"product-type-variable"},"_links":{"self":[{"href":"https:\/\/www.budream.com\/de\/wp-json\/wp\/v2\/product\/179279","targetHints":{"allow":["GET"]}}],"collection":[{"href":"https:\/\/www.budream.com\/de\/wp-json\/wp\/v2\/product"}],"about":[{"href":"https:\/\/www.budream.com\/de\/wp-json\/wp\/v2\/types\/product"}],"replies":[{"embeddable":true,"href":"https:\/\/www.budream.com\/de\/wp-json\/wp\/v2\/comments?post=179279"}],"version-history":[{"count":2,"href":"https:\/\/www.budream.com\/de\/wp-json\/wp\/v2\/product\/179279\/revisions"}],"predecessor-version":[{"id":259938,"href":"https:\/\/www.budream.com\/de\/wp-json\/wp\/v2\/product\/179279\/revisions\/259938"}],"wp:featuredmedia":[{"embeddable":true,"href":"https:\/\/www.budream.com\/de\/wp-json\/wp\/v2\/media\/179273"}],"wp:attachment":[{"href":"https:\/\/www.budream.com\/de\/wp-json\/wp\/v2\/media?parent=179279"}],"wp:term":[{"taxonomy":"product_brand","embeddable":true,"href":"https:\/\/www.budream.com\/de\/wp-json\/wp\/v2\/product_brand?post=179279"},{"taxonomy":"product_cat","embeddable":true,"href":"https:\/\/www.budream.com\/de\/wp-json\/wp\/v2\/product_cat?post=179279"},{"taxonomy":"product_tag","embeddable":true,"href":"https:\/\/www.budream.com\/de\/wp-json\/wp\/v2\/product_tag?post=179279"}],"curies":[{"name":"wp","href":"https:\/\/api.w.org\/{rel}","templated":true}]}}