{"id":179314,"date":"2025-08-01T07:08:45","date_gmt":"2025-08-01T05:08:45","guid":{"rendered":"https:\/\/www.budream.com\/shop\/suesse-samen-tropicanna-poison-xl-auto-fem-sws95\/"},"modified":"2026-03-26T18:21:12","modified_gmt":"2026-03-26T16:21:12","slug":"suesse-samen-tropicanna-poison-xl-auto-fem-sws95","status":"publish","type":"product","link":"https:\/\/www.budream.com\/de\/shop\/suesse-samen-tropicanna-poison-xl-auto-fem-sws95\/","title":{"rendered":"S\u00dcSSE SAMEN &#8211; TROPICANNA POISON XL AUTO\u00ae FEM (SWS95)"},"content":{"rendered":"<div id=\"ficha_imagen\">\n<p style=\"text-align: justify\">Autoflowering, feminisierte, rot bl\u00fchende Version unserer Tropicanna Poison F1 Fast Version&reg; (SWS85). Enth\u00e4lt die Genetik einer der popul\u00e4rsten &#8218;Super Strong&#8216; Cookies-Familiensorten der USA, Tropicanna Cookies (Girl Scout Cookies x Tangie).<\/p>\n<\/div>\n<h2><strong>Eigenschaften Tropicanna Poison XL Auto Fem<\/strong><\/h2>\n<ul style=\"list-style-type: disc\">\n<li><strong>Gattung: <\/strong>Autoflowering Feminisiert<\/li>\n<li><strong>Genotyp<\/strong>: Hybrid: Indica\/Sativa\/Ruderalis<\/li>\n<li><strong>Genetik <\/strong>: Tropicanna Poison F1 Fast Version&reg; (SWS85) x Ruderalis<\/li>\n<li>Tage<strong>:<\/strong> 56 Tage<\/li>\n<\/ul>\n<p><\/p>\n<div style=\"text-align: justify\"><span style=\"font-size: 11pt\"><em><strong>WARNUNG:<\/strong> Hanfsamen sind vom gesetzlichen Begriff Cannabis ausgenommen, was bedeutet, dass sie nicht als Bet\u00e4ubungsmittel gelten (L. 412 von 1974, Art. 1, Absatz 1, Buchstabe B; Einheits\u00fcbereinkommen \u00fcber Bet\u00e4ubungsmittel von New York von 1961 und Tabelle II des Ministerialerlasses 27\/7\/1992). In Italien ist der Anbau von Hanf verboten (Artikel 28 und 73 des Pr\u00e4sidialdekrets 309\/90), es sei denn, es liegt eine Sondergenehmigung vor (Artikel 17 des Pr\u00e4sidialdekrets 309\/90). In Ermangelung einer solchen Genehmigung darf das Saatgut nur f\u00fcr andere Zwecke verwendet werden (zootechnische Zwecke, Sammeln usw.). Das Saatgut wird unter dem Vorbehalt verkauft, dass es nicht von Dritten im Widerspruch zu den gesetzlichen Bestimmungen verwendet wird.<\/em><\/span><\/div>\n","protected":false},"excerpt":{"rendered":"<p>\ud83c\udf3f TROPICANNA POISON XL AUTO\u00ae FEM (SWS95) von SWEET SEEDS \u00b7 \ud83e\uddec Indica Dominant (60%+) \u00b7 \ud83d\udd25 THC sehr hoch (Sehr hoch (20\u202f%+)).<\/p>\n","protected":false},"featured_media":179303,"comment_status":"open","ping_status":"closed","template":"","meta":[],"product_brand":[],"product_cat":[7952],"product_tag":[10126,10147,10128,8510,8543,10124,9030],"class_list":{"0":"post-179314","1":"product","2":"type-product","3":"status-publish","4":"has-post-thumbnail","6":"product_cat-seedshop-de","7":"product_tag-cannabis-samen","8":"product_tag-erdiger","9":"product_tag-feminisierte-samen","10":"product_tag-indica","11":"product_tag-sweet-seeds","12":"product_tag-thc-sehr-hoch","13":"product_tag-tropicanna-poison-xl-auto-fem-sws95","15":"first","16":"instock","17":"taxable","18":"shipping-taxable","19":"purchasable","20":"product-type-variable"},"aioseo_notices":[],"_links":{"self":[{"href":"https:\/\/www.budream.com\/de\/wp-json\/wp\/v2\/product\/179314","targetHints":{"allow":["GET"]}}],"collection":[{"href":"https:\/\/www.budream.com\/de\/wp-json\/wp\/v2\/product"}],"about":[{"href":"https:\/\/www.budream.com\/de\/wp-json\/wp\/v2\/types\/product"}],"replies":[{"embeddable":true,"href":"https:\/\/www.budream.com\/de\/wp-json\/wp\/v2\/comments?post=179314"}],"version-history":[{"count":2,"href":"https:\/\/www.budream.com\/de\/wp-json\/wp\/v2\/product\/179314\/revisions"}],"predecessor-version":[{"id":260269,"href":"https:\/\/www.budream.com\/de\/wp-json\/wp\/v2\/product\/179314\/revisions\/260269"}],"wp:featuredmedia":[{"embeddable":true,"href":"https:\/\/www.budream.com\/de\/wp-json\/wp\/v2\/media\/179303"}],"wp:attachment":[{"href":"https:\/\/www.budream.com\/de\/wp-json\/wp\/v2\/media?parent=179314"}],"wp:term":[{"taxonomy":"product_brand","embeddable":true,"href":"https:\/\/www.budream.com\/de\/wp-json\/wp\/v2\/product_brand?post=179314"},{"taxonomy":"product_cat","embeddable":true,"href":"https:\/\/www.budream.com\/de\/wp-json\/wp\/v2\/product_cat?post=179314"},{"taxonomy":"product_tag","embeddable":true,"href":"https:\/\/www.budream.com\/de\/wp-json\/wp\/v2\/product_tag?post=179314"}],"curies":[{"name":"wp","href":"https:\/\/api.w.org\/{rel}","templated":true}]}}