{"id":179349,"date":"2025-08-01T07:10:22","date_gmt":"2025-08-01T05:10:22","guid":{"rendered":"https:\/\/www.budream.com\/shop\/suesse-samen-killer-kush-auto-fem-sws56\/"},"modified":"2026-03-30T11:56:02","modified_gmt":"2026-03-30T09:56:02","slug":"suesse-samen-killer-kush-auto-fem-sws56","status":"publish","type":"product","link":"https:\/\/www.budream.com\/de\/shop\/suesse-samen-killer-kush-auto-fem-sws56\/","title":{"rendered":"S\u00dcSSE SAMEN &#8211; KILLER KUSH AUTO\u00ae FEM (SWS56)"},"content":{"rendered":"<div style=\"text-align: justify\">Eine autoflowering Sorte der 4. Generation einer der ber\u00fchmtesten Genetiken an der Westk\u00fcste der USA, die um das Jahr 1994 in Sunset Beach in S\u00fcdkalifornien entstand, Ocean Grow Kush, besser bekannt als OG Kush.Variet\u00e4t, die aus der Kreuzung zwischen zwei Elite-Klonen von Amnesia Haze entstand. Killer Kush Auto (SWS56) ist das Ergebnis der Kreuzung einer ausgew\u00e4hlten autoflowering Sorte der 3. Generation, haupts\u00e4chlich Indica, mit einem Elite-Klon von OG Kush.<\/div>\n<p><\/p>\n<h2><strong>Eigenschaften Killer Kush Auto&reg; Fem:<\/strong><\/h2>\n<ul style=\"list-style-type: disc\">\n<li><strong>Gattung:<\/strong> Autoflowering Feminisierter Hybrid<\/li>\n<li><strong>Genotyp<\/strong>: Hybrid: Indica: 63% \/ Sativa: 35,4% \/ Ruderalis: 1,6%<\/li>\n<li><strong>Genetik:<\/strong> Autoflowering 3. Generation \u00fcberwiegend Indica x Elite-Klon von OG Kush<\/li>\n<li>Tage<strong>:<\/strong> 56 Tage<\/li>\n<\/ul>\n<p><\/p>\n<div style=\"text-align: justify\"><span style=\"font-size: 11pt\"><em><strong>WARNUNG:<\/strong> Hanfsamen sind vom gesetzlichen Begriff Cannabis ausgenommen, was bedeutet, dass sie nicht als Bet\u00e4ubungsmittel gelten (L. 412 von 1974, Art. 1, Komma 1, Buchstabe B; Einheits\u00fcbereinkommen \u00fcber Bet\u00e4ubungsmittel von New York von 1961 und Tabelle II des Ministerialerlasses 27\/7\/1992). In Italien ist der Anbau von Hanf verboten (Artikel 28 und 73 des Pr\u00e4sidialdekrets 309\/90), es sei denn, es liegt eine Sondergenehmigung vor (Artikel 17 des Pr\u00e4sidialdekrets 309\/90). In Ermangelung einer solchen Genehmigung darf das Saatgut nur f\u00fcr andere Zwecke verwendet werden (zootechnische Zwecke, Sammeln usw.). Das Saatgut wird unter dem Vorbehalt verkauft, dass es nicht von Dritten im Widerspruch zu den gesetzlichen Bestimmungen verwendet wird.<\/em><\/span><\/div>\n","protected":false},"excerpt":{"rendered":"<p>\ud83c\udf3f KILLER KUSH AUTO\u00ae FEM (SWS56) von SWEET SEEDS \u00b7 \ud83e\uddec Indica Dominant (60%+) \u00b7 \ud83d\udcaa THC hoch (Hoch (15\u201319\u202f%)).<\/p>\n","protected":false},"featured_media":179338,"comment_status":"open","ping_status":"closed","template":"","meta":[],"product_brand":[],"product_cat":[7952],"product_tag":[10126,10128,8510,9031,10127,8543,10140],"class_list":{"0":"post-179349","1":"product","2":"type-product","3":"status-publish","4":"has-post-thumbnail","6":"product_cat-seedshop-de","7":"product_tag-cannabis-samen","8":"product_tag-feminisierte-samen","9":"product_tag-indica","10":"product_tag-killer-kush-auto-fem-sws56","11":"product_tag-scharf","12":"product_tag-sweet-seeds","13":"product_tag-thc-hoch","15":"first","16":"instock","17":"taxable","18":"shipping-taxable","19":"purchasable","20":"product-type-variable"},"aioseo_notices":[],"_links":{"self":[{"href":"https:\/\/www.budream.com\/de\/wp-json\/wp\/v2\/product\/179349","targetHints":{"allow":["GET"]}}],"collection":[{"href":"https:\/\/www.budream.com\/de\/wp-json\/wp\/v2\/product"}],"about":[{"href":"https:\/\/www.budream.com\/de\/wp-json\/wp\/v2\/types\/product"}],"replies":[{"embeddable":true,"href":"https:\/\/www.budream.com\/de\/wp-json\/wp\/v2\/comments?post=179349"}],"version-history":[{"count":2,"href":"https:\/\/www.budream.com\/de\/wp-json\/wp\/v2\/product\/179349\/revisions"}],"predecessor-version":[{"id":259908,"href":"https:\/\/www.budream.com\/de\/wp-json\/wp\/v2\/product\/179349\/revisions\/259908"}],"wp:featuredmedia":[{"embeddable":true,"href":"https:\/\/www.budream.com\/de\/wp-json\/wp\/v2\/media\/179338"}],"wp:attachment":[{"href":"https:\/\/www.budream.com\/de\/wp-json\/wp\/v2\/media?parent=179349"}],"wp:term":[{"taxonomy":"product_brand","embeddable":true,"href":"https:\/\/www.budream.com\/de\/wp-json\/wp\/v2\/product_brand?post=179349"},{"taxonomy":"product_cat","embeddable":true,"href":"https:\/\/www.budream.com\/de\/wp-json\/wp\/v2\/product_cat?post=179349"},{"taxonomy":"product_tag","embeddable":true,"href":"https:\/\/www.budream.com\/de\/wp-json\/wp\/v2\/product_tag?post=179349"}],"curies":[{"name":"wp","href":"https:\/\/api.w.org\/{rel}","templated":true}]}}