{"id":179384,"date":"2025-08-01T07:11:55","date_gmt":"2025-08-01T05:11:55","guid":{"rendered":"https:\/\/www.budream.com\/shop\/suesse-samen-suesse-mimose-xl-auto-fem-sws94\/"},"modified":"2026-03-21T20:48:56","modified_gmt":"2026-03-21T18:48:56","slug":"suesse-samen-suesse-mimose-xl-auto-fem-sws94","status":"publish","type":"product","link":"https:\/\/www.budream.com\/de\/shop\/suesse-samen-suesse-mimose-xl-auto-fem-sws94\/","title":{"rendered":"S\u00dcSSE SAMEN &#8211; S\u00dcSSE MIMOSE XL AUTO\u00ae FEM (SWS94)"},"content":{"rendered":"<p><strong>S\u00dcSSE MIMOSE XL AUTO\u00ae FEM (SWS94)<\/strong> ist ein ausgewogener Hybrid zwischen Indica und Sativa, vielseitig und f\u00fcr jede Gelegenheit geeignet von SWEET SEEDS. Verf\u00fcgbar in Packungen mit 100 Samen feminisiert. Mit sehr hohem THC-Gehalt (Sehr hoch (20\u202f%+)), diese Pflanze richtet sich an erfahrene Z\u00fcchter. Im Anbau, bl\u00fcht schnell in 7-9 Wochen und garantiert reichlich Ertr\u00e4ge. In der Nase und am Gaumen zeichnet sich sein \ud83c\udf4b Zitrusartig-Aroma aus.<\/p>\n","protected":false},"excerpt":{"rendered":"<p>\ud83c\udf3f S\u00dcSSE MIMOSE XL AUTO\u00ae FEM (SWS94) von SWEET SEEDS \u00b7 \ud83e\uddec Indica \/ Sativa \u00b7 \ud83d\udd25 THC sehr hoch (Sehr hoch (20\u202f%+)) \u00b7 \ud83d\udce6 Ertrag XL.<\/p>\n","protected":false},"featured_media":179373,"comment_status":"open","ping_status":"closed","template":"","meta":[],"product_brand":[],"product_cat":[7952],"product_tag":[10126,10128,9931,8510,8511,10356,8543,10124,10150],"class_list":{"0":"post-179384","1":"product","2":"type-product","3":"status-publish","4":"has-post-thumbnail","6":"product_cat-seedshop-de","7":"product_tag-cannabis-samen","8":"product_tag-feminisierte-samen","9":"product_tag-hybrid","10":"product_tag-indica","11":"product_tag-sativa","12":"product_tag-suesse-mimose-xl-auto-fem-sws94","13":"product_tag-sweet-seeds","14":"product_tag-thc-sehr-hoch","15":"product_tag-zitrusartig","17":"first","18":"instock","19":"taxable","20":"shipping-taxable","21":"purchasable","22":"product-type-variable"},"aioseo_notices":[],"_links":{"self":[{"href":"https:\/\/www.budream.com\/de\/wp-json\/wp\/v2\/product\/179384","targetHints":{"allow":["GET"]}}],"collection":[{"href":"https:\/\/www.budream.com\/de\/wp-json\/wp\/v2\/product"}],"about":[{"href":"https:\/\/www.budream.com\/de\/wp-json\/wp\/v2\/types\/product"}],"replies":[{"embeddable":true,"href":"https:\/\/www.budream.com\/de\/wp-json\/wp\/v2\/comments?post=179384"}],"version-history":[{"count":1,"href":"https:\/\/www.budream.com\/de\/wp-json\/wp\/v2\/product\/179384\/revisions"}],"predecessor-version":[{"id":259196,"href":"https:\/\/www.budream.com\/de\/wp-json\/wp\/v2\/product\/179384\/revisions\/259196"}],"wp:featuredmedia":[{"embeddable":true,"href":"https:\/\/www.budream.com\/de\/wp-json\/wp\/v2\/media\/179373"}],"wp:attachment":[{"href":"https:\/\/www.budream.com\/de\/wp-json\/wp\/v2\/media?parent=179384"}],"wp:term":[{"taxonomy":"product_brand","embeddable":true,"href":"https:\/\/www.budream.com\/de\/wp-json\/wp\/v2\/product_brand?post=179384"},{"taxonomy":"product_cat","embeddable":true,"href":"https:\/\/www.budream.com\/de\/wp-json\/wp\/v2\/product_cat?post=179384"},{"taxonomy":"product_tag","embeddable":true,"href":"https:\/\/www.budream.com\/de\/wp-json\/wp\/v2\/product_tag?post=179384"}],"curies":[{"name":"wp","href":"https:\/\/api.w.org\/{rel}","templated":true}]}}