{"id":179444,"date":"2025-08-01T07:14:58","date_gmt":"2025-08-01T05:14:58","guid":{"rendered":"https:\/\/www.budream.com\/shop\/suesse-samen-lila-punsch-og-fem-sws93\/"},"modified":"2026-04-20T09:09:05","modified_gmt":"2026-04-20T07:09:05","slug":"suesse-samen-lila-punsch-og-fem-sws93","status":"publish","type":"product","link":"https:\/\/www.budream.com\/de\/shop\/suesse-samen-lila-punsch-og-fem-sws93\/","title":{"rendered":"S\u00dcSSE SAMEN &#8211; LILA PUNSCH OG\u00ae FEM (SWS93)"},"content":{"rendered":"<div style=\"text-align: justify\">Sorte, die aus der Hybridisierung zwischen einem Elite-Klon von Purple Punch (Larry OG x Grand Daddy Purple) und einem Elite-Klon von Star Killer (Skywalker OG Kush x Rare Dankness #2) hervorgegangen ist. Zwei Genetik-Champions mit gro\u00dfem Renommee in der internationalen Szene.<\/div>\n<p><\/p>\n<h2><strong>Eigenschaften Purple Punch OG&reg; Fem:<\/strong><\/h2>\n<ul style=\"list-style-type: disc\">\n<li><strong>Gattung:<\/strong> Feminisiert<\/li>\n<li><strong>Genotyp<\/strong>: Hybrid: Indica: 80% \/ Sativa: 20%<\/li>\n<li><strong>Genetik:<\/strong> Purple Punch (Larry OG x Grand Daddy Purple) x Star Killer (Skywalker OG Kush x Rare Dankness #2)<\/li>\n<li>Tage<strong>:<\/strong> 56 Tage<\/li>\n<\/ul>\n<p><\/p>\n<div style=\"text-align: justify\"><span style=\"font-size: 11pt\"><em><strong>WARNUNG:<\/strong> Hanfsamen sind vom gesetzlichen Begriff Cannabis ausgenommen, was bedeutet, dass sie nicht als Bet\u00e4ubungsmittel gelten (L. 412 von 1974, Art. 1, Komma 1, Buchstabe B; Einheits\u00fcbereinkommen \u00fcber Bet\u00e4ubungsmittel von New York von 1961 und Tabelle II des Ministerialerlasses 27\/7\/1992). In Italien ist der Anbau von Hanf verboten (Artikel 28 und 73 des Pr\u00e4sidialdekrets 309\/90), es sei denn, es liegt eine Sondergenehmigung vor (Artikel 17 des Pr\u00e4sidialdekrets 309\/90). In Ermangelung einer solchen Genehmigung darf das Saatgut nur f\u00fcr andere Zwecke verwendet werden (zootechnische Zwecke, Sammeln usw.). Das Saatgut wird unter dem Vorbehalt verkauft, dass es nicht von Dritten im Widerspruch zu den gesetzlichen Bestimmungen verwendet wird.<\/em><\/span><\/div>\n","protected":false},"excerpt":{"rendered":"<p>\ud83c\udf3f LILA PUNSCH OG\u00ae FEM (SWS93) von SWEET SEEDS \u00b7 \ud83e\uddec Indica Dominant (60%+) \u00b7 \ud83d\udd25 THC sehr hoch (Sehr hoch (20\u202f%+)) \u00b7 \ud83d\udce6 Ertrag XL.<\/p>\n","protected":false},"featured_media":179438,"comment_status":"open","ping_status":"closed","template":"","meta":[],"product_brand":[],"product_cat":[7952],"product_tag":[8510,8543,10124,10126,10128,10150,10357],"class_list":{"0":"post-179444","1":"product","2":"type-product","3":"status-publish","4":"has-post-thumbnail","6":"product_cat-seedshop-de","7":"product_tag-indica","8":"product_tag-sweet-seeds","9":"product_tag-thc-sehr-hoch","10":"product_tag-cannabis-samen","11":"product_tag-feminisierte-samen","12":"product_tag-zitrusartig","13":"product_tag-lila-punsch-og-fem-sws93","15":"first","16":"instock","17":"sale","18":"taxable","19":"shipping-taxable","20":"purchasable","21":"product-type-variable"},"aioseo_notices":[],"_links":{"self":[{"href":"https:\/\/www.budream.com\/de\/wp-json\/wp\/v2\/product\/179444","targetHints":{"allow":["GET"]}}],"collection":[{"href":"https:\/\/www.budream.com\/de\/wp-json\/wp\/v2\/product"}],"about":[{"href":"https:\/\/www.budream.com\/de\/wp-json\/wp\/v2\/types\/product"}],"replies":[{"embeddable":true,"href":"https:\/\/www.budream.com\/de\/wp-json\/wp\/v2\/comments?post=179444"}],"version-history":[{"count":2,"href":"https:\/\/www.budream.com\/de\/wp-json\/wp\/v2\/product\/179444\/revisions"}],"predecessor-version":[{"id":261081,"href":"https:\/\/www.budream.com\/de\/wp-json\/wp\/v2\/product\/179444\/revisions\/261081"}],"wp:featuredmedia":[{"embeddable":true,"href":"https:\/\/www.budream.com\/de\/wp-json\/wp\/v2\/media\/179438"}],"wp:attachment":[{"href":"https:\/\/www.budream.com\/de\/wp-json\/wp\/v2\/media?parent=179444"}],"wp:term":[{"taxonomy":"product_brand","embeddable":true,"href":"https:\/\/www.budream.com\/de\/wp-json\/wp\/v2\/product_brand?post=179444"},{"taxonomy":"product_cat","embeddable":true,"href":"https:\/\/www.budream.com\/de\/wp-json\/wp\/v2\/product_cat?post=179444"},{"taxonomy":"product_tag","embeddable":true,"href":"https:\/\/www.budream.com\/de\/wp-json\/wp\/v2\/product_tag?post=179444"}],"curies":[{"name":"wp","href":"https:\/\/api.w.org\/{rel}","templated":true}]}}