{"id":179479,"date":"2025-08-01T07:16:44","date_gmt":"2025-08-01T05:16:44","guid":{"rendered":"https:\/\/www.budream.com\/shop\/suesse-samen-creme-karamell-f1-schnelle-version-fem-sws40\/"},"modified":"2026-03-26T10:20:49","modified_gmt":"2026-03-26T08:20:49","slug":"suesse-samen-creme-karamell-f1-schnelle-version-fem-sws40","status":"publish","type":"product","link":"https:\/\/www.budream.com\/de\/shop\/suesse-samen-creme-karamell-f1-schnelle-version-fem-sws40\/","title":{"rendered":"S\u00dcSSE SAMEN &#8211; CREME KARAMELL F1 SCHNELLE VERSION\u00ae FEM (SWS40)"},"content":{"rendered":"<div style=\"text-align: justify\">Feminisierte, photoabh\u00e4ngige Version der am meisten ausgezeichneten Sorte im Katalog von Sweet Seeds. Diese Sorte ist ein F1-Hybrid, der aus einer Kreuzung zwischen einem Elite-Klon von Cream Caramel und einer ausgew\u00e4hlten autoflowering Sorte der 3. Generation von Cream Caramel Auto entstanden ist.<\/div>\n<p><\/p>\n<h2><strong>Eigenschaften Cream Caramel F1 Fast Version Fem:<\/strong><\/h2>\n<ul style=\"list-style-type: disc\">\n<li><strong>Gattung:<\/strong> Hybrid Feminisiert<\/li>\n<li><strong>Genotyp<\/strong>: Hybrid: Indica: 90% \/ Sativa: 10%<\/li>\n<li><strong>Genetik: <\/strong>Creme Karamell x Creme Karamell Auto<\/li>\n<li>Tage<strong>:<\/strong> 49 Tage<\/li>\n<\/ul>\n<p><\/p>\n<div style=\"text-align: justify\"><span style=\"font-size: 11pt\"><em><strong>ACHTUNG:<\/strong> Hanfsamen fallen nicht unter den Rechtsbegriff Cannabis, was bedeutet, dass sie nicht als Bet\u00e4ubungsmittel gelten (Gesetz 412 von 1974, Art. 1, Absatz 1, Buchstabe B; Einheits\u00fcbereinkommen \u00fcber Bet\u00e4ubungsmittel von New York von 1961 und Tabelle II des Ministerialerlasses 27\/7\/1992). In Italien ist der Anbau von Hanf verboten (Artikel 28 und 73 des Pr\u00e4sidialdekrets 309\/90), es sei denn, es liegt eine Sondergenehmigung vor (Artikel 17 des Pr\u00e4sidialdekrets 309\/90). In Ermangelung einer solchen Genehmigung darf das Saatgut nur f\u00fcr andere Zwecke verwendet werden (zootechnische Zwecke, Sammeln usw.). Das Saatgut wird unter dem Vorbehalt verkauft, dass es nicht von Dritten im Widerspruch zu den gesetzlichen Bestimmungen verwendet wird.<\/em><\/span><\/div>\n","protected":false},"excerpt":{"rendered":"<p>\ud83c\udf3f CREME KARAMELL F1 SCHNELLE VERSION\u00ae FEM (SWS40) von SWEET SEEDS \u00b7 \ud83e\uddec Indica Dominant (60%+) \u00b7 \ud83d\udcaa THC hoch (Hoch (15\u201319\u202f%)).<\/p>\n","protected":false},"featured_media":179468,"comment_status":"open","ping_status":"closed","template":"","meta":[],"product_brand":[],"product_cat":[7952],"product_tag":[8510,8543,10126,10128,10140,10147,10358],"class_list":{"0":"post-179479","1":"product","2":"type-product","3":"status-publish","4":"has-post-thumbnail","6":"product_cat-seedshop-de","7":"product_tag-indica","8":"product_tag-sweet-seeds","9":"product_tag-cannabis-samen","10":"product_tag-feminisierte-samen","11":"product_tag-thc-hoch","12":"product_tag-erdiger","13":"product_tag-creme-karamell-f1-schnelle-version-fem-sws40","15":"first","16":"instock","17":"sale","18":"taxable","19":"shipping-taxable","20":"purchasable","21":"product-type-variable"},"aioseo_notices":[],"_links":{"self":[{"href":"https:\/\/www.budream.com\/de\/wp-json\/wp\/v2\/product\/179479","targetHints":{"allow":["GET"]}}],"collection":[{"href":"https:\/\/www.budream.com\/de\/wp-json\/wp\/v2\/product"}],"about":[{"href":"https:\/\/www.budream.com\/de\/wp-json\/wp\/v2\/types\/product"}],"replies":[{"embeddable":true,"href":"https:\/\/www.budream.com\/de\/wp-json\/wp\/v2\/comments?post=179479"}],"version-history":[{"count":2,"href":"https:\/\/www.budream.com\/de\/wp-json\/wp\/v2\/product\/179479\/revisions"}],"predecessor-version":[{"id":261113,"href":"https:\/\/www.budream.com\/de\/wp-json\/wp\/v2\/product\/179479\/revisions\/261113"}],"wp:featuredmedia":[{"embeddable":true,"href":"https:\/\/www.budream.com\/de\/wp-json\/wp\/v2\/media\/179468"}],"wp:attachment":[{"href":"https:\/\/www.budream.com\/de\/wp-json\/wp\/v2\/media?parent=179479"}],"wp:term":[{"taxonomy":"product_brand","embeddable":true,"href":"https:\/\/www.budream.com\/de\/wp-json\/wp\/v2\/product_brand?post=179479"},{"taxonomy":"product_cat","embeddable":true,"href":"https:\/\/www.budream.com\/de\/wp-json\/wp\/v2\/product_cat?post=179479"},{"taxonomy":"product_tag","embeddable":true,"href":"https:\/\/www.budream.com\/de\/wp-json\/wp\/v2\/product_tag?post=179479"}],"curies":[{"name":"wp","href":"https:\/\/api.w.org\/{rel}","templated":true}]}}