{"id":179509,"date":"2025-08-01T07:18:30","date_gmt":"2025-08-01T05:18:30","guid":{"rendered":"https:\/\/www.budream.com\/shop\/suesse-samen-suesse-mandarine-zkittlez-f1-schnelle-version-fem-sws102\/"},"modified":"2026-04-20T08:58:06","modified_gmt":"2026-04-20T06:58:06","slug":"suesse-samen-suesse-mandarine-zkittlez-f1-schnelle-version-fem-sws102","status":"publish","type":"product","link":"https:\/\/www.budream.com\/de\/shop\/suesse-samen-suesse-mandarine-zkittlez-f1-schnelle-version-fem-sws102\/","title":{"rendered":"S\u00dcSSE SAMEN &#8211; S\u00dcSSE MANDARINE ZKITTLEZ F1 SCHNELLE VERSION\u00ae FEM (SWS102)"},"content":{"rendered":"<div style=\"text-align: justify\">Feminisierte Genetik, abh\u00e4ngig von Photoperiode und ultraschneller Bl\u00fcte. Erste Tochtergeneration (F1) aus einer Kreuzung zwischen einem Eliteklon von Zkittlez und unserer Sweet Mimosa XL Auto&reg; (SWS94).<\/div>\n<p><\/p>\n<h2><strong>Sweet Mandarine Zkittlez F1 Fast Version&reg; Fem (SWS102):<\/strong><\/h2>\n<ul style=\"list-style-type: disc\">\n<li><strong>Gattung:<\/strong> Hybrid Feminisiert<\/li>\n<li><strong>Genotyp<\/strong>: Hybrid: Indica: 60% \/ Sativa: 40%<\/li>\n<li><strong>Genetik:<\/strong> SZkittlez-Eliteklon x Sweet Mimosa XL Auto&reg; (SWS94)<\/li>\n<li>Tage<strong>:<\/strong> 49 Tage<\/li>\n<\/ul>\n<p><\/p>\n<div style=\"text-align: justify\"><span style=\"font-size: 11pt\"><em><strong>WARNUNG:<\/strong> Hanfsamen sind vom gesetzlichen Begriff Cannabis ausgeschlossen, was bedeutet, dass sie nicht als Bet\u00e4ubungsmittel gelten (L. 412 von 1974, Art. 1, Komma 1, Buchstabe B; Einheits\u00fcbereinkommen \u00fcber Bet\u00e4ubungsmittel von New York von 1961 und Tabelle II des Ministerialerlasses vom 27.7.1992). In Italien ist der Anbau von Hanf verboten (Artikel 28 und 73 des Pr\u00e4sidialdekrets 309\/90), es sei denn, es liegt eine Sondergenehmigung vor (Artikel 17 des Pr\u00e4sidialdekrets 309\/90). In Ermangelung einer solchen Genehmigung darf das Saatgut nur f\u00fcr andere Zwecke verwendet werden (zootechnische Zwecke, Sammeln usw.). Das Saatgut wird unter dem Vorbehalt verkauft, dass es nicht von Dritten im Widerspruch zu den gesetzlichen Bestimmungen verwendet wird.<\/em><\/span><\/div>\n","protected":false},"excerpt":{"rendered":"<p>\ud83c\udf3f S\u00dcSSE MANDARINE ZKITTLEZ F1 SCHNELLE VERSION\u00ae FEM (SWS102) von SWEET SEEDS \u00b7 \ud83e\uddec Indica Dominant (60%+) \u00b7 \ud83d\udd25 THC sehr hoch (Sehr hoch (20\u202f%+)) \u00b7 \ud83d\udce6 Ertrag XL.<\/p>\n","protected":false},"featured_media":179503,"comment_status":"open","ping_status":"closed","template":"","meta":[],"product_brand":[],"product_cat":[7952],"product_tag":[10359,8510,8543,10124,10126,10128,10171],"class_list":{"0":"post-179509","1":"product","2":"type-product","3":"status-publish","4":"has-post-thumbnail","6":"product_cat-seedshop-de","7":"product_tag-suesse-mandarine-zkittlez-f1-schnelle-version-fem-sws102","8":"product_tag-indica","9":"product_tag-sweet-seeds","10":"product_tag-thc-sehr-hoch","11":"product_tag-cannabis-samen","12":"product_tag-feminisierte-samen","13":"product_tag-suess-fruchtig","15":"first","16":"instock","17":"sale","18":"taxable","19":"shipping-taxable","20":"purchasable","21":"product-type-variable"},"aioseo_notices":[],"_links":{"self":[{"href":"https:\/\/www.budream.com\/de\/wp-json\/wp\/v2\/product\/179509","targetHints":{"allow":["GET"]}}],"collection":[{"href":"https:\/\/www.budream.com\/de\/wp-json\/wp\/v2\/product"}],"about":[{"href":"https:\/\/www.budream.com\/de\/wp-json\/wp\/v2\/types\/product"}],"replies":[{"embeddable":true,"href":"https:\/\/www.budream.com\/de\/wp-json\/wp\/v2\/comments?post=179509"}],"version-history":[{"count":2,"href":"https:\/\/www.budream.com\/de\/wp-json\/wp\/v2\/product\/179509\/revisions"}],"predecessor-version":[{"id":260514,"href":"https:\/\/www.budream.com\/de\/wp-json\/wp\/v2\/product\/179509\/revisions\/260514"}],"wp:featuredmedia":[{"embeddable":true,"href":"https:\/\/www.budream.com\/de\/wp-json\/wp\/v2\/media\/179503"}],"wp:attachment":[{"href":"https:\/\/www.budream.com\/de\/wp-json\/wp\/v2\/media?parent=179509"}],"wp:term":[{"taxonomy":"product_brand","embeddable":true,"href":"https:\/\/www.budream.com\/de\/wp-json\/wp\/v2\/product_brand?post=179509"},{"taxonomy":"product_cat","embeddable":true,"href":"https:\/\/www.budream.com\/de\/wp-json\/wp\/v2\/product_cat?post=179509"},{"taxonomy":"product_tag","embeddable":true,"href":"https:\/\/www.budream.com\/de\/wp-json\/wp\/v2\/product_tag?post=179509"}],"curies":[{"name":"wp","href":"https:\/\/api.w.org\/{rel}","templated":true}]}}