{"id":179574,"date":"2025-08-01T07:21:58","date_gmt":"2025-08-01T05:21:58","guid":{"rendered":"https:\/\/www.budream.com\/shop\/suesse-samen-suesse-reine-auto-cbd-fem-sws65\/"},"modified":"2026-04-01T13:58:19","modified_gmt":"2026-04-01T11:58:19","slug":"suesse-samen-suesse-reine-auto-cbd-fem-sws65","status":"publish","type":"product","link":"https:\/\/www.budream.com\/de\/shop\/suesse-samen-suesse-reine-auto-cbd-fem-sws65\/","title":{"rendered":"S\u00dcSSE SAMEN &#8211; S\u00dcSSE REINE AUTO CBD\u00ae FEM (SWS65)"},"content":{"rendered":"<div style=\"text-align: justify\">6. Generation Autoflowering. Unsere erste &#8222;reine CBD&#8220;-Autoflowering-Sorte mit einem sehr hohen CBD-Gehalt zwischen 8 und 20 Prozent.<\/div>\n<p><\/p>\n<h2><strong>Eigenschaften Sweet Pure CBD Auto Fem (SWS75) Sweet Seeds:<\/strong><\/h2>\n<ul style=\"list-style-type: disc\">\n<li><strong>Gattung:<\/strong> Hybrid Feminisiert<\/li>\n<li><strong>Genetik:<\/strong> Sweet Pure CBD&reg; (SWS65) x Honey Peach Auto CBD&reg; (SWS64)<\/li>\n<li><strong>Zusammensetzung:<\/strong> 55% Indica \/ 44,6% Sativa \/ 0,4% Ruderalis<\/li>\n<li><strong>Tage:<\/strong> 56<\/li>\n<\/ul>\n<p><\/p>\n<div style=\"text-align: justify\"><span style=\"font-size: 11pt\"><em><strong>WARNUNG:<\/strong> Hanfsamen sind vom gesetzlichen Begriff Cannabis ausgenommen, was bedeutet, dass sie nicht als Bet\u00e4ubungsmittel gelten (L. 412 von 1974, Art. 1, Absatz 1, Buchstabe B; Einheits\u00fcbereinkommen \u00fcber Bet\u00e4ubungsmittel von New York von 1961 und Tabelle II des Ministerialerlasses 27\/7\/1992). In Italien ist der Anbau von Hanf verboten (Artikel 28 und 73 des Pr\u00e4sidialdekrets 309\/90), es sei denn, es liegt eine Sondergenehmigung vor (Artikel 17 des Pr\u00e4sidialdekrets 309\/90). In Ermangelung einer solchen Genehmigung darf das Saatgut nur f\u00fcr andere Zwecke verwendet werden (zootechnische Zwecke, Sammeln usw.). Das Saatgut wird unter dem Vorbehalt verkauft, dass es nicht von Dritten im Widerspruch zu den gesetzlichen Bestimmungen verwendet wird.<\/em><\/span><\/div>\n","protected":false},"excerpt":{"rendered":"<p>\ud83c\udf3f S\u00dcSSE REINE AUTO CBD\u00ae FEM (SWS65) von SWEET SEEDS \u00b7 \ud83e\uddec Indica \/ Sativa.<\/p>\n","protected":false},"featured_media":179563,"comment_status":"open","ping_status":"closed","template":"","meta":[],"product_brand":[],"product_cat":[7952],"product_tag":[10126,10128,9931,8510,8511,10171,10361,8543],"class_list":{"0":"post-179574","1":"product","2":"type-product","3":"status-publish","4":"has-post-thumbnail","6":"product_cat-seedshop-de","7":"product_tag-cannabis-samen","8":"product_tag-feminisierte-samen","9":"product_tag-hybrid","10":"product_tag-indica","11":"product_tag-sativa","12":"product_tag-suess-fruchtig","13":"product_tag-suesse-reine-auto-cbd-fem-sws65","14":"product_tag-sweet-seeds","16":"first","17":"instock","18":"taxable","19":"shipping-taxable","20":"purchasable","21":"product-type-variable"},"aioseo_notices":[],"_links":{"self":[{"href":"https:\/\/www.budream.com\/de\/wp-json\/wp\/v2\/product\/179574","targetHints":{"allow":["GET"]}}],"collection":[{"href":"https:\/\/www.budream.com\/de\/wp-json\/wp\/v2\/product"}],"about":[{"href":"https:\/\/www.budream.com\/de\/wp-json\/wp\/v2\/types\/product"}],"replies":[{"embeddable":true,"href":"https:\/\/www.budream.com\/de\/wp-json\/wp\/v2\/comments?post=179574"}],"version-history":[{"count":2,"href":"https:\/\/www.budream.com\/de\/wp-json\/wp\/v2\/product\/179574\/revisions"}],"predecessor-version":[{"id":260887,"href":"https:\/\/www.budream.com\/de\/wp-json\/wp\/v2\/product\/179574\/revisions\/260887"}],"wp:featuredmedia":[{"embeddable":true,"href":"https:\/\/www.budream.com\/de\/wp-json\/wp\/v2\/media\/179563"}],"wp:attachment":[{"href":"https:\/\/www.budream.com\/de\/wp-json\/wp\/v2\/media?parent=179574"}],"wp:term":[{"taxonomy":"product_brand","embeddable":true,"href":"https:\/\/www.budream.com\/de\/wp-json\/wp\/v2\/product_brand?post=179574"},{"taxonomy":"product_cat","embeddable":true,"href":"https:\/\/www.budream.com\/de\/wp-json\/wp\/v2\/product_cat?post=179574"},{"taxonomy":"product_tag","embeddable":true,"href":"https:\/\/www.budream.com\/de\/wp-json\/wp\/v2\/product_tag?post=179574"}],"curies":[{"name":"wp","href":"https:\/\/api.w.org\/{rel}","templated":true}]}}