{"id":179684,"date":"2025-08-01T07:27:35","date_gmt":"2025-08-01T05:27:35","guid":{"rendered":"https:\/\/www.budream.com\/shop\/hollaendische-leidenschaft-auto-melonade-runtz-fem\/"},"modified":"2026-03-27T11:21:27","modified_gmt":"2026-03-27T09:21:27","slug":"hollaendische-leidenschaft-auto-melonade-runtz-fem","status":"publish","type":"product","link":"https:\/\/www.budream.com\/de\/shop\/hollaendische-leidenschaft-auto-melonade-runtz-fem\/","title":{"rendered":"HOLL\u00c4NDISCHE LEIDENSCHAFT &#8211; AUTO MELONADE RUNTZ FEM"},"content":{"rendered":"<div style=\"text-align: justify\">Auto Melonade Runtz wurde durch Kreuzung einer Auto Pink Runtz-Mutter und eines Melonade-Vaters (erhalten durch Invertierung einer Elite-Mutterpflanze) erzeugt. Unsere Melonade-Genetik ist eine Kreuzung zwischen der legend\u00e4ren und preisgekr\u00f6nten Lemon Zkittle und einem Klon von Lemon Tree. Die Nachkommenschaft wurde wiederum mit einem weiblichen Exemplar von Auto Pink Runtz durch den bekannten Feminisierungsprozess gekreuzt.<\/div>\n<p><\/p>\n<h2><strong>Merkmale Auto Melonade Runtz Fem Dutch Passion:<\/strong><\/h2>\n<ul style=\"list-style-type: disc\">\n<li><strong>Gattung:<\/strong> Feminisierte Autoflowering<\/li>\n<li><strong>Genotyp:<\/strong> Indica\/Sativa-Hybrid<\/li>\n<li><strong>Genetik: <\/strong>Auto Pink Runtz x Melonade (Lemon Z x Lemon Tree)<\/li>\n<li>Tage<strong>:<\/strong> 77 Tage<\/li>\n<\/ul>\n<p><\/p>\n<div style=\"text-align: justify\"><span style=\"font-size: 11pt\"><em><strong>WARNUNG:<\/strong> Hanfsamen sind vom gesetzlichen Begriff Cannabis ausgenommen, was bedeutet, dass sie nicht als Bet\u00e4ubungsmittel gelten (L. 412 von 1974, Art. 1, Absatz 1, Buchstabe B; Einheits\u00fcbereinkommen \u00fcber Bet\u00e4ubungsmittel von New York von 1961 und Tabelle II des Ministerialerlasses 27\/7\/1992). In Italien ist der Anbau von Hanf verboten (Artikel 28 und 73 des Pr\u00e4sidialdekrets 309\/90), es sei denn, es liegt eine Sondergenehmigung vor (Artikel 17 des Pr\u00e4sidialdekrets 309\/90). In Ermangelung einer solchen Genehmigung darf das Saatgut nur f\u00fcr andere Zwecke verwendet werden (zootechnische Zwecke, Sammeln usw.). Das Saatgut wird unter dem Vorbehalt verkauft, dass es nicht von Dritten im Widerspruch zu den gesetzlichen Bestimmungen verwendet wird.<\/em><\/span><\/div>\n","protected":false},"excerpt":{"rendered":"<p>\ud83c\udf3f AUTO MELONADE RUNTZ von DUTCH PASSION \u00b7 \ud83e\uddec Indica \/ Sativa \u00b7 \ud83d\udd25 THC sehr hoch (Sehr hoch (20\u202f%+)) \u00b7 \ud83d\udce6 Ertrag XL.<\/p>\n","protected":false},"featured_media":179673,"comment_status":"open","ping_status":"closed","template":"","meta":[],"product_brand":[],"product_cat":[7952],"product_tag":[10126,10128,10147,8508,8510,8511,9041,9931,10124],"class_list":{"0":"post-179684","1":"product","2":"type-product","3":"status-publish","4":"has-post-thumbnail","6":"product_cat-seedshop-de","7":"product_tag-cannabis-samen","8":"product_tag-feminisierte-samen","9":"product_tag-erdiger","10":"product_tag-dutch-passion","11":"product_tag-indica","12":"product_tag-sativa","13":"product_tag-auto-melonade-runtz","14":"product_tag-hybrid","15":"product_tag-thc-sehr-hoch","17":"first","18":"instock","19":"sale","20":"taxable","21":"shipping-taxable","22":"purchasable","23":"product-type-variable"},"aioseo_notices":[],"_links":{"self":[{"href":"https:\/\/www.budream.com\/de\/wp-json\/wp\/v2\/product\/179684","targetHints":{"allow":["GET"]}}],"collection":[{"href":"https:\/\/www.budream.com\/de\/wp-json\/wp\/v2\/product"}],"about":[{"href":"https:\/\/www.budream.com\/de\/wp-json\/wp\/v2\/types\/product"}],"replies":[{"embeddable":true,"href":"https:\/\/www.budream.com\/de\/wp-json\/wp\/v2\/comments?post=179684"}],"version-history":[{"count":2,"href":"https:\/\/www.budream.com\/de\/wp-json\/wp\/v2\/product\/179684\/revisions"}],"predecessor-version":[{"id":260131,"href":"https:\/\/www.budream.com\/de\/wp-json\/wp\/v2\/product\/179684\/revisions\/260131"}],"wp:featuredmedia":[{"embeddable":true,"href":"https:\/\/www.budream.com\/de\/wp-json\/wp\/v2\/media\/179673"}],"wp:attachment":[{"href":"https:\/\/www.budream.com\/de\/wp-json\/wp\/v2\/media?parent=179684"}],"wp:term":[{"taxonomy":"product_brand","embeddable":true,"href":"https:\/\/www.budream.com\/de\/wp-json\/wp\/v2\/product_brand?post=179684"},{"taxonomy":"product_cat","embeddable":true,"href":"https:\/\/www.budream.com\/de\/wp-json\/wp\/v2\/product_cat?post=179684"},{"taxonomy":"product_tag","embeddable":true,"href":"https:\/\/www.budream.com\/de\/wp-json\/wp\/v2\/product_tag?post=179684"}],"curies":[{"name":"wp","href":"https:\/\/api.w.org\/{rel}","templated":true}]}}