{"id":179839,"date":"2025-08-01T07:36:33","date_gmt":"2025-08-01T05:36:33","guid":{"rendered":"https:\/\/www.budream.com\/shop\/royal-queen-seeds-nyc-sour-d-auto-fem-tyson-seeds\/"},"modified":"2026-03-24T19:32:52","modified_gmt":"2026-03-24T17:32:52","slug":"royal-queen-seeds-nyc-sour-d-auto-fem-tyson-seeds","status":"publish","type":"product","link":"https:\/\/www.budream.com\/de\/shop\/royal-queen-seeds-nyc-sour-d-auto-fem-tyson-seeds\/","title":{"rendered":"ROYAL QUEEN SEEDS &#8211; NYC SOUR D AUTO FEM (TYSON SEEDS)"},"content":{"rendered":"<div style=\"text-align: justify\">Royal Queen Seeds ist eine exklusive Zusammenarbeit mit Tyson 2.0 eingegangen, um die Lieblingssorten von Mike Tyson in Form von Samen verf\u00fcgbar zu machen.<br \/>NYC Sour D Auto hat ihre agilen, aber kr\u00e4ftigen Eigenschaften von NY Diesel und Sour Diesel Auto geerbt. Dieses dynamische Paar hat eine Sorte mit einem sativadominierten genetischen Profil geschaffen.<\/div>\n<p><\/p>\n<h2><strong>Eigenschaften NYC Sour D Auto Fem Royal Queen Seeds (Tyson Seeds)<\/strong><\/h2>\n<ul style=\"list-style-type: disc\">\n<li><strong>Gattung:<\/strong> Feminisierte Autoflowering<\/li>\n<li><strong>Genotyp:<\/strong> Sativa-dominanter Hybrid<\/li>\n<li><strong>Genetik:<\/strong> NY Diesel x Sour Diesel Auto<\/li>\n<li><strong>Tage:<\/strong> 77-91<\/li>\n<\/ul>\n<p><\/p>\n<div style=\"text-align: justify\"><em><strong>WARNUNG:<\/strong> Hanfsamen sind vom gesetzlichen Begriff Cannabis ausgenommen, was bedeutet, dass sie nicht als Bet\u00e4ubungsmittel gelten (L. 412 von 1974, Art. 1, Komma 1, Buchstabe B; Einheits\u00fcbereinkommen \u00fcber Bet\u00e4ubungsmittel von New York von 1961 und Tabelle II des Ministerialerlasses 27\/7\/1992). In Italien ist der Anbau von Hanf verboten (Artikel 28 und 73 des Pr\u00e4sidialdekrets 309\/90), es sei denn, es liegt eine Sondergenehmigung vor (Artikel 17 des Pr\u00e4sidialdekrets 309\/90). In Ermangelung einer solchen Genehmigung darf das Saatgut nur f\u00fcr andere Zwecke verwendet werden (zootechnische Zwecke, Sammeln usw.). Das Saatgut wird unter dem Vorbehalt verkauft, dass es nicht von Dritten im Widerspruch zu den gesetzlichen Bestimmungen verwendet wird.<\/em><\/div>\n","protected":false},"excerpt":{"rendered":"<p>\ud83c\udf3f NYC SOUR D AUTO FEM (TYSON SEEDS) von ROYAL QUEEN SEEDS \u00b7 \ud83e\uddec Sativa Dominant (60%+) \u00b7 \ud83d\udd25 THC sehr hoch (Sehr hoch (20\u202f%+)) \u00b7 \ud83d\udce6 Ertrag XL.<\/p>\n","protected":false},"featured_media":179828,"comment_status":"open","ping_status":"closed","template":"","meta":[],"product_brand":[],"product_cat":[7952],"product_tag":[8511,8609,9046,10124,10126,10128,10150],"class_list":{"0":"post-179839","1":"product","2":"type-product","3":"status-publish","4":"has-post-thumbnail","6":"product_cat-seedshop-de","7":"product_tag-sativa","8":"product_tag-royal-queen-seeds","9":"product_tag-nyc-sour-d-auto-fem-tyson-seeds","10":"product_tag-thc-sehr-hoch","11":"product_tag-cannabis-samen","12":"product_tag-feminisierte-samen","13":"product_tag-zitrusartig","15":"first","16":"instock","17":"taxable","18":"shipping-taxable","19":"purchasable","20":"product-type-variable"},"_links":{"self":[{"href":"https:\/\/www.budream.com\/de\/wp-json\/wp\/v2\/product\/179839","targetHints":{"allow":["GET"]}}],"collection":[{"href":"https:\/\/www.budream.com\/de\/wp-json\/wp\/v2\/product"}],"about":[{"href":"https:\/\/www.budream.com\/de\/wp-json\/wp\/v2\/types\/product"}],"replies":[{"embeddable":true,"href":"https:\/\/www.budream.com\/de\/wp-json\/wp\/v2\/comments?post=179839"}],"version-history":[{"count":2,"href":"https:\/\/www.budream.com\/de\/wp-json\/wp\/v2\/product\/179839\/revisions"}],"predecessor-version":[{"id":260709,"href":"https:\/\/www.budream.com\/de\/wp-json\/wp\/v2\/product\/179839\/revisions\/260709"}],"wp:featuredmedia":[{"embeddable":true,"href":"https:\/\/www.budream.com\/de\/wp-json\/wp\/v2\/media\/179828"}],"wp:attachment":[{"href":"https:\/\/www.budream.com\/de\/wp-json\/wp\/v2\/media?parent=179839"}],"wp:term":[{"taxonomy":"product_brand","embeddable":true,"href":"https:\/\/www.budream.com\/de\/wp-json\/wp\/v2\/product_brand?post=179839"},{"taxonomy":"product_cat","embeddable":true,"href":"https:\/\/www.budream.com\/de\/wp-json\/wp\/v2\/product_cat?post=179839"},{"taxonomy":"product_tag","embeddable":true,"href":"https:\/\/www.budream.com\/de\/wp-json\/wp\/v2\/product_tag?post=179839"}],"curies":[{"name":"wp","href":"https:\/\/api.w.org\/{rel}","templated":true}]}}