{"id":179944,"date":"2025-08-01T07:41:57","date_gmt":"2025-08-01T05:41:57","guid":{"rendered":"https:\/\/www.budream.com\/shop\/suesse-samen-diablo-rojo-xl-auto-fem-sws110\/"},"modified":"2026-03-24T21:59:56","modified_gmt":"2026-03-24T19:59:56","slug":"suesse-samen-diablo-rojo-xl-auto-fem-sws110","status":"publish","type":"product","link":"https:\/\/www.budream.com\/de\/shop\/suesse-samen-diablo-rojo-xl-auto-fem-sws110\/","title":{"rendered":"S\u00dcSSE SAMEN &#8211; DIABLO ROJO XL AUTO\u00ae FEM (SWS110)"},"content":{"rendered":"<div style=\"text-align: justify\">Autoflowering feminisiertes Ergebnis der Kreuzung von ausgew\u00e4hlten St\u00e4mmen der legend\u00e4ren rot bl\u00fchenden Sorte Dark Devil Auto&reg; (SWS38) und Strawberry Cola Auto. Eine Perle von unnachahmlicher Sch\u00f6nheit.<\/div>\n<p><\/p>\n<h2><strong>Eigenschaften Diablo Rojo XL Auto Fem:<\/strong><\/h2>\n<ul style=\"list-style-type: disc\">\n<li><strong>Gattung:<\/strong> Autoflowering Feminisierter Hybrid<\/li>\n<li><strong>Genotyp:<\/strong> Indica: 56,9% \/ Sativa: 40% \/ 3,1% Ruderalis<\/li>\n<li><strong>Genetik<\/strong>: Dark Devil Auto (SWS389 x Strawberry Cola Auto)<\/li>\n<li>Tage<strong>:<\/strong> 56 Tage<\/li>\n<\/ul>\n<p><\/p>\n<div style=\"text-align: justify\"><span style=\"font-size: 11pt\"><em><strong>ACHTUNG:<\/strong> Hanfsamen sind vom gesetzlichen Begriff Cannabis ausgenommen, was bedeutet, dass sie nicht als Bet\u00e4ubungsmittel gelten (L. 412 von 1974, Art. 1, Komma 1, Buchstabe B; Einheits\u00fcbereinkommen \u00fcber Bet\u00e4ubungsmittel von New York von 1961 und Tabelle II des Ministerialerlasses vom 27.7.1992). In Italien ist der Anbau von Hanf verboten (Artikel 28 und 73 des Pr\u00e4sidialdekrets 309\/90), es sei denn, es liegt eine Sondergenehmigung vor (Artikel 17 des Pr\u00e4sidialdekrets 309\/90). In Ermangelung einer solchen Genehmigung darf das Saatgut nur f\u00fcr andere Zwecke verwendet werden (zootechnische Zwecke, Sammeln usw.). Das Saatgut wird unter dem Vorbehalt verkauft, dass es nicht von Dritten im Widerspruch zu den gesetzlichen Bestimmungen verwendet wird.<\/em><\/span><\/div>\n","protected":false},"excerpt":{"rendered":"<p>\ud83c\udf3f DIABLO ROJO XL AUTO\u00ae FEM (SWS110) von SWEET SEEDS \u00b7 \ud83e\uddec Indica Dominant (60%+) \u00b7 \ud83d\udcaa THC hoch (Hoch (15\u201319\u202f%)).<\/p>\n","protected":false},"featured_media":179933,"comment_status":"open","ping_status":"closed","template":"","meta":[],"product_brand":[],"product_cat":[7952],"product_tag":[8510,8543,9049,10126,10128,10140,10171],"class_list":{"0":"post-179944","1":"product","2":"type-product","3":"status-publish","4":"has-post-thumbnail","6":"product_cat-seedshop-de","7":"product_tag-indica","8":"product_tag-sweet-seeds","9":"product_tag-diablo-rojo-xl-auto-fem-sws110","10":"product_tag-cannabis-samen","11":"product_tag-feminisierte-samen","12":"product_tag-thc-hoch","13":"product_tag-suess-fruchtig","15":"first","16":"instock","17":"taxable","18":"shipping-taxable","19":"purchasable","20":"product-type-variable"},"aioseo_notices":[],"_links":{"self":[{"href":"https:\/\/www.budream.com\/de\/wp-json\/wp\/v2\/product\/179944","targetHints":{"allow":["GET"]}}],"collection":[{"href":"https:\/\/www.budream.com\/de\/wp-json\/wp\/v2\/product"}],"about":[{"href":"https:\/\/www.budream.com\/de\/wp-json\/wp\/v2\/types\/product"}],"replies":[{"embeddable":true,"href":"https:\/\/www.budream.com\/de\/wp-json\/wp\/v2\/comments?post=179944"}],"version-history":[{"count":2,"href":"https:\/\/www.budream.com\/de\/wp-json\/wp\/v2\/product\/179944\/revisions"}],"predecessor-version":[{"id":259898,"href":"https:\/\/www.budream.com\/de\/wp-json\/wp\/v2\/product\/179944\/revisions\/259898"}],"wp:featuredmedia":[{"embeddable":true,"href":"https:\/\/www.budream.com\/de\/wp-json\/wp\/v2\/media\/179933"}],"wp:attachment":[{"href":"https:\/\/www.budream.com\/de\/wp-json\/wp\/v2\/media?parent=179944"}],"wp:term":[{"taxonomy":"product_brand","embeddable":true,"href":"https:\/\/www.budream.com\/de\/wp-json\/wp\/v2\/product_brand?post=179944"},{"taxonomy":"product_cat","embeddable":true,"href":"https:\/\/www.budream.com\/de\/wp-json\/wp\/v2\/product_cat?post=179944"},{"taxonomy":"product_tag","embeddable":true,"href":"https:\/\/www.budream.com\/de\/wp-json\/wp\/v2\/product_tag?post=179944"}],"curies":[{"name":"wp","href":"https:\/\/api.w.org\/{rel}","templated":true}]}}