{"id":180119,"date":"2025-08-01T07:50:39","date_gmt":"2025-08-01T05:50:39","guid":{"rendered":"https:\/\/www.budream.com\/shop\/suesse-samen-jet-fuel-mandarine-xl-auto-fem-sws109\/"},"modified":"2026-04-20T09:01:08","modified_gmt":"2026-04-20T07:01:08","slug":"suesse-samen-jet-fuel-mandarine-xl-auto-fem-sws109","status":"publish","type":"product","link":"https:\/\/www.budream.com\/de\/shop\/suesse-samen-jet-fuel-mandarine-xl-auto-fem-sws109\/","title":{"rendered":"S\u00dcSSE SAMEN &#8211; JET FUEL MANDARINE XL AUTO\u00ae FEM (SWS109)"},"content":{"rendered":"<div style=\"text-align: justify\">Autoflowering 6. Generation, feminisiert. Ergebnis einer Kreuzung zwischen einem exzellenten Klon von Jet Fuel (Aspen OG x High Country Diesel), einer der beliebtesten Sorten der Diesel-Familie, und einem Hybrid aus zwei unserer aromatischsten autoflowering Sorten, Cream Mandarine XL Auto&reg; x Orange Apricot Glue XL Auto&reg; (SWS55 x SWS103).<\/div>\n<p><\/p>\n<h2><strong>Eigenschaften Jet Fuel Mandarine XL Auto Fem:<\/strong><\/h2>\n<ul style=\"list-style-type: disc\">\n<li><strong>Gattung:<\/strong> Hybrid Feminisiert Autoflowering<\/li>\n<li><strong>Genotyp:<\/strong> Indica: 37,8% \/ Sativa: 61,8% \/ 0,4% Ruderalis<\/li>\n<li><strong>Genetik:<\/strong> Jet Fuel (Aspen OG x High Country Diesel) x Hybrid (Cream Mandarine XL Auto&reg; x Orange Apricot Glue XL Auto&reg;)<\/li>\n<li>Tage<strong>:<\/strong> 63 Tage<\/li>\n<\/ul>\n<p><\/p>\n<div style=\"text-align: justify\"><span style=\"font-size: 11pt\"><em><strong>WARNUNG:<\/strong> Hanfsamen sind vom gesetzlichen Begriff Cannabis ausgenommen, was bedeutet, dass sie nicht als Bet\u00e4ubungsmittel gelten (L. 412 von 1974, Art. 1, Absatz 1, Buchstabe B; Einheits\u00fcbereinkommen \u00fcber Bet\u00e4ubungsmittel von New York von 1961 und Tabelle II des Ministerialerlasses vom 27.7.1992). In Italien ist der Anbau von Hanf verboten (Artikel 28 und 73 des Pr\u00e4sidialdekrets 309\/90), es sei denn, es liegt eine Sondergenehmigung vor (Artikel 17 des Pr\u00e4sidialdekrets 309\/90). In Ermangelung einer solchen Genehmigung darf das Saatgut nur f\u00fcr andere Zwecke verwendet werden (zootechnische Zwecke, Sammeln usw.). Das Saatgut wird unter dem Vorbehalt verkauft, dass es nicht von Dritten im Widerspruch zu den gesetzlichen Bestimmungen verwendet wird.<\/em><\/span><\/div>\n","protected":false},"excerpt":{"rendered":"<p>\ud83c\udf3f JET FUEL MANDARINE XL AUTO\u00ae FEM (SWS109) von SWEET SEEDS \u00b7 \ud83e\uddec Sativa Dominant (60%+) \u00b7 \ud83d\udd25 THC sehr hoch (Sehr hoch (20\u202f%+)).<\/p>\n","protected":false},"featured_media":180108,"comment_status":"open","ping_status":"closed","template":"","meta":[],"product_brand":[],"product_cat":[7952],"product_tag":[10126,10128,10150,8511,8543,9054,10124],"class_list":{"0":"post-180119","1":"product","2":"type-product","3":"status-publish","4":"has-post-thumbnail","6":"product_cat-seedshop-de","7":"product_tag-cannabis-samen","8":"product_tag-feminisierte-samen","9":"product_tag-zitrusartig","10":"product_tag-sativa","11":"product_tag-sweet-seeds","12":"product_tag-jet-fuel-mandarine-xl-auto-fem-sws109","13":"product_tag-thc-sehr-hoch","15":"first","16":"instock","17":"sale","18":"taxable","19":"shipping-taxable","20":"purchasable","21":"product-type-variable"},"aioseo_notices":[],"_links":{"self":[{"href":"https:\/\/www.budream.com\/de\/wp-json\/wp\/v2\/product\/180119","targetHints":{"allow":["GET"]}}],"collection":[{"href":"https:\/\/www.budream.com\/de\/wp-json\/wp\/v2\/product"}],"about":[{"href":"https:\/\/www.budream.com\/de\/wp-json\/wp\/v2\/types\/product"}],"replies":[{"embeddable":true,"href":"https:\/\/www.budream.com\/de\/wp-json\/wp\/v2\/comments?post=180119"}],"version-history":[{"count":2,"href":"https:\/\/www.budream.com\/de\/wp-json\/wp\/v2\/product\/180119\/revisions"}],"predecessor-version":[{"id":260285,"href":"https:\/\/www.budream.com\/de\/wp-json\/wp\/v2\/product\/180119\/revisions\/260285"}],"wp:featuredmedia":[{"embeddable":true,"href":"https:\/\/www.budream.com\/de\/wp-json\/wp\/v2\/media\/180108"}],"wp:attachment":[{"href":"https:\/\/www.budream.com\/de\/wp-json\/wp\/v2\/media?parent=180119"}],"wp:term":[{"taxonomy":"product_brand","embeddable":true,"href":"https:\/\/www.budream.com\/de\/wp-json\/wp\/v2\/product_brand?post=180119"},{"taxonomy":"product_cat","embeddable":true,"href":"https:\/\/www.budream.com\/de\/wp-json\/wp\/v2\/product_cat?post=180119"},{"taxonomy":"product_tag","embeddable":true,"href":"https:\/\/www.budream.com\/de\/wp-json\/wp\/v2\/product_tag?post=180119"}],"curies":[{"name":"wp","href":"https:\/\/api.w.org\/{rel}","templated":true}]}}