{"id":180174,"date":"2025-08-01T07:53:55","date_gmt":"2025-08-01T05:53:55","guid":{"rendered":"https:\/\/www.budream.com\/shop\/sensi-seeds-research-suesse-saure-sahne-automatisch\/"},"modified":"2026-03-21T20:55:11","modified_gmt":"2026-03-21T18:55:11","slug":"sensi-seeds-research-suesse-saure-sahne-automatisch","status":"publish","type":"product","link":"https:\/\/www.budream.com\/de\/shop\/sensi-seeds-research-suesse-saure-sahne-automatisch\/","title":{"rendered":"SENSI SEEDS RESEARCH &#8211; S\u00dcSSE &amp; SAURE SAHNE AUTOMATISCH"},"content":{"rendered":"<p><strong>S\u00dcSSE &amp; SAURE SAHNE AUTOMATISCH<\/strong> ist ein Indica-dominanter Hybrid, der k\u00f6rperliche Entspannung mit reichlich Ertr\u00e4gen verbindet von SENSI SEEDS BANK. Verf\u00fcgbar in Packungen mit 10 Samen feminisiert. Im Anbau, hat einen mittleren Bl\u00fctezyklus von 10-12 Wochen und garantiert reichlich Ertr\u00e4ge.<\/p>\n","protected":false},"excerpt":{"rendered":"<p>\ud83c\udf3f S\u00dcSSE &amp; SAURE SAHNE AUTOMATISCH von SENSI SEEDS BANK \u00b7 \ud83e\uddec Indica Dominant (60%+) \u00b7 \ud83d\udce6 Ertrag XL.<\/p>\n","protected":false},"featured_media":197494,"comment_status":"open","ping_status":"closed","template":"","meta":[],"product_brand":[],"product_cat":[7952],"product_tag":[8510,8526,10126,10128,10364],"class_list":{"0":"post-180174","1":"product","2":"type-product","3":"status-publish","4":"has-post-thumbnail","6":"product_cat-seedshop-de","7":"product_tag-indica","8":"product_tag-sensi-seeds-bank","9":"product_tag-cannabis-samen","10":"product_tag-feminisierte-samen","11":"product_tag-suesse-saure-sahne-automatisch","13":"first","14":"instock","15":"sale","16":"taxable","17":"shipping-taxable","18":"purchasable","19":"product-type-variable"},"aioseo_notices":[],"_links":{"self":[{"href":"https:\/\/www.budream.com\/de\/wp-json\/wp\/v2\/product\/180174","targetHints":{"allow":["GET"]}}],"collection":[{"href":"https:\/\/www.budream.com\/de\/wp-json\/wp\/v2\/product"}],"about":[{"href":"https:\/\/www.budream.com\/de\/wp-json\/wp\/v2\/types\/product"}],"replies":[{"embeddable":true,"href":"https:\/\/www.budream.com\/de\/wp-json\/wp\/v2\/comments?post=180174"}],"version-history":[{"count":1,"href":"https:\/\/www.budream.com\/de\/wp-json\/wp\/v2\/product\/180174\/revisions"}],"predecessor-version":[{"id":259220,"href":"https:\/\/www.budream.com\/de\/wp-json\/wp\/v2\/product\/180174\/revisions\/259220"}],"wp:featuredmedia":[{"embeddable":true,"href":"https:\/\/www.budream.com\/de\/wp-json\/wp\/v2\/media\/197494"}],"wp:attachment":[{"href":"https:\/\/www.budream.com\/de\/wp-json\/wp\/v2\/media?parent=180174"}],"wp:term":[{"taxonomy":"product_brand","embeddable":true,"href":"https:\/\/www.budream.com\/de\/wp-json\/wp\/v2\/product_brand?post=180174"},{"taxonomy":"product_cat","embeddable":true,"href":"https:\/\/www.budream.com\/de\/wp-json\/wp\/v2\/product_cat?post=180174"},{"taxonomy":"product_tag","embeddable":true,"href":"https:\/\/www.budream.com\/de\/wp-json\/wp\/v2\/product_tag?post=180174"}],"curies":[{"name":"wp","href":"https:\/\/api.w.org\/{rel}","templated":true}]}}