{"id":180204,"date":"2025-08-01T07:55:26","date_gmt":"2025-08-01T05:55:26","guid":{"rendered":"https:\/\/www.budream.com\/shop\/royal-queen-seeds-orion-f1-autoflowering\/"},"modified":"2026-03-21T20:55:35","modified_gmt":"2026-03-21T18:55:35","slug":"royal-queen-seeds-orion-f1-autoflowering","status":"publish","type":"product","link":"https:\/\/www.budream.com\/de\/shop\/royal-queen-seeds-orion-f1-autoflowering\/","title":{"rendered":"ROYAL QUEEN SEEDS &#8211; ORION F1 AUTOFLOWERING"},"content":{"rendered":"<p><strong>ORION F1 AUTOFLOWERING<\/strong> ist ein ausgewogener Hybrid zwischen Indica und Sativa, vielseitig und f\u00fcr jede Gelegenheit geeignet von ROYAL QUEEN SEEDS. Verf\u00fcgbar in Packungen mit 1 Samen feminisiert. Mit sehr hohem THC-Gehalt (Sehr hoch (20\u202f%+)), diese Pflanze richtet sich an erfahrene Z\u00fcchter. Im Anbau, hat einen mittleren Bl\u00fctezyklus von 10-12 Wochen und bietet au\u00dfergew\u00f6hnlich reichlich Ertr\u00e4ge. In der Nase und am Gaumen zeichnet sich sein \ud83c\udf53 S\u00fc\u00df \/ Fruchtig-Aroma aus.<\/p>\n","protected":false},"excerpt":{"rendered":"<p>\ud83c\udf3f ORION F1 AUTOFLOWERING von ROYAL QUEEN SEEDS \u00b7 \ud83e\uddec Indica \/ Sativa \u00b7 \ud83d\udd25 THC sehr hoch (Sehr hoch (20\u202f%+)) \u00b7 \ud83c\udfc6 Ertrag XXL.<\/p>\n","protected":false},"featured_media":180193,"comment_status":"open","ping_status":"closed","template":"","meta":[],"product_brand":[],"product_cat":[7952],"product_tag":[8609,9057,9931,10124,10125,10126,10128,10171,8510,8511],"class_list":{"0":"post-180204","1":"product","2":"type-product","3":"status-publish","4":"has-post-thumbnail","6":"product_cat-seedshop-de","7":"product_tag-royal-queen-seeds","8":"product_tag-orion-f1-autoflowering","9":"product_tag-hybrid","10":"product_tag-thc-sehr-hoch","11":"product_tag-ertrag-xxl","12":"product_tag-cannabis-samen","13":"product_tag-feminisierte-samen","14":"product_tag-suess-fruchtig","15":"product_tag-indica","16":"product_tag-sativa","18":"first","19":"instock","20":"sale","21":"taxable","22":"shipping-taxable","23":"purchasable","24":"product-type-variable"},"aioseo_notices":[],"_links":{"self":[{"href":"https:\/\/www.budream.com\/de\/wp-json\/wp\/v2\/product\/180204","targetHints":{"allow":["GET"]}}],"collection":[{"href":"https:\/\/www.budream.com\/de\/wp-json\/wp\/v2\/product"}],"about":[{"href":"https:\/\/www.budream.com\/de\/wp-json\/wp\/v2\/types\/product"}],"replies":[{"embeddable":true,"href":"https:\/\/www.budream.com\/de\/wp-json\/wp\/v2\/comments?post=180204"}],"version-history":[{"count":1,"href":"https:\/\/www.budream.com\/de\/wp-json\/wp\/v2\/product\/180204\/revisions"}],"predecessor-version":[{"id":259221,"href":"https:\/\/www.budream.com\/de\/wp-json\/wp\/v2\/product\/180204\/revisions\/259221"}],"wp:featuredmedia":[{"embeddable":true,"href":"https:\/\/www.budream.com\/de\/wp-json\/wp\/v2\/media\/180193"}],"wp:attachment":[{"href":"https:\/\/www.budream.com\/de\/wp-json\/wp\/v2\/media?parent=180204"}],"wp:term":[{"taxonomy":"product_brand","embeddable":true,"href":"https:\/\/www.budream.com\/de\/wp-json\/wp\/v2\/product_brand?post=180204"},{"taxonomy":"product_cat","embeddable":true,"href":"https:\/\/www.budream.com\/de\/wp-json\/wp\/v2\/product_cat?post=180204"},{"taxonomy":"product_tag","embeddable":true,"href":"https:\/\/www.budream.com\/de\/wp-json\/wp\/v2\/product_tag?post=180204"}],"curies":[{"name":"wp","href":"https:\/\/api.w.org\/{rel}","templated":true}]}}