{"id":181181,"date":"2025-08-01T08:30:52","date_gmt":"2025-08-01T06:30:52","guid":{"rendered":"https:\/\/www.budream.com\/shop\/super-sativa-seed-club-gorilla-super-glue-fem\/"},"modified":"2026-03-24T21:20:22","modified_gmt":"2026-03-24T19:20:22","slug":"super-sativa-seed-club-gorilla-super-glue-fem","status":"publish","type":"product","link":"https:\/\/www.budream.com\/de\/shop\/super-sativa-seed-club-gorilla-super-glue-fem\/","title":{"rendered":"SUPER SATIVA SEED CLUB &#8211; GORILLA SUPER GLUE FEM"},"content":{"rendered":"<div style=\"text-align: justify\">Unser bester Gorilla Glue ist da! Hergestellt durch Kreuzen von Chemdawg Diesel mit Gorilla Glue und dann noch einmal mit Gorilla Glue gekreuzt.<\/div>\n<p><span style=\"font-size: 12.222222328186px\"><br \/><\/span><\/p>\n<h2><strong>Eigenschaften Gorilla Super Glue Fem:<\/strong><\/h2>\n<ul style=\"list-style-type: disc\">\n<li><strong>Gattung:<\/strong> Feminisiert<\/li>\n<li><strong>Genotyp:<\/strong> Indica\/Sativa-Hybride<\/li>\n<li><strong>Genetik<\/strong>: Chemdawg Diesel x Gorilla Glue<\/li>\n<li><strong>Tage:<\/strong> n.d.<\/li>\n<\/ul>\n<div style=\"text-align: justify\"><em><strong><br \/>ACHTUNG:<\/strong> Hanfsamen fallen nicht unter den Rechtsbegriff Cannabis, was bedeutet, dass sie nicht als Bet\u00e4ubungsmittel gelten (L. 412 von 1974, Art. 1, Abs. 1, Buchstabe B; Einheits\u00fcbereinkommen \u00fcber Suchtstoffe von New York von 1961 und Tabelle II des Ministerialerlasses 27\/7\/1992). In Italien ist der Anbau von Hanf verboten (Artikel 28 und 73 des Pr\u00e4sidialdekrets 309\/90), es sei denn, es liegt eine Sondergenehmigung vor (Artikel 17 des Pr\u00e4sidialdekrets 309\/90). In Ermangelung einer solchen Genehmigung darf das Saatgut nur f\u00fcr andere Zwecke verwendet werden (zootechnische Zwecke, Sammeln usw.). Das Saatgut wird unter dem Vorbehalt verkauft, dass es nicht von Dritten im Widerspruch zu den gesetzlichen Bestimmungen verwendet wird.<\/em><\/div>\n","protected":false},"excerpt":{"rendered":"<p>\ud83c\udf3f GORILLA SUPER GLUE von SUPER SATIVA SEED CLUB \u00b7 \ud83e\uddec Indica \/ Sativa \u00b7 \ud83d\udd25 THC sehr hoch (Sehr hoch (20\u202f%+)) \u00b7 \ud83d\udce6 Ertrag XL.<\/p>\n","protected":false},"featured_media":181172,"comment_status":"open","ping_status":"closed","template":"","meta":[],"product_brand":[],"product_cat":[7952],"product_tag":[10128,8510,8511,8545,9060,9931,10124,10126,10127],"class_list":{"0":"post-181181","1":"product","2":"type-product","3":"status-publish","4":"has-post-thumbnail","6":"product_cat-seedshop-de","7":"product_tag-feminisierte-samen","8":"product_tag-indica","9":"product_tag-sativa","10":"product_tag-super-sativa-seed-club","11":"product_tag-gorilla-super-glue","12":"product_tag-hybrid","13":"product_tag-thc-sehr-hoch","14":"product_tag-cannabis-samen","15":"product_tag-scharf","17":"first","18":"instock","19":"sale","20":"taxable","21":"shipping-taxable","22":"purchasable","23":"product-type-variable"},"aioseo_notices":[],"_links":{"self":[{"href":"https:\/\/www.budream.com\/de\/wp-json\/wp\/v2\/product\/181181","targetHints":{"allow":["GET"]}}],"collection":[{"href":"https:\/\/www.budream.com\/de\/wp-json\/wp\/v2\/product"}],"about":[{"href":"https:\/\/www.budream.com\/de\/wp-json\/wp\/v2\/types\/product"}],"replies":[{"embeddable":true,"href":"https:\/\/www.budream.com\/de\/wp-json\/wp\/v2\/comments?post=181181"}],"version-history":[{"count":2,"href":"https:\/\/www.budream.com\/de\/wp-json\/wp\/v2\/product\/181181\/revisions"}],"predecessor-version":[{"id":260762,"href":"https:\/\/www.budream.com\/de\/wp-json\/wp\/v2\/product\/181181\/revisions\/260762"}],"wp:featuredmedia":[{"embeddable":true,"href":"https:\/\/www.budream.com\/de\/wp-json\/wp\/v2\/media\/181172"}],"wp:attachment":[{"href":"https:\/\/www.budream.com\/de\/wp-json\/wp\/v2\/media?parent=181181"}],"wp:term":[{"taxonomy":"product_brand","embeddable":true,"href":"https:\/\/www.budream.com\/de\/wp-json\/wp\/v2\/product_brand?post=181181"},{"taxonomy":"product_cat","embeddable":true,"href":"https:\/\/www.budream.com\/de\/wp-json\/wp\/v2\/product_cat?post=181181"},{"taxonomy":"product_tag","embeddable":true,"href":"https:\/\/www.budream.com\/de\/wp-json\/wp\/v2\/product_tag?post=181181"}],"curies":[{"name":"wp","href":"https:\/\/api.w.org\/{rel}","templated":true}]}}