{"id":181205,"date":"2025-08-01T08:32:02","date_gmt":"2025-08-01T06:32:02","guid":{"rendered":"https:\/\/www.budream.com\/shop\/super-sativa-seed-club-crystal-white-kush-fem\/"},"modified":"2026-03-21T20:56:23","modified_gmt":"2026-03-21T18:56:23","slug":"super-sativa-seed-club-crystal-white-kush-fem","status":"publish","type":"product","link":"https:\/\/www.budream.com\/de\/shop\/super-sativa-seed-club-crystal-white-kush-fem\/","title":{"rendered":"SUPER SATIVA SEED CLUB &#8211; CRYSTAL WHITE KUSH FEM"},"content":{"rendered":"<p><strong>CRYSTAL WHITE KUSH<\/strong> ist eine \u00fcberwiegend Indica-Sorte mit tiefgreifenden und entspannenden Effekten von SUPER SATIVA SEED CLUB. Verf\u00fcgbar in Packungen mit 3 Samen feminisiert. Mit sehr hohem THC-Gehalt (Sehr hoch (20\u202f%+)), diese Pflanze richtet sich an erfahrene Z\u00fcchter. Im Anbau, bl\u00fcht schnell in 7-9 Wochen und bietet au\u00dfergew\u00f6hnlich reichlich Ertr\u00e4ge. In der Nase und am Gaumen zeichnet sich sein \ud83c\udf3f Erdiger-Aroma aus.<\/p>\n","protected":false},"excerpt":{"rendered":"<p>\ud83c\udf3f CRYSTAL WHITE KUSH von SUPER SATIVA SEED CLUB \u00b7 \ud83e\uddec Indica (90%+) \u00b7 \ud83d\udd25 THC sehr hoch (Sehr hoch (20\u202f%+)) \u00b7 \ud83c\udfc6 Ertrag XXL.<\/p>\n","protected":false},"featured_media":169372,"comment_status":"open","ping_status":"closed","template":"","meta":[],"product_brand":[],"product_cat":[7952],"product_tag":[10125,10126,10128,10147,8510,8545,9061,10124],"class_list":{"0":"post-181205","1":"product","2":"type-product","3":"status-publish","4":"has-post-thumbnail","6":"product_cat-seedshop-de","7":"product_tag-ertrag-xxl","8":"product_tag-cannabis-samen","9":"product_tag-feminisierte-samen","10":"product_tag-erdiger","11":"product_tag-indica","12":"product_tag-super-sativa-seed-club","13":"product_tag-crystal-white-kush","14":"product_tag-thc-sehr-hoch","16":"first","17":"instock","18":"sale","19":"taxable","20":"shipping-taxable","21":"purchasable","22":"product-type-variable"},"aioseo_notices":[],"_links":{"self":[{"href":"https:\/\/www.budream.com\/de\/wp-json\/wp\/v2\/product\/181205","targetHints":{"allow":["GET"]}}],"collection":[{"href":"https:\/\/www.budream.com\/de\/wp-json\/wp\/v2\/product"}],"about":[{"href":"https:\/\/www.budream.com\/de\/wp-json\/wp\/v2\/types\/product"}],"replies":[{"embeddable":true,"href":"https:\/\/www.budream.com\/de\/wp-json\/wp\/v2\/comments?post=181205"}],"version-history":[{"count":1,"href":"https:\/\/www.budream.com\/de\/wp-json\/wp\/v2\/product\/181205\/revisions"}],"predecessor-version":[{"id":259225,"href":"https:\/\/www.budream.com\/de\/wp-json\/wp\/v2\/product\/181205\/revisions\/259225"}],"wp:featuredmedia":[{"embeddable":true,"href":"https:\/\/www.budream.com\/de\/wp-json\/wp\/v2\/media\/169372"}],"wp:attachment":[{"href":"https:\/\/www.budream.com\/de\/wp-json\/wp\/v2\/media?parent=181205"}],"wp:term":[{"taxonomy":"product_brand","embeddable":true,"href":"https:\/\/www.budream.com\/de\/wp-json\/wp\/v2\/product_brand?post=181205"},{"taxonomy":"product_cat","embeddable":true,"href":"https:\/\/www.budream.com\/de\/wp-json\/wp\/v2\/product_cat?post=181205"},{"taxonomy":"product_tag","embeddable":true,"href":"https:\/\/www.budream.com\/de\/wp-json\/wp\/v2\/product_tag?post=181205"}],"curies":[{"name":"wp","href":"https:\/\/api.w.org\/{rel}","templated":true}]}}