{"id":181624,"date":"2025-08-01T08:46:50","date_gmt":"2025-08-01T06:46:50","guid":{"rendered":"https:\/\/www.budream.com\/shop\/green-house-seed-co-chemical-candy-auto-fem\/"},"modified":"2026-03-26T16:45:56","modified_gmt":"2026-03-26T14:45:56","slug":"green-house-seed-co-chemical-candy-auto-fem","status":"publish","type":"product","link":"https:\/\/www.budream.com\/de\/shop\/green-house-seed-co-chemical-candy-auto-fem\/","title":{"rendered":"GREEN HOUSE SEED CO. &#8211; CHEMICAL CANDY AUTO FEM"},"content":{"rendered":"<div style=\"text-align: justify\">Die Chemical Candy Autoflowering ist eine Kreuzung von Classic Gorilla Glue mit unserer Sweet Mango Auto, einer der Grundpfeiler unserer autoflowering Sorten.<\/div>\n<p><\/p>\n<h2><strong>Eigenschaften Chemical Candy Auto Fem:<\/p>\n<p><\/strong><\/h2>\n<ul style=\"list-style-type: disc\">\n<li><strong>Gattung:<\/strong> Hybrid Feminisiert Autoflowering<\/li>\n<li><strong>Genotyp:<\/strong> Indica 50%\/ Sativa 40%\/ Ruderalis 10%<\/li>\n<li><strong>Genetik:<\/strong> Gorilla Glue x Sweet Mango Auto<\/li>\n<li><strong>Tage:<\/strong> 56-63 Tage<\/li>\n<\/ul>\n<p><\/p>\n<div style=\"text-align: justify\"><span style=\"font-size: 11pt\"><em><strong>WARNUNG:<\/strong> Hanfsamen sind vom gesetzlichen Begriff Cannabis ausgenommen, was bedeutet, dass sie nicht als Bet\u00e4ubungsmittel gelten (L. 412 von 1974, Art. 1, Absatz 1, Buchstabe B; Einheits\u00fcbereinkommen \u00fcber Bet\u00e4ubungsmittel von New York von 1961 und Tabelle II des Ministerialerlasses 27\/7\/1992). In Italien ist der Anbau von Hanf verboten (Artikel 28 und 73 des Pr\u00e4sidialdekrets 309\/90), es sei denn, es liegt eine Sondergenehmigung vor (Artikel 17 des Pr\u00e4sidialdekrets 309\/90). In Ermangelung einer solchen Genehmigung darf das Saatgut nur f\u00fcr andere Zwecke verwendet werden (zootechnische Zwecke, Sammeln usw.). Das Saatgut wird unter dem Vorbehalt verkauft, dass es nicht von Dritten im Widerspruch zu den gesetzlichen Bestimmungen verwendet wird.<\/em><\/span><\/div>\n","protected":false},"excerpt":{"rendered":"<p>\ud83c\udf3f CHEMICAL CANDY AUTO von GREEN HOUSE SEED CO. \u00b7 \ud83e\uddec Indica \/ Sativa \u00b7 \ud83d\udd25 THC sehr hoch (Sehr hoch (20\u202f%+)) \u00b7 \ud83d\udce6 Ertrag XL.<\/p>\n","protected":false},"featured_media":214875,"comment_status":"open","ping_status":"closed","template":"","meta":[],"product_brand":[],"product_cat":[7952],"product_tag":[10128,10171,8510,8511,8533,9062,9931,10124,10126],"class_list":{"0":"post-181624","1":"product","2":"type-product","3":"status-publish","4":"has-post-thumbnail","6":"product_cat-seedshop-de","7":"product_tag-feminisierte-samen","8":"product_tag-suess-fruchtig","9":"product_tag-indica","10":"product_tag-sativa","11":"product_tag-green-house-seed-co","12":"product_tag-chemical-candy-auto","13":"product_tag-hybrid","14":"product_tag-thc-sehr-hoch","15":"product_tag-cannabis-samen","17":"first","18":"instock","19":"sale","20":"taxable","21":"shipping-taxable","22":"purchasable","23":"product-type-variable"},"_links":{"self":[{"href":"https:\/\/www.budream.com\/de\/wp-json\/wp\/v2\/product\/181624","targetHints":{"allow":["GET"]}}],"collection":[{"href":"https:\/\/www.budream.com\/de\/wp-json\/wp\/v2\/product"}],"about":[{"href":"https:\/\/www.budream.com\/de\/wp-json\/wp\/v2\/types\/product"}],"replies":[{"embeddable":true,"href":"https:\/\/www.budream.com\/de\/wp-json\/wp\/v2\/comments?post=181624"}],"version-history":[{"count":2,"href":"https:\/\/www.budream.com\/de\/wp-json\/wp\/v2\/product\/181624\/revisions"}],"predecessor-version":[{"id":261152,"href":"https:\/\/www.budream.com\/de\/wp-json\/wp\/v2\/product\/181624\/revisions\/261152"}],"wp:featuredmedia":[{"embeddable":true,"href":"https:\/\/www.budream.com\/de\/wp-json\/wp\/v2\/media\/214875"}],"wp:attachment":[{"href":"https:\/\/www.budream.com\/de\/wp-json\/wp\/v2\/media?parent=181624"}],"wp:term":[{"taxonomy":"product_brand","embeddable":true,"href":"https:\/\/www.budream.com\/de\/wp-json\/wp\/v2\/product_brand?post=181624"},{"taxonomy":"product_cat","embeddable":true,"href":"https:\/\/www.budream.com\/de\/wp-json\/wp\/v2\/product_cat?post=181624"},{"taxonomy":"product_tag","embeddable":true,"href":"https:\/\/www.budream.com\/de\/wp-json\/wp\/v2\/product_tag?post=181624"}],"curies":[{"name":"wp","href":"https:\/\/api.w.org\/{rel}","templated":true}]}}