{"id":183840,"date":"2025-08-01T10:34:45","date_gmt":"2025-08-01T08:34:45","guid":{"rendered":"https:\/\/www.budream.com\/shop\/royal-queen-seeds-forbidden-fruit-fem\/"},"modified":"2026-03-30T16:03:50","modified_gmt":"2026-03-30T14:03:50","slug":"royal-queen-seeds-forbidden-fruit-fem","status":"publish","type":"product","link":"https:\/\/www.budream.com\/de\/shop\/royal-queen-seeds-forbidden-fruit-fem\/","title":{"rendered":"ROYAL QUEEN SEEDS &#8211; FORBIDDEN FRUIT FEM"},"content":{"rendered":"<div style=\"text-align: justify\">Forbidden Fruit entstand aus der Vereinigung von Cherry Pie und Tangie, zwei ber\u00fchmten und beliebten Sorten, die von ebenso illustrer Genetik abstammen. Cherry Pie ist eine der besten Pie-Sorten, die von der kalifornischen Samenbank Powerzzzup Genetics gez\u00fcchtet wurde. Tangie hingegen ist eine beliebte Sativa mit spritzigen Aromen. Durch die Kreuzung dieser beiden ausgezeichneten Hybriden ist es unseren Z\u00fcchtern gelungen, eine wundersch\u00f6ne Genetik mit einer 70%igen Indica-Dominanz zu schaffen.<\/div>\n<p><\/p>\n<h2><strong>Merkmale Forbidden Fruit Fem Royal Queen Seeds:<\/strong><\/h2>\n<ul style=\"list-style-type: disc\">\n<li><strong>Gattung:<\/strong> Feminisiert<\/li>\n<li><strong>Genotyp:<\/strong> Hybrid 30% Sativa \/ 70% Indica<\/li>\n<li><strong>Genetik<\/strong>: Cherry Pie x Tangie<\/li>\n<li><strong>Tage:<\/strong> 56-70<\/li>\n<\/ul>\n<p><\/p>\n<div style=\"text-align: justify\"><em><strong>WARNUNG:<\/strong> Hanfsamen sind vom gesetzlichen Begriff Cannabis ausgenommen, was bedeutet, dass sie nicht als Bet\u00e4ubungsmittel gelten (L. 412 von 1974, Art. 1, Komma 1, Buchstabe B; Einheits\u00fcbereinkommen \u00fcber Bet\u00e4ubungsmittel von New York von 1961 und Tabelle II des Ministerialerlasses vom 27.7.1992). In Italien ist der Anbau von Hanf verboten (Artikel 28 und 73 des Pr\u00e4sidialdekrets 309\/90), es sei denn, es liegt eine Sondergenehmigung vor (Artikel 17 des Pr\u00e4sidialdekrets 309\/90). In Ermangelung einer solchen Genehmigung darf das Saatgut nur f\u00fcr andere Zwecke verwendet werden (zootechnische Zwecke, Sammeln usw.). Das Saatgut wird unter dem Vorbehalt verkauft, dass es nicht von Dritten im Widerspruch zu den gesetzlichen Bestimmungen verwendet wird.<\/em><\/div>\n","protected":false},"excerpt":{"rendered":"<p>\ud83c\udf3f FORBIDDEN FRUIT von ROYAL QUEEN SEEDS \u00b7 \ud83e\uddec Indica Dominant (60%+) \u00b7 \ud83d\udd25 THC sehr hoch (Sehr hoch (20\u202f%+)) \u00b7 \ud83d\udce6 Ertrag XL.<\/p>\n","protected":false},"featured_media":183829,"comment_status":"open","ping_status":"closed","template":"","meta":[],"product_brand":[],"product_cat":[7952],"product_tag":[10128,10171,8510,8609,9080,10124,10126],"class_list":{"0":"post-183840","1":"product","2":"type-product","3":"status-publish","4":"has-post-thumbnail","6":"product_cat-seedshop-de","7":"product_tag-feminisierte-samen","8":"product_tag-suess-fruchtig","9":"product_tag-indica","10":"product_tag-royal-queen-seeds","11":"product_tag-forbidden-fruit","12":"product_tag-thc-sehr-hoch","13":"product_tag-cannabis-samen","15":"first","16":"outofstock","17":"sale","18":"taxable","19":"shipping-taxable","20":"purchasable","21":"product-type-variable"},"aioseo_notices":[],"_links":{"self":[{"href":"https:\/\/www.budream.com\/de\/wp-json\/wp\/v2\/product\/183840","targetHints":{"allow":["GET"]}}],"collection":[{"href":"https:\/\/www.budream.com\/de\/wp-json\/wp\/v2\/product"}],"about":[{"href":"https:\/\/www.budream.com\/de\/wp-json\/wp\/v2\/types\/product"}],"replies":[{"embeddable":true,"href":"https:\/\/www.budream.com\/de\/wp-json\/wp\/v2\/comments?post=183840"}],"version-history":[{"count":2,"href":"https:\/\/www.budream.com\/de\/wp-json\/wp\/v2\/product\/183840\/revisions"}],"predecessor-version":[{"id":261648,"href":"https:\/\/www.budream.com\/de\/wp-json\/wp\/v2\/product\/183840\/revisions\/261648"}],"wp:featuredmedia":[{"embeddable":true,"href":"https:\/\/www.budream.com\/de\/wp-json\/wp\/v2\/media\/183829"}],"wp:attachment":[{"href":"https:\/\/www.budream.com\/de\/wp-json\/wp\/v2\/media?parent=183840"}],"wp:term":[{"taxonomy":"product_brand","embeddable":true,"href":"https:\/\/www.budream.com\/de\/wp-json\/wp\/v2\/product_brand?post=183840"},{"taxonomy":"product_cat","embeddable":true,"href":"https:\/\/www.budream.com\/de\/wp-json\/wp\/v2\/product_cat?post=183840"},{"taxonomy":"product_tag","embeddable":true,"href":"https:\/\/www.budream.com\/de\/wp-json\/wp\/v2\/product_tag?post=183840"}],"curies":[{"name":"wp","href":"https:\/\/api.w.org\/{rel}","templated":true}]}}