{"id":184086,"date":"2025-08-01T10:49:34","date_gmt":"2025-08-01T08:49:34","guid":{"rendered":"https:\/\/www.budream.com\/shop\/sensi-seeds-bank-jack-herer-automatic-fem\/"},"modified":"2026-03-23T23:33:41","modified_gmt":"2026-03-23T21:33:41","slug":"sensi-seeds-bank-jack-herer-automatic-fem","status":"publish","type":"product","link":"https:\/\/www.budream.com\/de\/shop\/sensi-seeds-bank-jack-herer-automatic-fem\/","title":{"rendered":"SENSI SEEDS BANK &#8211; JACK HERER AUTOMATIC FEM"},"content":{"rendered":"<div style=\"text-align: justify\">Jack Herer Autoflowering-Samen wurden durch Kreuzung von drei klassischen Sensi Seeds-Sorten entwickelt: Shiva Skunk, Haze und Northern Lights #5. Dieser 50% Indica- und 50% Sativa-Hybrid ist nach dem Kaiser des Hanfs, Jack Herer, benannt.<\/div>\n<p><\/p>\n<h2><strong>Eigenschaften Jack Herer Automatic Fem Sensi Seeds Bank:<\/strong><\/h2>\n<ul style=\"list-style-type: disc\">\n<li><strong>Gattung:<\/strong> Autoflowering Feminisierter Hybrid<\/li>\n<li><strong>Genotyp:<\/strong> 50% Indica 50% Sativa<\/li>\n<li><strong>Genetik:<\/strong> Shiva Skunk x Haze x Northern Lights #5<\/li>\n<li><strong>Bl\u00fchende Tage:<\/strong> 55-65 Tage<\/li>\n<\/ul>\n<p><\/p>\n<div style=\"text-align: justify\"><span style=\"font-size: 11pt\"><em><strong>WARNUNG:<\/strong> Hanfsamen sind vom gesetzlichen Begriff Cannabis ausgenommen, was bedeutet, dass sie nicht als Bet\u00e4ubungsmittel gelten (L. 412 von 1974, Art. 1, Absatz 1, Buchstabe B; Einheits\u00fcbereinkommen \u00fcber Bet\u00e4ubungsmittel von New York von 1961 und Tabelle II des Ministerialerlasses 27\/7\/1992). In Italien ist der Anbau von Hanf verboten (Artikel 28 und 73 des Pr\u00e4sidialdekrets 309\/90), es sei denn, es liegt eine Sondergenehmigung vor (Artikel 17 des Pr\u00e4sidialdekrets 309\/90). In Ermangelung einer solchen Genehmigung darf das Saatgut nur f\u00fcr andere Zwecke verwendet werden (zootechnische Zwecke, Sammeln usw.). Das Saatgut wird unter dem Vorbehalt verkauft, dass es nicht von Dritten im Widerspruch zu den gesetzlichen Bestimmungen verwendet wird.<\/em><\/span><\/div>\n","protected":false},"excerpt":{"rendered":"<p>\ud83c\udf3f JACK HERER AUTOMATIC von SENSI SEEDS BANK \u00b7 \ud83e\uddec Indica \/ Sativa \u00b7 \ud83d\udd25 THC sehr hoch (Sehr hoch (20\u202f%+)) \u00b7 \ud83d\udce6 Ertrag XL.<\/p>\n","protected":false},"featured_media":197057,"comment_status":"open","ping_status":"closed","template":"","meta":[],"product_brand":[],"product_cat":[7952],"product_tag":[10127,10128,8510,8511,8526,9086,9931,10124,10126],"class_list":{"0":"post-184086","1":"product","2":"type-product","3":"status-publish","4":"has-post-thumbnail","6":"product_cat-seedshop-de","7":"product_tag-scharf","8":"product_tag-feminisierte-samen","9":"product_tag-indica","10":"product_tag-sativa","11":"product_tag-sensi-seeds-bank","12":"product_tag-jack-herer-automatic","13":"product_tag-hybrid","14":"product_tag-thc-sehr-hoch","15":"product_tag-cannabis-samen","17":"first","18":"instock","19":"sale","20":"taxable","21":"shipping-taxable","22":"purchasable","23":"product-type-variable"},"_links":{"self":[{"href":"https:\/\/www.budream.com\/de\/wp-json\/wp\/v2\/product\/184086","targetHints":{"allow":["GET"]}}],"collection":[{"href":"https:\/\/www.budream.com\/de\/wp-json\/wp\/v2\/product"}],"about":[{"href":"https:\/\/www.budream.com\/de\/wp-json\/wp\/v2\/types\/product"}],"replies":[{"embeddable":true,"href":"https:\/\/www.budream.com\/de\/wp-json\/wp\/v2\/comments?post=184086"}],"version-history":[{"count":2,"href":"https:\/\/www.budream.com\/de\/wp-json\/wp\/v2\/product\/184086\/revisions"}],"predecessor-version":[{"id":260388,"href":"https:\/\/www.budream.com\/de\/wp-json\/wp\/v2\/product\/184086\/revisions\/260388"}],"wp:featuredmedia":[{"embeddable":true,"href":"https:\/\/www.budream.com\/de\/wp-json\/wp\/v2\/media\/197057"}],"wp:attachment":[{"href":"https:\/\/www.budream.com\/de\/wp-json\/wp\/v2\/media?parent=184086"}],"wp:term":[{"taxonomy":"product_brand","embeddable":true,"href":"https:\/\/www.budream.com\/de\/wp-json\/wp\/v2\/product_brand?post=184086"},{"taxonomy":"product_cat","embeddable":true,"href":"https:\/\/www.budream.com\/de\/wp-json\/wp\/v2\/product_cat?post=184086"},{"taxonomy":"product_tag","embeddable":true,"href":"https:\/\/www.budream.com\/de\/wp-json\/wp\/v2\/product_tag?post=184086"}],"curies":[{"name":"wp","href":"https:\/\/api.w.org\/{rel}","templated":true}]}}