{"id":185817,"date":"2025-08-01T12:10:36","date_gmt":"2025-08-01T10:10:36","guid":{"rendered":"https:\/\/www.budream.com\/shop\/barneys-farm-gmo-cookies-fem\/"},"modified":"2026-04-16T13:59:21","modified_gmt":"2026-04-16T11:59:21","slug":"barneys-farm-gmo-cookies-fem","status":"publish","type":"product","link":"https:\/\/www.budream.com\/de\/shop\/barneys-farm-gmo-cookies-fem\/","title":{"rendered":"BARNEY&#8217;S FARM &#8211; GMO COOKIES FEM"},"content":{"rendered":"<div style=\"text-align: justify\">GMO Cookies ist das Ergebnis einer fortschrittlichen Stammselektion, die ausgew\u00e4hlte Ph\u00e4notypen der Chemdawg- und Girl Scout Cookies-Genetik kombiniert.<\/div>\n<p><\/p>\n<h2><strong>Merkmale Barney&#8217;s Farm GMO Cookies Fem:<\/strong><\/h2>\n<ul style=\"list-style-type: disc\">\n<li><strong>Gattung:<\/strong> Feminisiert<\/li>\n<li><strong>Genotyp:<\/strong> 90% Indica \/ 10% Sativa<\/li>\n<li><strong>Genetik:<\/strong> Chemdawg-Sorte x Girl Scout Cookies-Sorte<\/li>\n<li><strong>Tage<\/strong><strong>:<\/strong> 63-70 Tage<\/li>\n<\/ul>\n<p><\/p>\n<div style=\"text-align: justify\"><span style=\"font-size: 11pt\"><em><strong>WARNUNG:<\/strong> Hanfsamen sind vom gesetzlichen Begriff Cannabis ausgenommen, was bedeutet, dass sie nicht als Bet\u00e4ubungsmittel gelten (L. 412 von 1974, Art. 1, Absatz 1, Buchstabe B; Einheits\u00fcbereinkommen \u00fcber Bet\u00e4ubungsmittel von New York von 1961 und Tabelle II des Ministerialerlasses 27\/7\/1992). In Italien ist der Anbau von Hanf verboten (Artikel 28 und 73 des Pr\u00e4sidialdekrets 309\/90), es sei denn, es liegt eine Sondergenehmigung vor (Artikel 17 des Pr\u00e4sidialdekrets 309\/90). In Ermangelung einer solchen Genehmigung darf das Saatgut nur f\u00fcr andere Zwecke verwendet werden (zootechnische Zwecke, Sammeln usw.). Das Saatgut wird unter dem Vorbehalt verkauft, dass es nicht von Dritten im Widerspruch zu den gesetzlichen Bestimmungen verwendet wird.<\/em><\/span><\/div>\n","protected":false},"excerpt":{"rendered":"<p>\ud83c\udf3f GMO COOKIES von BARNEY&#8217;S FARM \u00b7 \ud83e\uddec Indica (90%+) \u00b7 \ud83d\udd25 THC sehr hoch (Sehr hoch (20\u202f%+)) \u00b7 \ud83c\udfc6 Ertrag XXL.<\/p>\n","protected":false},"featured_media":185811,"comment_status":"open","ping_status":"closed","template":"","meta":[],"product_brand":[],"product_cat":[7952],"product_tag":[10126,10127,10128,10147,8510,8645,9092,10124,10125],"class_list":{"0":"post-185817","1":"product","2":"type-product","3":"status-publish","4":"has-post-thumbnail","6":"product_cat-seedshop-de","7":"product_tag-cannabis-samen","8":"product_tag-scharf","9":"product_tag-feminisierte-samen","10":"product_tag-erdiger","11":"product_tag-indica","12":"product_tag-barneys-farm","13":"product_tag-gmo-cookies","14":"product_tag-thc-sehr-hoch","15":"product_tag-ertrag-xxl","17":"first","18":"instock","19":"sale","20":"taxable","21":"shipping-taxable","22":"purchasable","23":"product-type-variable"},"_links":{"self":[{"href":"https:\/\/www.budream.com\/de\/wp-json\/wp\/v2\/product\/185817","targetHints":{"allow":["GET"]}}],"collection":[{"href":"https:\/\/www.budream.com\/de\/wp-json\/wp\/v2\/product"}],"about":[{"href":"https:\/\/www.budream.com\/de\/wp-json\/wp\/v2\/types\/product"}],"replies":[{"embeddable":true,"href":"https:\/\/www.budream.com\/de\/wp-json\/wp\/v2\/comments?post=185817"}],"version-history":[{"count":2,"href":"https:\/\/www.budream.com\/de\/wp-json\/wp\/v2\/product\/185817\/revisions"}],"predecessor-version":[{"id":262109,"href":"https:\/\/www.budream.com\/de\/wp-json\/wp\/v2\/product\/185817\/revisions\/262109"}],"wp:featuredmedia":[{"embeddable":true,"href":"https:\/\/www.budream.com\/de\/wp-json\/wp\/v2\/media\/185811"}],"wp:attachment":[{"href":"https:\/\/www.budream.com\/de\/wp-json\/wp\/v2\/media?parent=185817"}],"wp:term":[{"taxonomy":"product_brand","embeddable":true,"href":"https:\/\/www.budream.com\/de\/wp-json\/wp\/v2\/product_brand?post=185817"},{"taxonomy":"product_cat","embeddable":true,"href":"https:\/\/www.budream.com\/de\/wp-json\/wp\/v2\/product_cat?post=185817"},{"taxonomy":"product_tag","embeddable":true,"href":"https:\/\/www.budream.com\/de\/wp-json\/wp\/v2\/product_tag?post=185817"}],"curies":[{"name":"wp","href":"https:\/\/api.w.org\/{rel}","templated":true}]}}