{"id":185847,"date":"2025-08-01T12:12:29","date_gmt":"2025-08-01T10:12:29","guid":{"rendered":"https:\/\/www.budream.com\/shop\/barneys-farm-eifersucht-fem\/"},"modified":"2026-03-21T21:17:02","modified_gmt":"2026-03-21T19:17:02","slug":"barneys-farm-eifersucht-fem","status":"publish","type":"product","link":"https:\/\/www.budream.com\/de\/shop\/barneys-farm-eifersucht-fem\/","title":{"rendered":"BARNEY&#8217;S FARM &#8211; EIFERSUCHT FEM"},"content":{"rendered":"<p><strong>EIFERSUCHT<\/strong> ist ein ausgewogener Hybrid zwischen Indica und Sativa, vielseitig und f\u00fcr jede Gelegenheit geeignet von BARNEY&#8217;S FARM. Verf\u00fcgbar in Packungen mit 1 Samen feminisiert. Mit sehr hohem THC-Gehalt (Sehr hoch (20\u202f%+)), diese Pflanze richtet sich an erfahrene Z\u00fcchter. Im Anbau, hat einen mittleren Bl\u00fctezyklus von 10-12 Wochen und bietet au\u00dfergew\u00f6hnlich reichlich Ertr\u00e4ge. In der Nase und am Gaumen bietet es einen Strau\u00df von Aromen: \ud83c\udf3f Erdiger, \ud83c\udf3f Scharf, \ud83c\udf4b Zitrusartig.<\/p>\n","protected":false},"excerpt":{"rendered":"<p>\ud83c\udf3f EIFERSUCHT von BARNEY&#8217;S FARM \u00b7 \ud83e\uddec Indica \/ Sativa \u00b7 \ud83d\udd25 THC sehr hoch (Sehr hoch (20\u202f%+)) \u00b7 \ud83c\udfc6 Ertrag XXL.<\/p>\n","protected":false},"featured_media":185841,"comment_status":"open","ping_status":"closed","template":"","meta":[],"product_brand":[],"product_cat":[7952],"product_tag":[10375,8511,8645,9931,10124,10125,10126,10127,10128,10147,8510],"class_list":{"0":"post-185847","1":"product","2":"type-product","3":"status-publish","4":"has-post-thumbnail","6":"product_cat-seedshop-de","7":"product_tag-eifersucht","8":"product_tag-sativa","9":"product_tag-barneys-farm","10":"product_tag-hybrid","11":"product_tag-thc-sehr-hoch","12":"product_tag-ertrag-xxl","13":"product_tag-cannabis-samen","14":"product_tag-scharf","15":"product_tag-feminisierte-samen","16":"product_tag-erdiger","17":"product_tag-indica","19":"first","20":"instock","21":"taxable","22":"shipping-taxable","23":"purchasable","24":"product-type-variable"},"aioseo_notices":[],"_links":{"self":[{"href":"https:\/\/www.budream.com\/de\/wp-json\/wp\/v2\/product\/185847","targetHints":{"allow":["GET"]}}],"collection":[{"href":"https:\/\/www.budream.com\/de\/wp-json\/wp\/v2\/product"}],"about":[{"href":"https:\/\/www.budream.com\/de\/wp-json\/wp\/v2\/types\/product"}],"replies":[{"embeddable":true,"href":"https:\/\/www.budream.com\/de\/wp-json\/wp\/v2\/comments?post=185847"}],"version-history":[{"count":1,"href":"https:\/\/www.budream.com\/de\/wp-json\/wp\/v2\/product\/185847\/revisions"}],"predecessor-version":[{"id":259263,"href":"https:\/\/www.budream.com\/de\/wp-json\/wp\/v2\/product\/185847\/revisions\/259263"}],"wp:featuredmedia":[{"embeddable":true,"href":"https:\/\/www.budream.com\/de\/wp-json\/wp\/v2\/media\/185841"}],"wp:attachment":[{"href":"https:\/\/www.budream.com\/de\/wp-json\/wp\/v2\/media?parent=185847"}],"wp:term":[{"taxonomy":"product_brand","embeddable":true,"href":"https:\/\/www.budream.com\/de\/wp-json\/wp\/v2\/product_brand?post=185847"},{"taxonomy":"product_cat","embeddable":true,"href":"https:\/\/www.budream.com\/de\/wp-json\/wp\/v2\/product_cat?post=185847"},{"taxonomy":"product_tag","embeddable":true,"href":"https:\/\/www.budream.com\/de\/wp-json\/wp\/v2\/product_tag?post=185847"}],"curies":[{"name":"wp","href":"https:\/\/api.w.org\/{rel}","templated":true}]}}