{"id":186100,"date":"2025-08-01T12:27:05","date_gmt":"2025-08-01T10:27:05","guid":{"rendered":"https:\/\/www.budream.com\/shop\/suesse-samen-diablos-delight-xl-auto-fem-sws113\/"},"modified":"2026-04-10T08:49:34","modified_gmt":"2026-04-10T06:49:34","slug":"suesse-samen-diablos-delight-xl-auto-fem-sws113","status":"publish","type":"product","link":"https:\/\/www.budream.com\/de\/shop\/suesse-samen-diablos-delight-xl-auto-fem-sws113\/","title":{"rendered":"S\u00dcSSE SAMEN &#8211; DIABLO&#8217;S DELIGHT XL AUTO FEM (SWS113)"},"content":{"rendered":"<div style=\"text-align: justify\">Autoflowering-Hybrid der 4. Generation. Kreuzung zwischen der k\u00f6stlichen Watermelon OG und der unglaublichen Diablo Rojo XL Auto&reg; (SWS110).<\/div>\n<p><\/p>\n<h2><strong>Eigenschaften Diablo&#8217;s Delight XL Auto Fem:<\/strong><\/h2>\n<ul style=\"list-style-type: disc\">\n<li><strong>Gattung:<\/strong> Autoflowering feminisierter Hybrid<\/li>\n<li><strong>Genotyp:<\/strong> Indica: 53,4% \/ Sativa: 45% \/ 1,6% Ruderalis<\/li>\n<li><strong>Genetik: <\/strong>Wassermelone OG x Diablo Rojo XL Auto<\/li>\n<li>Tage<strong>:<\/strong> 56 Tage<\/li>\n<\/ul>\n<p><\/p>\n<div style=\"text-align: justify\"><span style=\"font-size: 11pt\"><em><strong>WARNUNG:<\/strong> Hanfsamen sind vom gesetzlichen Begriff Cannabis ausgenommen, was bedeutet, dass sie nicht als Bet\u00e4ubungsmittel gelten (L. 412 von 1974, Art. 1, Absatz 1, Buchstabe B; Einheits\u00fcbereinkommen \u00fcber Bet\u00e4ubungsmittel von New York von 1961 und Tabelle II des Ministerialerlasses vom 27.7.1992). In Italien ist der Anbau von Hanf verboten (Artikel 28 und 73 des Pr\u00e4sidialdekrets 309\/90), es sei denn, es liegt eine Sondergenehmigung vor (Artikel 17 des Pr\u00e4sidialdekrets 309\/90). In Ermangelung einer solchen Genehmigung darf das Saatgut nur f\u00fcr andere Zwecke verwendet werden (zootechnische Zwecke, Sammeln usw.). Das Saatgut wird unter dem Vorbehalt verkauft, dass es nicht von Dritten im Widerspruch zu den gesetzlichen Bestimmungen verwendet wird.<\/em><\/span><\/div>\n","protected":false},"excerpt":{"rendered":"<p>Autoflowering-Hybrid der 4. Generation. Kreuzung zwischen der k\u00f6stlichen Watermelon OG und der unglaublichen Diablo Rojo XL Auto&reg; (SWS110). Eigenschaften Diablo&#8217;s<\/p>\n","protected":false},"featured_media":186089,"comment_status":"open","ping_status":"closed","template":"","meta":[],"product_brand":[],"product_cat":[7907],"product_tag":[],"class_list":{"0":"post-186100","1":"product","2":"type-product","3":"status-publish","4":"has-post-thumbnail","6":"product_cat-verdampfer","8":"first","9":"instock","10":"sale","11":"taxable","12":"shipping-taxable","13":"purchasable","14":"product-type-variable"},"aioseo_notices":[],"_links":{"self":[{"href":"https:\/\/www.budream.com\/de\/wp-json\/wp\/v2\/product\/186100","targetHints":{"allow":["GET"]}}],"collection":[{"href":"https:\/\/www.budream.com\/de\/wp-json\/wp\/v2\/product"}],"about":[{"href":"https:\/\/www.budream.com\/de\/wp-json\/wp\/v2\/types\/product"}],"replies":[{"embeddable":true,"href":"https:\/\/www.budream.com\/de\/wp-json\/wp\/v2\/comments?post=186100"}],"version-history":[{"count":1,"href":"https:\/\/www.budream.com\/de\/wp-json\/wp\/v2\/product\/186100\/revisions"}],"predecessor-version":[{"id":262132,"href":"https:\/\/www.budream.com\/de\/wp-json\/wp\/v2\/product\/186100\/revisions\/262132"}],"wp:featuredmedia":[{"embeddable":true,"href":"https:\/\/www.budream.com\/de\/wp-json\/wp\/v2\/media\/186089"}],"wp:attachment":[{"href":"https:\/\/www.budream.com\/de\/wp-json\/wp\/v2\/media?parent=186100"}],"wp:term":[{"taxonomy":"product_brand","embeddable":true,"href":"https:\/\/www.budream.com\/de\/wp-json\/wp\/v2\/product_brand?post=186100"},{"taxonomy":"product_cat","embeddable":true,"href":"https:\/\/www.budream.com\/de\/wp-json\/wp\/v2\/product_cat?post=186100"},{"taxonomy":"product_tag","embeddable":true,"href":"https:\/\/www.budream.com\/de\/wp-json\/wp\/v2\/product_tag?post=186100"}],"curies":[{"name":"wp","href":"https:\/\/api.w.org\/{rel}","templated":true}]}}