{"id":186135,"date":"2025-08-01T12:28:54","date_gmt":"2025-08-01T10:28:54","guid":{"rendered":"https:\/\/www.budream.com\/shop\/suesse-samen-studio-54-stardust-auto-fem-sws116\/"},"modified":"2026-03-23T21:42:24","modified_gmt":"2026-03-23T19:42:24","slug":"suesse-samen-studio-54-stardust-auto-fem-sws116","status":"publish","type":"product","link":"https:\/\/www.budream.com\/de\/shop\/suesse-samen-studio-54-stardust-auto-fem-sws116\/","title":{"rendered":"S\u00dcSSE SAMEN &#8211; STUDIO 54 STARDUST AUTO FEM (SWS116)"},"content":{"rendered":"<div style=\"text-align: justify\">Autoflowering der 5. Generation, die hochwertige kalifornische Studio 54-Genetik (Sunset Sherbert x OZ Kush #54) mit unserer Red Strawberry Banana Auto&reg; (SWS90) kombiniert.<\/div>\n<p><\/p>\n<h2><strong>Eigenschaften Studio 54 Stardust Auto Fem:<\/strong><\/h2>\n<ul style=\"list-style-type: disc\">\n<li><strong>Gattung:<\/strong> Autoflowering feminisierter Hybrid<\/li>\n<li><strong>Genotyp:<\/strong> Indica: 61,7% \/ Sativa: 37,5% \/ 0,8% Ruderalis<\/li>\n<li><strong>Genetik: <\/strong>Studio 54 x Red Strawberry Banana Auto<\/li>\n<li>Tage<strong>:<\/strong> 56 Tage<\/li>\n<\/ul>\n<p><\/p>\n<div style=\"text-align: justify\"><span style=\"font-size: 11pt\"><em><strong>ACHTUNG:<\/strong> Hanfsamen sind vom gesetzlichen Begriff Cannabis ausgenommen, was bedeutet, dass sie nicht als Bet\u00e4ubungsmittel gelten (L. 412 von 1974, Art. 1, Absatz 1, Buchstabe B; Einheits\u00fcbereinkommen \u00fcber Bet\u00e4ubungsmittel von New York von 1961 und Tabelle II des Ministerialerlasses 27\/7\/1992). In Italien ist der Anbau von Hanf verboten (Artikel 28 und 73 des Pr\u00e4sidialdekrets 309\/90), es sei denn, es liegt eine Sondergenehmigung vor (Artikel 17 des Pr\u00e4sidialdekrets 309\/90). In Ermangelung einer solchen Genehmigung darf das Saatgut nur f\u00fcr andere Zwecke verwendet werden (zootechnische Zwecke, Sammeln usw.). Das Saatgut wird unter dem Vorbehalt verkauft, dass es nicht von Dritten im Widerspruch zu den gesetzlichen Bestimmungen verwendet wird.<\/em><\/span><\/div>\n","protected":false},"excerpt":{"rendered":"<p>\ud83c\udf3f STUDIO 54 STARDUST AUTO FEM (SWS116) von SWEET SEEDS \u00b7 \ud83e\uddec Indica Dominant (60%+) \u00b7 \ud83d\udd25 THC sehr hoch (Sehr hoch (20\u202f%+)).<\/p>\n","protected":false},"featured_media":186124,"comment_status":"open","ping_status":"closed","template":"","meta":[],"product_brand":[],"product_cat":[7952],"product_tag":[10124,10126,10128,10147,10171,8510,8543,9101],"class_list":{"0":"post-186135","1":"product","2":"type-product","3":"status-publish","4":"has-post-thumbnail","6":"product_cat-seedshop-de","7":"product_tag-thc-sehr-hoch","8":"product_tag-cannabis-samen","9":"product_tag-feminisierte-samen","10":"product_tag-erdiger","11":"product_tag-suess-fruchtig","12":"product_tag-indica","13":"product_tag-sweet-seeds","14":"product_tag-studio-54-stardust-auto-fem-sws116","16":"first","17":"instock","18":"sale","19":"taxable","20":"shipping-taxable","21":"purchasable","22":"product-type-variable"},"aioseo_notices":[],"_links":{"self":[{"href":"https:\/\/www.budream.com\/de\/wp-json\/wp\/v2\/product\/186135","targetHints":{"allow":["GET"]}}],"collection":[{"href":"https:\/\/www.budream.com\/de\/wp-json\/wp\/v2\/product"}],"about":[{"href":"https:\/\/www.budream.com\/de\/wp-json\/wp\/v2\/types\/product"}],"replies":[{"embeddable":true,"href":"https:\/\/www.budream.com\/de\/wp-json\/wp\/v2\/comments?post=186135"}],"version-history":[{"count":2,"href":"https:\/\/www.budream.com\/de\/wp-json\/wp\/v2\/product\/186135\/revisions"}],"predecessor-version":[{"id":259941,"href":"https:\/\/www.budream.com\/de\/wp-json\/wp\/v2\/product\/186135\/revisions\/259941"}],"wp:featuredmedia":[{"embeddable":true,"href":"https:\/\/www.budream.com\/de\/wp-json\/wp\/v2\/media\/186124"}],"wp:attachment":[{"href":"https:\/\/www.budream.com\/de\/wp-json\/wp\/v2\/media?parent=186135"}],"wp:term":[{"taxonomy":"product_brand","embeddable":true,"href":"https:\/\/www.budream.com\/de\/wp-json\/wp\/v2\/product_brand?post=186135"},{"taxonomy":"product_cat","embeddable":true,"href":"https:\/\/www.budream.com\/de\/wp-json\/wp\/v2\/product_cat?post=186135"},{"taxonomy":"product_tag","embeddable":true,"href":"https:\/\/www.budream.com\/de\/wp-json\/wp\/v2\/product_tag?post=186135"}],"curies":[{"name":"wp","href":"https:\/\/api.w.org\/{rel}","templated":true}]}}