{"id":186170,"date":"2025-08-01T12:30:50","date_gmt":"2025-08-01T10:30:50","guid":{"rendered":"https:\/\/www.budream.com\/shop\/suesse-samen-permanente-eifersucht-xl-auto-fem-sws115\/"},"modified":"2026-03-24T22:12:54","modified_gmt":"2026-03-24T20:12:54","slug":"suesse-samen-permanente-eifersucht-xl-auto-fem-sws115","status":"publish","type":"product","link":"https:\/\/www.budream.com\/de\/shop\/suesse-samen-permanente-eifersucht-xl-auto-fem-sws115\/","title":{"rendered":"S\u00dcSSE SAMEN &#8211; PERMANENTE EIFERSUCHT XL AUTO FEM (SWS115)"},"content":{"rendered":"<div style=\"text-align: justify\">Autoflowering 7. Generation und hohe Statur. Ergebnis einer Kreuzung zwischen einem elit\u00e4ren &#8218;Super Strong&#8216; Klon von Permanent Marker und unserer k\u00f6stlichen Jealousy Z XL Auto&reg; (SWS108). Permanent Marker [(Biscuits x Jealousy) x Sherb Bx1] hat weltweit gro\u00dfe Anerkennung erlangt und wurde 2022 von High Times und 2023 von Leafly als &#8222;Strain of the Year&#8220; ausgezeichnet.<\/div>\n<p><\/p>\n<h2><strong>Eigenschaften Permanet Jealousy XL Auto Fem:<\/strong><\/h2>\n<ul style=\"list-style-type: disc\">\n<li><strong>Gattung:<\/strong> Hybrid Feminisiert Autoflowering<\/li>\n<li><strong>Genotyp:<\/strong> Indica: 63,2% \/ Sativa: 36,6% \/ 0,2% Ruderalis<\/li>\n<li><strong>Genetik: <\/strong>Permanent Marker x Jealousy Z XL Auto<\/li>\n<li>Tage<strong>:<\/strong> 56 Tage<\/li>\n<\/ul>\n<p><\/p>\n<div style=\"text-align: justify\"><span style=\"font-size: 11pt\"><em><strong>ACHTUNG:<\/strong> Hanfsamen sind vom gesetzlichen Begriff Cannabis ausgenommen, was bedeutet, dass sie nicht als Bet\u00e4ubungsmittel gelten (L. 412 von 1974, Art. 1, Absatz 1, Buchstabe B; Einheits\u00fcbereinkommen \u00fcber Bet\u00e4ubungsmittel von New York von 1961 und Tabelle II des Ministerialerlasses 27\/7\/1992). In Italien ist der Anbau von Hanf verboten (Artikel 28 und 73 des Pr\u00e4sidialdekrets 309\/90), es sei denn, es liegt eine Sondergenehmigung vor (Artikel 17 des Pr\u00e4sidialdekrets 309\/90). In Ermangelung einer solchen Genehmigung darf das Saatgut nur f\u00fcr andere Zwecke verwendet werden (zootechnische Zwecke, Sammeln usw.). Das Saatgut wird unter dem Vorbehalt verkauft, dass es nicht von Dritten im Widerspruch zu den gesetzlichen Bestimmungen verwendet wird.<\/em><\/span><\/div>\n","protected":false},"excerpt":{"rendered":"<p>\ud83c\udf3f PERMANENTE EIFERSUCHT XL AUTO FEM (SWS115) von SWEET SEEDS \u00b7 \ud83e\uddec Indica Dominant (60%+) \u00b7 \ud83d\udd25 THC sehr hoch (Sehr hoch (20\u202f%+)).<\/p>\n","protected":false},"featured_media":186159,"comment_status":"open","ping_status":"closed","template":"","meta":[],"product_brand":[],"product_cat":[7952],"product_tag":[8510,8543,10124,10126,10128,10150,10377],"class_list":{"0":"post-186170","1":"product","2":"type-product","3":"status-publish","4":"has-post-thumbnail","6":"product_cat-seedshop-de","7":"product_tag-indica","8":"product_tag-sweet-seeds","9":"product_tag-thc-sehr-hoch","10":"product_tag-cannabis-samen","11":"product_tag-feminisierte-samen","12":"product_tag-zitrusartig","13":"product_tag-permanente-eifersucht-xl-auto-fem-sws115","15":"first","16":"instock","17":"sale","18":"taxable","19":"shipping-taxable","20":"purchasable","21":"product-type-variable"},"aioseo_notices":[],"_links":{"self":[{"href":"https:\/\/www.budream.com\/de\/wp-json\/wp\/v2\/product\/186170","targetHints":{"allow":["GET"]}}],"collection":[{"href":"https:\/\/www.budream.com\/de\/wp-json\/wp\/v2\/product"}],"about":[{"href":"https:\/\/www.budream.com\/de\/wp-json\/wp\/v2\/types\/product"}],"replies":[{"embeddable":true,"href":"https:\/\/www.budream.com\/de\/wp-json\/wp\/v2\/comments?post=186170"}],"version-history":[{"count":2,"href":"https:\/\/www.budream.com\/de\/wp-json\/wp\/v2\/product\/186170\/revisions"}],"predecessor-version":[{"id":259922,"href":"https:\/\/www.budream.com\/de\/wp-json\/wp\/v2\/product\/186170\/revisions\/259922"}],"wp:featuredmedia":[{"embeddable":true,"href":"https:\/\/www.budream.com\/de\/wp-json\/wp\/v2\/media\/186159"}],"wp:attachment":[{"href":"https:\/\/www.budream.com\/de\/wp-json\/wp\/v2\/media?parent=186170"}],"wp:term":[{"taxonomy":"product_brand","embeddable":true,"href":"https:\/\/www.budream.com\/de\/wp-json\/wp\/v2\/product_brand?post=186170"},{"taxonomy":"product_cat","embeddable":true,"href":"https:\/\/www.budream.com\/de\/wp-json\/wp\/v2\/product_cat?post=186170"},{"taxonomy":"product_tag","embeddable":true,"href":"https:\/\/www.budream.com\/de\/wp-json\/wp\/v2\/product_tag?post=186170"}],"curies":[{"name":"wp","href":"https:\/\/api.w.org\/{rel}","templated":true}]}}