{"id":186240,"date":"2025-08-01T12:34:33","date_gmt":"2025-08-01T10:34:33","guid":{"rendered":"https:\/\/www.budream.com\/shop\/suesse-samen-mentaler-regenbogen-f1-schnelle-version-fem\/"},"modified":"2026-03-26T18:34:44","modified_gmt":"2026-03-26T16:34:44","slug":"suesse-samen-mentaler-regenbogen-f1-schnelle-version-fem","status":"publish","type":"product","link":"https:\/\/www.budream.com\/de\/shop\/suesse-samen-mentaler-regenbogen-f1-schnelle-version-fem\/","title":{"rendered":"S\u00dcSSE SAMEN &#8211; MENTALER REGENBOGEN F1 SCHNELLE VERSION FEM"},"content":{"rendered":"<div style=\"text-align: justify\">Lichtabh\u00e4ngige, ultraschnell bl\u00fchende Version der ber\u00fchmten kalifornischen &#8218;Super Strong&#8216;-Sorte Rainbow Sherbert #11.<\/div>\n<h2><strong><br \/>Eigenschaften Sweet Seeds Mental Rainbow F1 Fast Version Fem:<\/strong><\/h2>\n<ul style=\"list-style-type: disc\">\n<li><strong>Gattung:<\/strong> Hybrid Feminisiert<\/li>\n<li><strong>Genotyp:<\/strong> Indica:65% \/ Sativa: 35%<\/li>\n<li><strong>Genetik: <\/strong>Rainbow Sherbert #11 x Papaya Zoap Auto<\/li>\n<li><strong>Tage: <\/strong>49-56 Tage<\/li>\n<\/ul>\n<p><\/p>\n<div style=\"text-align: justify\"><span style=\"font-size: 11pt\"><em><strong>WARNUNG:<\/strong> Hanfsamen sind vom gesetzlichen Begriff Cannabis ausgenommen, was bedeutet, dass sie nicht als Bet\u00e4ubungsmittel gelten (L. 412 von 1974, Art. 1, Absatz 1, Buchstabe B; Einheits\u00fcbereinkommen \u00fcber Bet\u00e4ubungsmittel von New York von 1961 und Tabelle II des Ministerialerlasses 27\/7\/1992). In Italien ist der Anbau von Hanf verboten (Artikel 28 und 73 des Pr\u00e4sidialdekrets 309\/90), es sei denn, es liegt eine Sondergenehmigung vor (Artikel 17 des Pr\u00e4sidialdekrets 309\/90). In Ermangelung einer solchen Genehmigung darf das Saatgut nur f\u00fcr andere Zwecke verwendet werden (zootechnische Zwecke, Sammeln usw.). Das Saatgut wird unter dem Vorbehalt verkauft, dass es nicht von Dritten im Widerspruch zu den gesetzlichen Bestimmungen verwendet wird.<\/em><\/span><\/div>\n","protected":false},"excerpt":{"rendered":"<p>\ud83c\udf3f MENTALER REGENBOGEN F1 SCHNELLE VERSION von SWEET SEEDS \u00b7 \ud83e\uddec Indica Dominant (60%+) \u00b7 \ud83d\udd25 THC sehr hoch (Sehr hoch (20\u202f%+)) \u00b7 \ud83d\udce6 Ertrag XL.<\/p>\n","protected":false},"featured_media":186229,"comment_status":"open","ping_status":"closed","template":"","meta":[],"product_brand":[],"product_cat":[7952],"product_tag":[8543,10124,10126,10128,10147,10171,10379,8510],"class_list":{"0":"post-186240","1":"product","2":"type-product","3":"status-publish","4":"has-post-thumbnail","6":"product_cat-seedshop-de","7":"product_tag-sweet-seeds","8":"product_tag-thc-sehr-hoch","9":"product_tag-cannabis-samen","10":"product_tag-feminisierte-samen","11":"product_tag-erdiger","12":"product_tag-suess-fruchtig","13":"product_tag-mentaler-regenbogen-f1-schnelle-version","14":"product_tag-indica","16":"first","17":"instock","18":"sale","19":"taxable","20":"shipping-taxable","21":"purchasable","22":"product-type-variable"},"_links":{"self":[{"href":"https:\/\/www.budream.com\/de\/wp-json\/wp\/v2\/product\/186240","targetHints":{"allow":["GET"]}}],"collection":[{"href":"https:\/\/www.budream.com\/de\/wp-json\/wp\/v2\/product"}],"about":[{"href":"https:\/\/www.budream.com\/de\/wp-json\/wp\/v2\/types\/product"}],"replies":[{"embeddable":true,"href":"https:\/\/www.budream.com\/de\/wp-json\/wp\/v2\/comments?post=186240"}],"version-history":[{"count":2,"href":"https:\/\/www.budream.com\/de\/wp-json\/wp\/v2\/product\/186240\/revisions"}],"predecessor-version":[{"id":259913,"href":"https:\/\/www.budream.com\/de\/wp-json\/wp\/v2\/product\/186240\/revisions\/259913"}],"wp:featuredmedia":[{"embeddable":true,"href":"https:\/\/www.budream.com\/de\/wp-json\/wp\/v2\/media\/186229"}],"wp:attachment":[{"href":"https:\/\/www.budream.com\/de\/wp-json\/wp\/v2\/media?parent=186240"}],"wp:term":[{"taxonomy":"product_brand","embeddable":true,"href":"https:\/\/www.budream.com\/de\/wp-json\/wp\/v2\/product_brand?post=186240"},{"taxonomy":"product_cat","embeddable":true,"href":"https:\/\/www.budream.com\/de\/wp-json\/wp\/v2\/product_cat?post=186240"},{"taxonomy":"product_tag","embeddable":true,"href":"https:\/\/www.budream.com\/de\/wp-json\/wp\/v2\/product_tag?post=186240"}],"curies":[{"name":"wp","href":"https:\/\/api.w.org\/{rel}","templated":true}]}}