{"id":186275,"date":"2025-08-01T12:36:27","date_gmt":"2025-08-01T10:36:27","guid":{"rendered":"https:\/\/www.budream.com\/shop\/suesse-samen-monster-maker-fem-sws117\/"},"modified":"2026-03-24T23:24:23","modified_gmt":"2026-03-24T21:24:23","slug":"suesse-samen-monster-maker-fem-sws117","status":"publish","type":"product","link":"https:\/\/www.budream.com\/de\/shop\/suesse-samen-monster-maker-fem-sws117\/","title":{"rendered":"S\u00dcSSE SAMEN &#8211; MONSTER MAKER FEM (SWS117)"},"content":{"rendered":"<div style=\"text-align: justify\">Ein Polyhybrid, der aus der Kreuzung von Chimera #3, einem ultra-harzigen, ausgewogenen Hybriden, und Permanent Marker [(Biscuits x Jealousy) x Sherb Bx1] hervorgegangen ist, einer &#8222;Super Strong&#8220;-Sorte, die f\u00fcr ihre aromatische Komplexit\u00e4t und Potenz bekannt ist und von High Times 2022 und Leafly 2023 als &#8222;Strain of the Year&#8220; ausgezeichnet wurde.<\/div>\n<h2><strong><br \/>Eigenschaften Sweet Seeds Monster Maker Fem:<\/strong><\/h2>\n<ul style=\"list-style-type: disc\">\n<li><strong>Gattung:<\/strong> Hybrid Feminisiert<\/li>\n<li><strong>Genotyp:<\/strong> Indica: 60% \/ Sativa: 40%<\/li>\n<li><strong>Genetik: <\/strong>Permanent Marker x Chimera#3<\/li>\n<li><strong>Tage: <\/strong>49-56 Tage<\/li>\n<\/ul>\n<p><\/p>\n<div style=\"text-align: justify\"><span style=\"font-size: 11pt\"><em><strong>ACHTUNG:<\/strong> Hanfsamen sind von der gesetzlichen Definition von Cannabis ausgenommen, was bedeutet, dass sie nicht als Bet\u00e4ubungsmittel gelten (Gesetz 412 von 1974, Art. 1, Absatz 1, Buchstabe B; Einheits\u00fcbereinkommen \u00fcber Bet\u00e4ubungsmittel von New York von 1961 und Tabelle II des Ministerialerlasses 27\/7\/1992). In Italien ist der Anbau von Hanf verboten (Artikel 28 und 73 des Pr\u00e4sidialdekrets 309\/90), es sei denn, es liegt eine Sondergenehmigung vor (Artikel 17 des Pr\u00e4sidialdekrets 309\/90). In Ermangelung einer solchen Genehmigung darf das Saatgut nur f\u00fcr andere Zwecke verwendet werden (zootechnische Zwecke, Sammeln usw.). Das Saatgut wird unter dem Vorbehalt verkauft, dass es nicht von Dritten im Widerspruch zu den gesetzlichen Bestimmungen verwendet wird.<\/em><\/span><\/div>\n","protected":false},"excerpt":{"rendered":"<p>\ud83c\udf3f MONSTER MAKER FEM (SWS117) von SWEET SEEDS \u00b7 \ud83e\uddec Indica Dominant (60%+) \u00b7 \ud83d\udd25 THC sehr hoch (Sehr hoch (20\u202f%+)) \u00b7 \ud83d\udce6 Ertrag XL.<\/p>\n","protected":false},"featured_media":186264,"comment_status":"open","ping_status":"closed","template":"","meta":[],"product_brand":[],"product_cat":[7952],"product_tag":[10124,10126,10128,10150,10171,8510,8543,9105],"class_list":{"0":"post-186275","1":"product","2":"type-product","3":"status-publish","4":"has-post-thumbnail","6":"product_cat-seedshop-de","7":"product_tag-thc-sehr-hoch","8":"product_tag-cannabis-samen","9":"product_tag-feminisierte-samen","10":"product_tag-zitrusartig","11":"product_tag-suess-fruchtig","12":"product_tag-indica","13":"product_tag-sweet-seeds","14":"product_tag-monster-maker-fem-sws117","16":"first","17":"instock","18":"sale","19":"taxable","20":"shipping-taxable","21":"purchasable","22":"product-type-variable"},"_links":{"self":[{"href":"https:\/\/www.budream.com\/de\/wp-json\/wp\/v2\/product\/186275","targetHints":{"allow":["GET"]}}],"collection":[{"href":"https:\/\/www.budream.com\/de\/wp-json\/wp\/v2\/product"}],"about":[{"href":"https:\/\/www.budream.com\/de\/wp-json\/wp\/v2\/types\/product"}],"replies":[{"embeddable":true,"href":"https:\/\/www.budream.com\/de\/wp-json\/wp\/v2\/comments?post=186275"}],"version-history":[{"count":2,"href":"https:\/\/www.budream.com\/de\/wp-json\/wp\/v2\/product\/186275\/revisions"}],"predecessor-version":[{"id":259915,"href":"https:\/\/www.budream.com\/de\/wp-json\/wp\/v2\/product\/186275\/revisions\/259915"}],"wp:featuredmedia":[{"embeddable":true,"href":"https:\/\/www.budream.com\/de\/wp-json\/wp\/v2\/media\/186264"}],"wp:attachment":[{"href":"https:\/\/www.budream.com\/de\/wp-json\/wp\/v2\/media?parent=186275"}],"wp:term":[{"taxonomy":"product_brand","embeddable":true,"href":"https:\/\/www.budream.com\/de\/wp-json\/wp\/v2\/product_brand?post=186275"},{"taxonomy":"product_cat","embeddable":true,"href":"https:\/\/www.budream.com\/de\/wp-json\/wp\/v2\/product_cat?post=186275"},{"taxonomy":"product_tag","embeddable":true,"href":"https:\/\/www.budream.com\/de\/wp-json\/wp\/v2\/product_tag?post=186275"}],"curies":[{"name":"wp","href":"https:\/\/api.w.org\/{rel}","templated":true}]}}