{"id":186576,"date":"2025-08-01T12:51:37","date_gmt":"2025-08-01T10:51:37","guid":{"rendered":"https:\/\/www.budream.com\/shop\/royal-queen-seeds-atlas-f1-autoflowering\/"},"modified":"2026-03-21T21:22:40","modified_gmt":"2026-03-21T19:22:40","slug":"royal-queen-seeds-atlas-f1-autoflowering","status":"publish","type":"product","link":"https:\/\/www.budream.com\/de\/shop\/royal-queen-seeds-atlas-f1-autoflowering\/","title":{"rendered":"ROYAL QUEEN SEEDS &#8211; ATLAS F1 AUTOFLOWERING"},"content":{"rendered":"<p><strong>ATLAS F1 AUTOFLOWERING<\/strong> ist ein ausgewogener Hybrid zwischen Indica und Sativa, vielseitig und f\u00fcr jede Gelegenheit geeignet von ROYAL QUEEN SEEDS. Verf\u00fcgbar in Packungen mit 1 Samen feminisiert. Mit einem THC-Gehalt von Hoch (15\u201319\u202f%) und CBD Hoch (6\u202f%+), diese Pflanze richtet sich an diejenigen, die Potenz und Qualit\u00e4t suchen. Im Anbau, bietet au\u00dfergew\u00f6hnlich reichlich Ertr\u00e4ge. In der Nase und am Gaumen bietet es einen Strau\u00df von Aromen: \ud83c\udf53 S\u00fc\u00df \/ Fruchtig, \ud83c\udf4b Zitrusartig.<\/p>\n","protected":false},"excerpt":{"rendered":"<p>\ud83c\udf3f ATLAS F1 AUTOFLOWERING von ROYAL QUEEN SEEDS \u00b7 \ud83e\uddec Indica \/ Sativa \u00b7 \ud83d\udcaa THC hoch (Hoch (15\u201319\u202f%)) \u00b7 \ud83c\udfc6 Ertrag XXL.<\/p>\n","protected":false},"featured_media":186565,"comment_status":"open","ping_status":"closed","template":"","meta":[],"product_brand":[],"product_cat":[7952],"product_tag":[8609,9110,9931,10125,10126,10128,10140,10150,10171,8510,8511],"class_list":{"0":"post-186576","1":"product","2":"type-product","3":"status-publish","4":"has-post-thumbnail","6":"product_cat-seedshop-de","7":"product_tag-royal-queen-seeds","8":"product_tag-atlas-f1-autoflowering","9":"product_tag-hybrid","10":"product_tag-ertrag-xxl","11":"product_tag-cannabis-samen","12":"product_tag-feminisierte-samen","13":"product_tag-thc-hoch","14":"product_tag-zitrusartig","15":"product_tag-suess-fruchtig","16":"product_tag-indica","17":"product_tag-sativa","19":"first","20":"instock","21":"sale","22":"taxable","23":"shipping-taxable","24":"purchasable","25":"product-type-variable"},"_links":{"self":[{"href":"https:\/\/www.budream.com\/de\/wp-json\/wp\/v2\/product\/186576","targetHints":{"allow":["GET"]}}],"collection":[{"href":"https:\/\/www.budream.com\/de\/wp-json\/wp\/v2\/product"}],"about":[{"href":"https:\/\/www.budream.com\/de\/wp-json\/wp\/v2\/types\/product"}],"replies":[{"embeddable":true,"href":"https:\/\/www.budream.com\/de\/wp-json\/wp\/v2\/comments?post=186576"}],"version-history":[{"count":1,"href":"https:\/\/www.budream.com\/de\/wp-json\/wp\/v2\/product\/186576\/revisions"}],"predecessor-version":[{"id":259281,"href":"https:\/\/www.budream.com\/de\/wp-json\/wp\/v2\/product\/186576\/revisions\/259281"}],"wp:featuredmedia":[{"embeddable":true,"href":"https:\/\/www.budream.com\/de\/wp-json\/wp\/v2\/media\/186565"}],"wp:attachment":[{"href":"https:\/\/www.budream.com\/de\/wp-json\/wp\/v2\/media?parent=186576"}],"wp:term":[{"taxonomy":"product_brand","embeddable":true,"href":"https:\/\/www.budream.com\/de\/wp-json\/wp\/v2\/product_brand?post=186576"},{"taxonomy":"product_cat","embeddable":true,"href":"https:\/\/www.budream.com\/de\/wp-json\/wp\/v2\/product_cat?post=186576"},{"taxonomy":"product_tag","embeddable":true,"href":"https:\/\/www.budream.com\/de\/wp-json\/wp\/v2\/product_tag?post=186576"}],"curies":[{"name":"wp","href":"https:\/\/api.w.org\/{rel}","templated":true}]}}