{"id":187130,"date":"2025-08-01T13:25:25","date_gmt":"2025-08-01T11:25:25","guid":{"rendered":"https:\/\/www.budream.com\/shop\/niederlaendische-leidenschaft-candy-bubatz-xl-fem\/"},"modified":"2026-03-27T11:35:06","modified_gmt":"2026-03-27T09:35:06","slug":"niederlaendische-leidenschaft-candy-bubatz-xl-fem","status":"publish","type":"product","link":"https:\/\/www.budream.com\/de\/shop\/niederlaendische-leidenschaft-candy-bubatz-xl-fem\/","title":{"rendered":"NIEDERL\u00c4NDISCHE LEIDENSCHAFT &#8211; CANDY BUBATZ XL FEM"},"content":{"rendered":"<div style=\"text-align: justify\">Die Candy Bubatz xl ist eine Kreuzung zwischen Bubble Gum und unserer Critical Orange Punch.<\/div>\n<p><\/p>\n<h2><strong>Eigenschaften Candy Bubatz XL Fem Dutch Passion:<\/strong><\/h2>\n<ul style=\"list-style-type: disc\">\n<li><strong>Gattung:<\/strong> Feminisiert<\/li>\n<li><strong>Genotyp:<\/strong> Indica\/Sativa-Hybrid<\/li>\n<li><strong>Genetik:<\/strong> Bubble Gum x Critical Orange Punch<\/li>\n<li>Tage<strong>:<\/strong> 63 Tage<\/li>\n<\/ul>\n<p><\/p>\n<div style=\"text-align: justify\"><span style=\"font-size: 11pt\"><em><strong>WARNUNG:<\/strong> Hanfsamen sind vom gesetzlichen Begriff Cannabis ausgenommen, was bedeutet, dass sie nicht als Bet\u00e4ubungsmittel gelten (L. 412 von 1974, Art. 1, Absatz 1, Buchstabe B; Einheits\u00fcbereinkommen \u00fcber Bet\u00e4ubungsmittel von New York von 1961 und Tabelle II des Ministerialerlasses 27\/7\/1992). In Italien ist der Anbau von Hanf verboten (Artikel 28 und 73 des Pr\u00e4sidialdekrets 309\/90), es sei denn, es liegt eine Sondergenehmigung vor (Artikel 17 des Pr\u00e4sidialdekrets 309\/90). In Ermangelung einer solchen Genehmigung darf das Saatgut nur f\u00fcr andere Zwecke verwendet werden (zootechnische Zwecke, Sammeln usw.). Das Saatgut wird unter dem Vorbehalt verkauft, dass es nicht von Dritten im Widerspruch zu den gesetzlichen Bestimmungen verwendet wird.<\/em><\/span><\/div>\n","protected":false},"excerpt":{"rendered":"<p>\ud83c\udf3f CANDY BUBATZ XL von DUTCH PASSION \u00b7 \ud83e\uddec Indica Dominant (60%+) \u00b7 \ud83d\udcaa THC hoch (Hoch (15\u201319\u202f%)) \u00b7 \ud83c\udfc6 Ertrag XXL.<\/p>\n","protected":false},"featured_media":187119,"comment_status":"open","ping_status":"closed","template":"","meta":[],"product_brand":[],"product_cat":[7952],"product_tag":[10171,8508,8510,9113,10125,10126,10128,10140],"class_list":{"0":"post-187130","1":"product","2":"type-product","3":"status-publish","4":"has-post-thumbnail","6":"product_cat-seedshop-de","7":"product_tag-suess-fruchtig","8":"product_tag-dutch-passion","9":"product_tag-indica","10":"product_tag-candy-bubatz-xl","11":"product_tag-ertrag-xxl","12":"product_tag-cannabis-samen","13":"product_tag-feminisierte-samen","14":"product_tag-thc-hoch","16":"first","17":"instock","18":"sale","19":"taxable","20":"shipping-taxable","21":"purchasable","22":"product-type-variable"},"_links":{"self":[{"href":"https:\/\/www.budream.com\/de\/wp-json\/wp\/v2\/product\/187130","targetHints":{"allow":["GET"]}}],"collection":[{"href":"https:\/\/www.budream.com\/de\/wp-json\/wp\/v2\/product"}],"about":[{"href":"https:\/\/www.budream.com\/de\/wp-json\/wp\/v2\/types\/product"}],"replies":[{"embeddable":true,"href":"https:\/\/www.budream.com\/de\/wp-json\/wp\/v2\/comments?post=187130"}],"version-history":[{"count":2,"href":"https:\/\/www.budream.com\/de\/wp-json\/wp\/v2\/product\/187130\/revisions"}],"predecessor-version":[{"id":261202,"href":"https:\/\/www.budream.com\/de\/wp-json\/wp\/v2\/product\/187130\/revisions\/261202"}],"wp:featuredmedia":[{"embeddable":true,"href":"https:\/\/www.budream.com\/de\/wp-json\/wp\/v2\/media\/187119"}],"wp:attachment":[{"href":"https:\/\/www.budream.com\/de\/wp-json\/wp\/v2\/media?parent=187130"}],"wp:term":[{"taxonomy":"product_brand","embeddable":true,"href":"https:\/\/www.budream.com\/de\/wp-json\/wp\/v2\/product_brand?post=187130"},{"taxonomy":"product_cat","embeddable":true,"href":"https:\/\/www.budream.com\/de\/wp-json\/wp\/v2\/product_cat?post=187130"},{"taxonomy":"product_tag","embeddable":true,"href":"https:\/\/www.budream.com\/de\/wp-json\/wp\/v2\/product_tag?post=187130"}],"curies":[{"name":"wp","href":"https:\/\/api.w.org\/{rel}","templated":true}]}}