{"id":187360,"date":"2025-08-01T13:38:52","date_gmt":"2025-08-01T11:38:52","guid":{"rendered":"https:\/\/www.budream.com\/shop\/barneys-farm-bubblegum-ice-cream-fem\/"},"modified":"2026-03-30T14:16:25","modified_gmt":"2026-03-30T12:16:25","slug":"barneys-farm-bubblegum-ice-cream-fem","status":"publish","type":"product","link":"https:\/\/www.budream.com\/de\/shop\/barneys-farm-bubblegum-ice-cream-fem\/","title":{"rendered":"BARNEY&#8217;S FARM &#8211; BUBBLEGUM ICE CREAM FEM"},"content":{"rendered":"<div style=\"text-align: justify\">Die Sorte Bubblegum Gelato entpuppt sich als das neueste Meisterwerk der revolution\u00e4ren Zusammenarbeit zwischen den Z\u00fcchtern von Barney&#8217;s Farm und BackPack Boyz. Dieser indicadominierte (60\/40) Hybrid stellt die Konvergenz zweier legend\u00e4rer Z\u00fcchterh\u00e4user dar, die den verlockenden Geschmack von Bubblegum mit den cremigen Untert\u00f6nen von Gelato verschmelzen.<\/div>\n<p><\/p>\n<h2><strong>Merkmale Barney&#8217;s Farm Bubblegum Gelato Fem:<\/strong><\/h2>\n<ul style=\"list-style-type: disc\">\n<li><strong>Gattung:<\/strong> Feminisiert<\/li>\n<li><strong>Genotyp:<\/strong> 60% Indica \/ 40% Sativa<\/li>\n<li><strong>Genetik:<\/strong> Gelato 45 x Indiana Bubble Gum<\/li>\n<li><strong>Tage<\/strong><strong>:<\/strong> 60-70 Tage<\/li>\n<\/ul>\n<p><\/p>\n<div style=\"text-align: justify\"><span style=\"font-size: 11pt\"><em><strong>ACHTUNG:<\/strong> Hanfsamen sind vom gesetzlichen Begriff Cannabis ausgenommen, was bedeutet, dass sie nicht als Bet\u00e4ubungsmittel gelten (Gesetz 412 von 1974, Art. 1, Absatz 1, Buchstabe B; Einheits\u00fcbereinkommen \u00fcber Bet\u00e4ubungsmittel von New York von 1961 und Tabelle II des Ministerialerlasses 27\/7\/1992). In Italien ist der Anbau von Hanf verboten (Artikel 28 und 73 des Pr\u00e4sidialdekrets 309\/90), es sei denn, es liegt eine Sondergenehmigung vor (Artikel 17 des Pr\u00e4sidialdekrets 309\/90). In Ermangelung einer solchen Genehmigung darf das Saatgut nur f\u00fcr andere Zwecke verwendet werden (zootechnische Zwecke, Sammeln usw.). Das Saatgut wird unter dem Vorbehalt verkauft, dass es nicht von Dritten im Widerspruch zu den gesetzlichen Bestimmungen verwendet wird.<\/em><\/span><\/div>\n","protected":false},"excerpt":{"rendered":"<p>\ud83c\udf3f BUBBLEGUM ICE CREAM von BARNEY&#8217;S FARM \u00b7 \ud83e\uddec Indica Dominant (60%+) \u00b7 \ud83d\udd25 THC sehr hoch (Sehr hoch (20\u202f%+)) \u00b7 \ud83d\udce6 Ertrag XL.<\/p>\n","protected":false},"featured_media":187354,"comment_status":"open","ping_status":"closed","template":"","meta":[],"product_brand":[],"product_cat":[7952],"product_tag":[10171,8510,8645,10066,10124,10126,10128],"class_list":{"0":"post-187360","1":"product","2":"type-product","3":"status-publish","4":"has-post-thumbnail","6":"product_cat-seedshop-de","7":"product_tag-suess-fruchtig","8":"product_tag-indica","9":"product_tag-barneys-farm","10":"product_tag-bubblegum-ice-cream","11":"product_tag-thc-sehr-hoch","12":"product_tag-cannabis-samen","13":"product_tag-feminisierte-samen","15":"first","16":"instock","17":"sale","18":"taxable","19":"shipping-taxable","20":"purchasable","21":"product-type-variable"},"_links":{"self":[{"href":"https:\/\/www.budream.com\/de\/wp-json\/wp\/v2\/product\/187360","targetHints":{"allow":["GET"]}}],"collection":[{"href":"https:\/\/www.budream.com\/de\/wp-json\/wp\/v2\/product"}],"about":[{"href":"https:\/\/www.budream.com\/de\/wp-json\/wp\/v2\/types\/product"}],"replies":[{"embeddable":true,"href":"https:\/\/www.budream.com\/de\/wp-json\/wp\/v2\/comments?post=187360"}],"version-history":[{"count":2,"href":"https:\/\/www.budream.com\/de\/wp-json\/wp\/v2\/product\/187360\/revisions"}],"predecessor-version":[{"id":260140,"href":"https:\/\/www.budream.com\/de\/wp-json\/wp\/v2\/product\/187360\/revisions\/260140"}],"wp:featuredmedia":[{"embeddable":true,"href":"https:\/\/www.budream.com\/de\/wp-json\/wp\/v2\/media\/187354"}],"wp:attachment":[{"href":"https:\/\/www.budream.com\/de\/wp-json\/wp\/v2\/media?parent=187360"}],"wp:term":[{"taxonomy":"product_brand","embeddable":true,"href":"https:\/\/www.budream.com\/de\/wp-json\/wp\/v2\/product_brand?post=187360"},{"taxonomy":"product_cat","embeddable":true,"href":"https:\/\/www.budream.com\/de\/wp-json\/wp\/v2\/product_cat?post=187360"},{"taxonomy":"product_tag","embeddable":true,"href":"https:\/\/www.budream.com\/de\/wp-json\/wp\/v2\/product_tag?post=187360"}],"curies":[{"name":"wp","href":"https:\/\/api.w.org\/{rel}","templated":true}]}}