{"id":187535,"date":"2025-08-01T13:48:40","date_gmt":"2025-08-01T11:48:40","guid":{"rendered":"https:\/\/www.budream.com\/shop\/barneys-farm-candy-pack-fem\/"},"modified":"2026-03-23T16:46:36","modified_gmt":"2026-03-23T14:46:36","slug":"barneys-farm-candy-pack-fem","status":"publish","type":"product","link":"https:\/\/www.budream.com\/de\/shop\/barneys-farm-candy-pack-fem\/","title":{"rendered":"BARNEY&#8217;S FARM &#8211; CANDY PACK FEM"},"content":{"rendered":"<div style=\"text-align: justify\">Barney&#8217;s Farm freut sich, die Freigabe unserer neuen Candy Pack, eine k\u00f6stliche Sammlung von f\u00fcnf au\u00dfergew\u00f6hnlichen Sorten bekannt zu geben.<\/div>\n<p><\/p>\n<h2><strong>Eigenschaften Barney&#8217;s Farm Candy Pack Fem:<\/strong><\/h2>\n<ul style=\"list-style-type: disc\">\n<li><strong>Gattung:<\/strong> Feminisiert 1 Samen x Sorte<\/li>\n<li><strong>Cherry Poppers<\/strong>: Diese Sorte stellt eine raffinierte Verschmelzung von Lemon Kush und Cherry Zkittlez Genetik dar und pr\u00e4sentiert sich als 60%iger Sativa-Hybrid;<\/li>\n<li><strong>Superboof<\/strong> Leafly Strain of the Year: Superboof ist ein ausgewogener Hybrid, der sowohl zur Entspannung als auch zur Kreativit\u00e4t geeignet ist;<\/li>\n<li><strong>Jealousy<\/strong>: eine auff\u00e4llige Sorte mit einem einzigartigen Terpenprofil;<\/li>\n<li><strong>Lemon Cherry Gelato<\/strong> &#8211; Barney&#8217;s Farm x Backpack Boyz: Diese zweite dynamische Zusammenarbeit zwischen Barney&#8217;s Farm und Backpack Boyz ist f\u00fcr ihre lebhaften Zitrus- und Kirscht\u00f6ne bekannt;<\/li>\n<li><strong>White Runtz<\/strong> ist eine fortschrittliche Hybridentwicklung, die Gelato- und Zkittlez-Genetik in einem Indica-dominanten Verh\u00e4ltnis (55\/45) kombiniert.<\/li>\n<\/ul>\n<p><\/p>\n<div style=\"text-align: justify\"><span style=\"font-size: 11pt\"><em><strong>ACHTUNG:<\/strong> Hanfsamen fallen nicht unter den rechtlichen Begriff Cannabis, was bedeutet, dass sie nicht als Bet\u00e4ubungsmittel gelten (Gesetz 412 von 1974, Art. 1, Absatz 1, Buchstabe B; Einheits\u00fcbereinkommen \u00fcber Bet\u00e4ubungsmittel von New York von 1961 und Tabelle II des Ministerialerlasses vom 27.7.1992). In Italien ist der Anbau von Hanf verboten (Artikel 28 und 73 des Pr\u00e4sidialdekrets 309\/90), es sei denn, es liegt eine Sondergenehmigung vor (Artikel 17 des Pr\u00e4sidialdekrets 309\/90). In Ermangelung einer solchen Genehmigung darf das Saatgut nur f\u00fcr andere Zwecke verwendet werden (zootechnische Zwecke, Sammeln usw.). Das Saatgut wird unter dem Vorbehalt verkauft, dass es nicht von Dritten im Widerspruch zu den gesetzlichen Bestimmungen verwendet wird.<\/em><\/span><\/div>\n","protected":false},"excerpt":{"rendered":"<p>\ud83c\udf3f CANDY PACK von BARNEY&#8217;S FARM \u00b7 \ud83e\uddec Indica \/ Sativa \u00b7 \ud83d\udd25 THC sehr hoch (Sehr hoch (20\u202f%+)) \u00b7 \ud83d\udce6 Ertrag XL.<\/p>\n","protected":false},"featured_media":187529,"comment_status":"open","ping_status":"closed","template":"","meta":[],"product_brand":[],"product_cat":[7952],"product_tag":[9931,10124,10126,10128,8510,8511,8645,9118],"class_list":{"0":"post-187535","1":"product","2":"type-product","3":"status-publish","4":"has-post-thumbnail","6":"product_cat-seedshop-de","7":"product_tag-hybrid","8":"product_tag-thc-sehr-hoch","9":"product_tag-cannabis-samen","10":"product_tag-feminisierte-samen","11":"product_tag-indica","12":"product_tag-sativa","13":"product_tag-barneys-farm","14":"product_tag-candy-pack","16":"first","17":"instock","18":"taxable","19":"shipping-taxable","20":"purchasable","21":"product-type-variable"},"aioseo_notices":[],"_links":{"self":[{"href":"https:\/\/www.budream.com\/de\/wp-json\/wp\/v2\/product\/187535","targetHints":{"allow":["GET"]}}],"collection":[{"href":"https:\/\/www.budream.com\/de\/wp-json\/wp\/v2\/product"}],"about":[{"href":"https:\/\/www.budream.com\/de\/wp-json\/wp\/v2\/types\/product"}],"replies":[{"embeddable":true,"href":"https:\/\/www.budream.com\/de\/wp-json\/wp\/v2\/comments?post=187535"}],"version-history":[{"count":2,"href":"https:\/\/www.budream.com\/de\/wp-json\/wp\/v2\/product\/187535\/revisions"}],"predecessor-version":[{"id":260005,"href":"https:\/\/www.budream.com\/de\/wp-json\/wp\/v2\/product\/187535\/revisions\/260005"}],"wp:featuredmedia":[{"embeddable":true,"href":"https:\/\/www.budream.com\/de\/wp-json\/wp\/v2\/media\/187529"}],"wp:attachment":[{"href":"https:\/\/www.budream.com\/de\/wp-json\/wp\/v2\/media?parent=187535"}],"wp:term":[{"taxonomy":"product_brand","embeddable":true,"href":"https:\/\/www.budream.com\/de\/wp-json\/wp\/v2\/product_brand?post=187535"},{"taxonomy":"product_cat","embeddable":true,"href":"https:\/\/www.budream.com\/de\/wp-json\/wp\/v2\/product_cat?post=187535"},{"taxonomy":"product_tag","embeddable":true,"href":"https:\/\/www.budream.com\/de\/wp-json\/wp\/v2\/product_tag?post=187535"}],"curies":[{"name":"wp","href":"https:\/\/api.w.org\/{rel}","templated":true}]}}