{"id":188228,"date":"2025-08-01T14:20:25","date_gmt":"2025-08-01T12:20:25","guid":{"rendered":"https:\/\/www.budream.com\/shop\/hollaendische-leidenschaft-auto-rot-tropicana-kekse-fem\/"},"modified":"2026-04-07T15:51:38","modified_gmt":"2026-04-07T13:51:38","slug":"hollaendische-leidenschaft-auto-rot-tropicana-kekse-fem","status":"publish","type":"product","link":"https:\/\/www.budream.com\/de\/shop\/hollaendische-leidenschaft-auto-rot-tropicana-kekse-fem\/","title":{"rendered":"HOLL\u00c4NDISCHE LEIDENSCHAFT &#8211; AUTO ROT TROPICANA KEKSE FEM"},"content":{"rendered":"<div style=\"text-align: justify\">Auto Red Tropicana Cookies ist ein feminisierter autoflowering Hybrid, der teilweise auf der limitierten Auflage von Antonio&#8217;s Red Tropicana Cookies basiert.<\/div>\n<p><\/p>\n<h2><strong>Eigenschaften Auto Red Tropicana Cookies Fem Dutch Passion:<\/strong><\/h2>\n<ul style=\"list-style-type: disc\">\n<li><strong>Gattung:<\/strong> Feminisierte Autoflowering<\/li>\n<li><strong>Genotyp:<\/strong> Indica\/Sativa-Hybrid<\/li>\n<li><strong>Genetik:<\/strong> Red Tropicana Cookies x Auto Night Queen<\/li>\n<li>Tage<strong>:<\/strong> 77 Tage<\/li>\n<\/ul>\n<p><\/p>\n<div style=\"text-align: justify\"><span style=\"font-size: 11pt\"><em><strong>ACHTUNG:<\/strong> Hanfsamen fallen nicht unter den Rechtsbegriff Cannabis, was bedeutet, dass sie nicht als Bet\u00e4ubungsmittel gelten (L. 412 von 1974, Art. 1, Absatz 1, Buchstabe B; Einheits\u00fcbereinkommen \u00fcber Bet\u00e4ubungsmittel von New York von 1961 und Tabelle II des Ministerialerlasses vom 27.7.1992). In Italien ist der Anbau von Hanf verboten (Artikel 28 und 73 des Pr\u00e4sidialdekrets 309\/90), es sei denn, es liegt eine Sondergenehmigung vor (Artikel 17 des Pr\u00e4sidialdekrets 309\/90). In Ermangelung einer solchen Genehmigung darf das Saatgut nur f\u00fcr andere Zwecke verwendet werden (zootechnische Zwecke, Sammeln usw.). Das Saatgut wird unter dem Vorbehalt verkauft, dass es nicht von Dritten im Widerspruch zu den gesetzlichen Bestimmungen verwendet wird.<\/em><\/span><\/div>\n","protected":false},"excerpt":{"rendered":"<p>\ud83c\udf3f AUTO ROT TROPICANA KEKSE von DUTCH PASSION \u00b7 \ud83e\uddec Indica \/ Sativa \u00b7 \ud83d\udcaa THC hoch (Hoch (15\u201319\u202f%)) \u00b7 \ud83d\udce6 Ertrag XL.<\/p>\n","protected":false},"featured_media":188222,"comment_status":"open","ping_status":"closed","template":"","meta":[],"product_brand":[],"product_cat":[7952],"product_tag":[10384,10126,8508,10128,9931,8510,8511,10171,10140,10150],"class_list":{"0":"post-188228","1":"product","2":"type-product","3":"status-publish","4":"has-post-thumbnail","6":"product_cat-seedshop-de","7":"product_tag-auto-rot-tropicana-kekse","8":"product_tag-cannabis-samen","9":"product_tag-dutch-passion","10":"product_tag-feminisierte-samen","11":"product_tag-hybrid","12":"product_tag-indica","13":"product_tag-sativa","14":"product_tag-suess-fruchtig","15":"product_tag-thc-hoch","16":"product_tag-zitrusartig","18":"first","19":"instock","20":"taxable","21":"shipping-taxable","22":"purchasable","23":"product-type-variable"},"aioseo_notices":[],"_links":{"self":[{"href":"https:\/\/www.budream.com\/de\/wp-json\/wp\/v2\/product\/188228","targetHints":{"allow":["GET"]}}],"collection":[{"href":"https:\/\/www.budream.com\/de\/wp-json\/wp\/v2\/product"}],"about":[{"href":"https:\/\/www.budream.com\/de\/wp-json\/wp\/v2\/types\/product"}],"replies":[{"embeddable":true,"href":"https:\/\/www.budream.com\/de\/wp-json\/wp\/v2\/comments?post=188228"}],"version-history":[{"count":2,"href":"https:\/\/www.budream.com\/de\/wp-json\/wp\/v2\/product\/188228\/revisions"}],"predecessor-version":[{"id":262294,"href":"https:\/\/www.budream.com\/de\/wp-json\/wp\/v2\/product\/188228\/revisions\/262294"}],"wp:featuredmedia":[{"embeddable":true,"href":"https:\/\/www.budream.com\/de\/wp-json\/wp\/v2\/media\/188222"}],"wp:attachment":[{"href":"https:\/\/www.budream.com\/de\/wp-json\/wp\/v2\/media?parent=188228"}],"wp:term":[{"taxonomy":"product_brand","embeddable":true,"href":"https:\/\/www.budream.com\/de\/wp-json\/wp\/v2\/product_brand?post=188228"},{"taxonomy":"product_cat","embeddable":true,"href":"https:\/\/www.budream.com\/de\/wp-json\/wp\/v2\/product_cat?post=188228"},{"taxonomy":"product_tag","embeddable":true,"href":"https:\/\/www.budream.com\/de\/wp-json\/wp\/v2\/product_tag?post=188228"}],"curies":[{"name":"wp","href":"https:\/\/api.w.org\/{rel}","templated":true}]}}