{"id":188628,"date":"2025-08-01T14:39:50","date_gmt":"2025-08-01T12:39:50","guid":{"rendered":"https:\/\/www.budream.com\/shop\/sensi-seeds-research-dosimosa-fem\/"},"modified":"2026-03-21T21:25:58","modified_gmt":"2026-03-21T19:25:58","slug":"sensi-seeds-research-dosimosa-fem","status":"publish","type":"product","link":"https:\/\/www.budream.com\/de\/shop\/sensi-seeds-research-dosimosa-fem\/","title":{"rendered":"SENSI SEEDS RESEARCH &#8211; DOSIMOSA FEM"},"content":{"rendered":"<p><strong>DOSIMOSA<\/strong> ist ein ausgewogener Hybrid zwischen Indica und Sativa, vielseitig und f\u00fcr jede Gelegenheit geeignet von SENSI SEEDS BANK. Verf\u00fcgbar in Packungen mit 10 Samen feminisiert. Im Anbau, hat einen mittleren Bl\u00fctezyklus von 10-12 Wochen und produziert gro\u00dfz\u00fcgige Ertr\u00e4ge. In der Nase und am Gaumen zeichnet sich sein \ud83c\udf4b Zitrusartig-Aroma aus.<\/p>\n","protected":false},"excerpt":{"rendered":"<p>\ud83c\udf3f DOSIMOSA von SENSI SEEDS BANK \u00b7 \ud83e\uddec Indica \/ Sativa.<\/p>\n","protected":false},"featured_media":188622,"comment_status":"open","ping_status":"closed","template":"","meta":[],"product_brand":[],"product_cat":[7952],"product_tag":[10126,10128,10150,8510,8511,8526,9123,9931],"class_list":{"0":"post-188628","1":"product","2":"type-product","3":"status-publish","4":"has-post-thumbnail","6":"product_cat-seedshop-de","7":"product_tag-cannabis-samen","8":"product_tag-feminisierte-samen","9":"product_tag-zitrusartig","10":"product_tag-indica","11":"product_tag-sativa","12":"product_tag-sensi-seeds-bank","13":"product_tag-dosimosa","14":"product_tag-hybrid","16":"first","17":"instock","18":"sale","19":"taxable","20":"shipping-taxable","21":"purchasable","22":"product-type-variable"},"_links":{"self":[{"href":"https:\/\/www.budream.com\/de\/wp-json\/wp\/v2\/product\/188628","targetHints":{"allow":["GET"]}}],"collection":[{"href":"https:\/\/www.budream.com\/de\/wp-json\/wp\/v2\/product"}],"about":[{"href":"https:\/\/www.budream.com\/de\/wp-json\/wp\/v2\/types\/product"}],"replies":[{"embeddable":true,"href":"https:\/\/www.budream.com\/de\/wp-json\/wp\/v2\/comments?post=188628"}],"version-history":[{"count":1,"href":"https:\/\/www.budream.com\/de\/wp-json\/wp\/v2\/product\/188628\/revisions"}],"predecessor-version":[{"id":259294,"href":"https:\/\/www.budream.com\/de\/wp-json\/wp\/v2\/product\/188628\/revisions\/259294"}],"wp:featuredmedia":[{"embeddable":true,"href":"https:\/\/www.budream.com\/de\/wp-json\/wp\/v2\/media\/188622"}],"wp:attachment":[{"href":"https:\/\/www.budream.com\/de\/wp-json\/wp\/v2\/media?parent=188628"}],"wp:term":[{"taxonomy":"product_brand","embeddable":true,"href":"https:\/\/www.budream.com\/de\/wp-json\/wp\/v2\/product_brand?post=188628"},{"taxonomy":"product_cat","embeddable":true,"href":"https:\/\/www.budream.com\/de\/wp-json\/wp\/v2\/product_cat?post=188628"},{"taxonomy":"product_tag","embeddable":true,"href":"https:\/\/www.budream.com\/de\/wp-json\/wp\/v2\/product_tag?post=188628"}],"curies":[{"name":"wp","href":"https:\/\/api.w.org\/{rel}","templated":true}]}}