{"id":188658,"date":"2025-08-01T14:41:34","date_gmt":"2025-08-01T12:41:34","guid":{"rendered":"https:\/\/www.budream.com\/shop\/sensi-seeds-research-sauvignon-blanc-auto-fem\/"},"modified":"2026-03-21T21:26:22","modified_gmt":"2026-03-21T19:26:22","slug":"sensi-seeds-research-sauvignon-blanc-auto-fem","status":"publish","type":"product","link":"https:\/\/www.budream.com\/de\/shop\/sensi-seeds-research-sauvignon-blanc-auto-fem\/","title":{"rendered":"SENSI SEEDS RESEARCH &#8211; SAUVIGNON BLANC AUTO FEM"},"content":{"rendered":"<p><strong>SAUVIGNON BLANC AUTO<\/strong> ist ein Indica-dominanter Hybrid, der k\u00f6rperliche Entspannung mit reichlich Ertr\u00e4gen verbindet von SENSI SEEDS BANK. Verf\u00fcgbar in Packungen mit 10 Samen feminisiert. Im Anbau, erfordert eine l\u00e4ngere Bl\u00fctezeit (13+ Wochen), belohnt mit au\u00dfergew\u00f6hnlicher Qualit\u00e4t und garantiert reichlich Ertr\u00e4ge. In der Nase und am Gaumen bietet es einen Strau\u00df von Aromen: \ud83c\udf3f Erdiger, \ud83c\udf53 S\u00fc\u00df \/ Fruchtig.<\/p>\n","protected":false},"excerpt":{"rendered":"<p>\ud83c\udf3f SAUVIGNON BLANC AUTO von SENSI SEEDS BANK \u00b7 \ud83e\uddec Indica Dominant (60%+) \u00b7 \ud83d\udce6 Ertrag XL.<\/p>\n","protected":false},"featured_media":188647,"comment_status":"open","ping_status":"closed","template":"","meta":[],"product_brand":[],"product_cat":[7952],"product_tag":[10147,10171,8510,8526,9124,10126,10128],"class_list":{"0":"post-188658","1":"product","2":"type-product","3":"status-publish","4":"has-post-thumbnail","6":"product_cat-seedshop-de","7":"product_tag-erdiger","8":"product_tag-suess-fruchtig","9":"product_tag-indica","10":"product_tag-sensi-seeds-bank","11":"product_tag-sauvignon-blanc-auto","12":"product_tag-cannabis-samen","13":"product_tag-feminisierte-samen","15":"first","16":"instock","17":"sale","18":"taxable","19":"shipping-taxable","20":"purchasable","21":"product-type-variable"},"_links":{"self":[{"href":"https:\/\/www.budream.com\/de\/wp-json\/wp\/v2\/product\/188658","targetHints":{"allow":["GET"]}}],"collection":[{"href":"https:\/\/www.budream.com\/de\/wp-json\/wp\/v2\/product"}],"about":[{"href":"https:\/\/www.budream.com\/de\/wp-json\/wp\/v2\/types\/product"}],"replies":[{"embeddable":true,"href":"https:\/\/www.budream.com\/de\/wp-json\/wp\/v2\/comments?post=188658"}],"version-history":[{"count":1,"href":"https:\/\/www.budream.com\/de\/wp-json\/wp\/v2\/product\/188658\/revisions"}],"predecessor-version":[{"id":259295,"href":"https:\/\/www.budream.com\/de\/wp-json\/wp\/v2\/product\/188658\/revisions\/259295"}],"wp:featuredmedia":[{"embeddable":true,"href":"https:\/\/www.budream.com\/de\/wp-json\/wp\/v2\/media\/188647"}],"wp:attachment":[{"href":"https:\/\/www.budream.com\/de\/wp-json\/wp\/v2\/media?parent=188658"}],"wp:term":[{"taxonomy":"product_brand","embeddable":true,"href":"https:\/\/www.budream.com\/de\/wp-json\/wp\/v2\/product_brand?post=188658"},{"taxonomy":"product_cat","embeddable":true,"href":"https:\/\/www.budream.com\/de\/wp-json\/wp\/v2\/product_cat?post=188658"},{"taxonomy":"product_tag","embeddable":true,"href":"https:\/\/www.budream.com\/de\/wp-json\/wp\/v2\/product_tag?post=188658"}],"curies":[{"name":"wp","href":"https:\/\/api.w.org\/{rel}","templated":true}]}}