{"id":189348,"date":"2025-08-01T15:02:41","date_gmt":"2025-08-01T13:02:41","guid":{"rendered":"https:\/\/www.budream.com\/shop\/sensi-seeds-research-slam-dank-fem\/"},"modified":"2026-03-24T00:02:36","modified_gmt":"2026-03-23T22:02:36","slug":"sensi-seeds-research-slam-dank-fem","status":"publish","type":"product","link":"https:\/\/www.budream.com\/de\/shop\/sensi-seeds-research-slam-dank-fem\/","title":{"rendered":"SENSI SEEDS RESEARCH &#8211; SLAM DANK FEM"},"content":{"rendered":"<div style=\"text-align: justify\">Slam Dank Feminised ist ein echter 50\/50 Indica\/Sativa-Hybrid, der von Sensi Seeds Research unter Verwendung eines au\u00dferordentlich vielf\u00e4ltigen Genpools geschaffen wurde. Zun\u00e4chst wurde ein Hybrid aus High School Reunion (selbst eine Mischung aus acht unserer klassischen Sorten) und White Ice kreiert, der dann mit einem anderen Hybrid aus der Kombination von Gary Payton und Burmese Pie gekreuzt wurde.<\/div>\n<p><\/p>\n<h2><strong>Merkmale Slam Dank Fem:<\/strong><\/h2>\n<ul style=\"list-style-type: disc\">\n<li><strong>Geschlecht:<\/strong> Feminisiert<\/li>\n<li><strong>Genotyp:<\/strong> 50% Indica \/ 50% Sativa-Hybrid<\/li>\n<li><strong>Genetik:<\/strong> (White Ice x High School Reunion) x (Gary Payton x Burmese Pie)<\/li>\n<li><strong>Bl\u00fchende Tage:<\/strong> 60-65 Tage<\/li>\n<\/ul>\n<p><\/p>\n<div style=\"text-align: justify\"><span style=\"font-size: 11pt\"><em><strong>WARNUNG:<\/strong> Hanfsamen sind vom gesetzlichen Begriff Cannabis ausgenommen, was bedeutet, dass sie nicht als Bet\u00e4ubungsmittel gelten (L. 412 von 1974, Art. 1, Absatz 1, Buchstabe B; Einheits\u00fcbereinkommen \u00fcber Suchtstoffe von New York von 1961 und Tabelle II des Ministerialerlasses vom 27.7.1992). In Italien ist der Anbau von Hanf verboten (Artikel 28 und 73 des Pr\u00e4sidialdekrets 309\/90), es sei denn, es liegt eine Sondergenehmigung vor (Artikel 17 des Pr\u00e4sidialdekrets 309\/90). In Ermangelung einer solchen Genehmigung darf das Saatgut nur f\u00fcr andere Zwecke verwendet werden (zootechnische Zwecke, Sammeln usw.). Das Saatgut wird unter dem Vorbehalt verkauft, dass es nicht von Dritten im Widerspruch zu den gesetzlichen Bestimmungen verwendet wird.<\/em><\/span><\/div>\n","protected":false},"excerpt":{"rendered":"<p>\ud83c\udf3f SLAM DANK von SENSI SEEDS BANK \u00b7 \ud83e\uddec Indica \/ Sativa \u00b7 \ud83c\udfc6 Ertrag XXL.<\/p>\n","protected":false},"featured_media":189332,"comment_status":"open","ping_status":"closed","template":"","meta":[],"product_brand":[],"product_cat":[7952],"product_tag":[10128,10147,10171,8510,8511,8526,9125,9931,10125,10126],"class_list":{"0":"post-189348","1":"product","2":"type-product","3":"status-publish","4":"has-post-thumbnail","6":"product_cat-seedshop-de","7":"product_tag-feminisierte-samen","8":"product_tag-erdiger","9":"product_tag-suess-fruchtig","10":"product_tag-indica","11":"product_tag-sativa","12":"product_tag-sensi-seeds-bank","13":"product_tag-slam-dank","14":"product_tag-hybrid","15":"product_tag-ertrag-xxl","16":"product_tag-cannabis-samen","18":"first","19":"instock","20":"sale","21":"taxable","22":"shipping-taxable","23":"purchasable","24":"product-type-variable"},"_links":{"self":[{"href":"https:\/\/www.budream.com\/de\/wp-json\/wp\/v2\/product\/189348","targetHints":{"allow":["GET"]}}],"collection":[{"href":"https:\/\/www.budream.com\/de\/wp-json\/wp\/v2\/product"}],"about":[{"href":"https:\/\/www.budream.com\/de\/wp-json\/wp\/v2\/types\/product"}],"replies":[{"embeddable":true,"href":"https:\/\/www.budream.com\/de\/wp-json\/wp\/v2\/comments?post=189348"}],"version-history":[{"count":2,"href":"https:\/\/www.budream.com\/de\/wp-json\/wp\/v2\/product\/189348\/revisions"}],"predecessor-version":[{"id":260439,"href":"https:\/\/www.budream.com\/de\/wp-json\/wp\/v2\/product\/189348\/revisions\/260439"}],"wp:featuredmedia":[{"embeddable":true,"href":"https:\/\/www.budream.com\/de\/wp-json\/wp\/v2\/media\/189332"}],"wp:attachment":[{"href":"https:\/\/www.budream.com\/de\/wp-json\/wp\/v2\/media?parent=189348"}],"wp:term":[{"taxonomy":"product_brand","embeddable":true,"href":"https:\/\/www.budream.com\/de\/wp-json\/wp\/v2\/product_brand?post=189348"},{"taxonomy":"product_cat","embeddable":true,"href":"https:\/\/www.budream.com\/de\/wp-json\/wp\/v2\/product_cat?post=189348"},{"taxonomy":"product_tag","embeddable":true,"href":"https:\/\/www.budream.com\/de\/wp-json\/wp\/v2\/product_tag?post=189348"}],"curies":[{"name":"wp","href":"https:\/\/api.w.org\/{rel}","templated":true}]}}