{"id":189433,"date":"2025-08-01T15:06:50","date_gmt":"2025-08-01T13:06:50","guid":{"rendered":"https:\/\/www.budream.com\/shop\/barneys-farm-thin-mint-x-sour-pinot-auto-fem\/"},"modified":"2026-03-21T21:30:54","modified_gmt":"2026-03-21T19:30:54","slug":"barneys-farm-thin-mint-x-sour-pinot-auto-fem","status":"publish","type":"product","link":"https:\/\/www.budream.com\/de\/shop\/barneys-farm-thin-mint-x-sour-pinot-auto-fem\/","title":{"rendered":"BARNEY&#8217;S FARM &#8211; THIN MINT X SOUR PINOT AUTO FEM"},"content":{"rendered":"<p><strong>THIN MINT X SOUR PINOT AUTO<\/strong> ist ein Sativa-dominanter Hybrid, ideal f\u00fcr diejenigen, die Klarheit und Kreativit\u00e4t suchen von BARNEY&#8217;S FARM. Verf\u00fcgbar in Packungen mit 1 Samen feminisiert. Mit sehr hohem THC-Gehalt (Sehr hoch (20\u202f%+)), diese Pflanze richtet sich an erfahrene Z\u00fcchter. Im Anbau, hat einen mittleren Bl\u00fctezyklus von 10-12 Wochen und bietet au\u00dfergew\u00f6hnlich reichlich Ertr\u00e4ge. In der Nase und am Gaumen bietet es einen Strau\u00df von Aromen: \ud83c\udf3f Scharf, \ud83c\udf53 S\u00fc\u00df \/ Fruchtig.<\/p>\n","protected":false},"excerpt":{"rendered":"<p>\ud83c\udf3f THIN MINT X SOUR PINOT AUTO von BARNEY&#8217;S FARM \u00b7 \ud83e\uddec Sativa Dominant (60%+) \u00b7 \ud83d\udd25 THC sehr hoch (Sehr hoch (20\u202f%+)) \u00b7 \ud83c\udfc6 Ertrag XXL.<\/p>\n","protected":false},"featured_media":189422,"comment_status":"open","ping_status":"closed","template":"","meta":[],"product_brand":[],"product_cat":[7952],"product_tag":[8511,8645,9128,10124,10125,10126,10127,10128,10171],"class_list":{"0":"post-189433","1":"product","2":"type-product","3":"status-publish","4":"has-post-thumbnail","6":"product_cat-seedshop-de","7":"product_tag-sativa","8":"product_tag-barneys-farm","9":"product_tag-thin-mint-x-sour-pinot-auto","10":"product_tag-thc-sehr-hoch","11":"product_tag-ertrag-xxl","12":"product_tag-cannabis-samen","13":"product_tag-scharf","14":"product_tag-feminisierte-samen","15":"product_tag-suess-fruchtig","17":"first","18":"instock","19":"sale","20":"taxable","21":"shipping-taxable","22":"purchasable","23":"product-type-variable"},"_links":{"self":[{"href":"https:\/\/www.budream.com\/de\/wp-json\/wp\/v2\/product\/189433","targetHints":{"allow":["GET"]}}],"collection":[{"href":"https:\/\/www.budream.com\/de\/wp-json\/wp\/v2\/product"}],"about":[{"href":"https:\/\/www.budream.com\/de\/wp-json\/wp\/v2\/types\/product"}],"replies":[{"embeddable":true,"href":"https:\/\/www.budream.com\/de\/wp-json\/wp\/v2\/comments?post=189433"}],"version-history":[{"count":1,"href":"https:\/\/www.budream.com\/de\/wp-json\/wp\/v2\/product\/189433\/revisions"}],"predecessor-version":[{"id":259299,"href":"https:\/\/www.budream.com\/de\/wp-json\/wp\/v2\/product\/189433\/revisions\/259299"}],"wp:featuredmedia":[{"embeddable":true,"href":"https:\/\/www.budream.com\/de\/wp-json\/wp\/v2\/media\/189422"}],"wp:attachment":[{"href":"https:\/\/www.budream.com\/de\/wp-json\/wp\/v2\/media?parent=189433"}],"wp:term":[{"taxonomy":"product_brand","embeddable":true,"href":"https:\/\/www.budream.com\/de\/wp-json\/wp\/v2\/product_brand?post=189433"},{"taxonomy":"product_cat","embeddable":true,"href":"https:\/\/www.budream.com\/de\/wp-json\/wp\/v2\/product_cat?post=189433"},{"taxonomy":"product_tag","embeddable":true,"href":"https:\/\/www.budream.com\/de\/wp-json\/wp\/v2\/product_tag?post=189433"}],"curies":[{"name":"wp","href":"https:\/\/api.w.org\/{rel}","templated":true}]}}