{"id":189568,"date":"2025-08-01T15:13:59","date_gmt":"2025-08-01T13:13:59","guid":{"rendered":"https:\/\/www.budream.com\/shop\/barneys-farm-tropicana-kirsche-fem\/"},"modified":"2026-03-21T21:32:06","modified_gmt":"2026-03-21T19:32:06","slug":"barneys-farm-tropicana-kirsche-fem","status":"publish","type":"product","link":"https:\/\/www.budream.com\/de\/shop\/barneys-farm-tropicana-kirsche-fem\/","title":{"rendered":"BARNEY&#8217;S FARM &#8211; TROPICANA KIRSCHE FEM"},"content":{"rendered":"<p><strong>TROPICANA KIRSCHE<\/strong> ist ein Sativa-dominanter Hybrid, ideal f\u00fcr diejenigen, die Klarheit und Kreativit\u00e4t suchen von BARNEY&#8217;S FARM. Verf\u00fcgbar in Packungen mit 1 Samen feminisiert. Mit sehr hohem THC-Gehalt (Sehr hoch (20\u202f%+)), diese Pflanze richtet sich an erfahrene Z\u00fcchter. Im Anbau, bl\u00fcht schnell in 7-9 Wochen und garantiert reichlich Ertr\u00e4ge. In der Nase und am Gaumen bietet es einen Strau\u00df von Aromen: \ud83c\udf53 S\u00fc\u00df \/ Fruchtig, \ud83c\udf4b Zitrusartig.<\/p>\n","protected":false},"excerpt":{"rendered":"<p>\ud83c\udf3f TROPICANA KIRSCHE von BARNEY&#8217;S FARM \u00b7 \ud83e\uddec Sativa Dominant (60%+) \u00b7 \ud83d\udd25 THC sehr hoch (Sehr hoch (20\u202f%+)) \u00b7 \ud83d\udce6 Ertrag XL.<\/p>\n","protected":false},"featured_media":189562,"comment_status":"open","ping_status":"closed","template":"","meta":[],"product_brand":[],"product_cat":[7952],"product_tag":[10387,8511,8645,10124,10126,10128,10150,10171],"class_list":{"0":"post-189568","1":"product","2":"type-product","3":"status-publish","4":"has-post-thumbnail","6":"product_cat-seedshop-de","7":"product_tag-tropicana-kirsche","8":"product_tag-sativa","9":"product_tag-barneys-farm","10":"product_tag-thc-sehr-hoch","11":"product_tag-cannabis-samen","12":"product_tag-feminisierte-samen","13":"product_tag-zitrusartig","14":"product_tag-suess-fruchtig","16":"first","17":"instock","18":"taxable","19":"shipping-taxable","20":"purchasable","21":"product-type-variable"},"aioseo_notices":[],"_links":{"self":[{"href":"https:\/\/www.budream.com\/de\/wp-json\/wp\/v2\/product\/189568","targetHints":{"allow":["GET"]}}],"collection":[{"href":"https:\/\/www.budream.com\/de\/wp-json\/wp\/v2\/product"}],"about":[{"href":"https:\/\/www.budream.com\/de\/wp-json\/wp\/v2\/types\/product"}],"replies":[{"embeddable":true,"href":"https:\/\/www.budream.com\/de\/wp-json\/wp\/v2\/comments?post=189568"}],"version-history":[{"count":1,"href":"https:\/\/www.budream.com\/de\/wp-json\/wp\/v2\/product\/189568\/revisions"}],"predecessor-version":[{"id":259303,"href":"https:\/\/www.budream.com\/de\/wp-json\/wp\/v2\/product\/189568\/revisions\/259303"}],"wp:featuredmedia":[{"embeddable":true,"href":"https:\/\/www.budream.com\/de\/wp-json\/wp\/v2\/media\/189562"}],"wp:attachment":[{"href":"https:\/\/www.budream.com\/de\/wp-json\/wp\/v2\/media?parent=189568"}],"wp:term":[{"taxonomy":"product_brand","embeddable":true,"href":"https:\/\/www.budream.com\/de\/wp-json\/wp\/v2\/product_brand?post=189568"},{"taxonomy":"product_cat","embeddable":true,"href":"https:\/\/www.budream.com\/de\/wp-json\/wp\/v2\/product_cat?post=189568"},{"taxonomy":"product_tag","embeddable":true,"href":"https:\/\/www.budream.com\/de\/wp-json\/wp\/v2\/product_tag?post=189568"}],"curies":[{"name":"wp","href":"https:\/\/api.w.org\/{rel}","templated":true}]}}