{"id":189945,"date":"2025-08-01T15:34:17","date_gmt":"2025-08-01T13:34:17","guid":{"rendered":"https:\/\/www.budream.com\/shop\/purize-aktive-karbonfilter-xtra-slim-100-st\/"},"modified":"2026-04-08T17:00:42","modified_gmt":"2026-04-08T15:00:42","slug":"purize-aktive-karbonfilter-xtra-slim-100-st","status":"publish","type":"product","link":"https:\/\/www.budream.com\/de\/shop\/purize-aktive-karbonfilter-xtra-slim-100-st\/","title":{"rendered":"PURIZE &#8211; AKTIVE KARBONFILTER | XTRA SLIM 100 St."},"content":{"rendered":"<p>Purize verfolgt die Vision, genussorientierten Rauchern mit Hilfe eines <strong>PURIZE&reg;-Aktivkohlefilters<\/strong> ein deutlich angenehmeres und weniger umweltbelastendes Raucherlebnis zu erm\u00f6glichen.<\/p>\n<p>Aktivkohle auf Kokosnussbasis reduziert die Aufnahme von <strong>Schadstoffen<\/strong> erheblich und bietet Ihnen ein frisches, trockenes und aromatisches Raucherlebnis, das Ihrer Lunge gut tut. Unsere Aktivkohlefilter sind f\u00fcr ALLE Konsumtypen geeignet!<\/p>\n<p>PURIZE&reg; Filter sind umweltfreundlich und &#8222;Made in Germany&#8220;.<\/p>\n<p>Da beide Endkappen aus <strong>Keramik<\/strong> sind, gibt es keine Einsteck- oder Schraubrichtung.<\/p>\n<p><strong>Purize Xtra Slim<\/strong> in <strong>100er-Packungen<\/strong> werden in einem sch\u00f6nen <strong>Glasgef\u00e4\u00df<\/strong> geliefert, das Sie zur Aufbewahrung und Konservierung Ihrer K\u00f6stlichkeiten wiederverwenden k\u00f6nnen!<\/p>\n<h2><span style=\"text-decoration: underline\">Vorteile Purize Xtra Slim Aktivkohlefilter<\/span>:<\/h2>\n<ul style=\"list-style-type: disc\">\n<li>Deutlich angenehmeres Raucherlebnis;<\/li>\n<li>Intensiverer Geschmack;<\/li>\n<li>Geringere Schadstoffbelastung;<\/li>\n<li>Nat\u00fcrliches und nachhaltiges Produkt;<\/li>\n<li>100% biologisch abbaubar;<\/li>\n<\/ul>\n<h2><span style=\"text-decoration: underline\">Merkmale Purize <\/span><span style=\"text-decoration: underline\">Xtra Slim<\/span><span style=\"text-decoration: underline\">Aktivkohlefilter <\/span>:<\/h2>\n<ul style=\"list-style-type: disc\">\n<li>Filtergr\u00f6\u00dfe: &oslash; 5,9 mm x 26,9 mm;<\/li>\n<li>Inhalt: Aktivkohle auf Kokosnussbasis;<\/li>\n<li>Farbe: Wei\u00df \/ Bio \/ Lila \/ Regenbogen;<\/li>\n<li>Menge: 100 St\u00fcck;<\/li>\n<li>Verpackungsart: Glasgef\u00e4\u00df;<\/li>\n<\/ul>\n","protected":false},"excerpt":{"rendered":"<p>Purize verfolgt die Vision, genussorientierten Rauchern mit Hilfe eines PURIZE&reg;-Aktivkohlefilters ein deutlich angenehmeres und weniger umweltbelastendes Raucherlebnis zu erm\u00f6glichen. Aktivkohle<\/p>\n","protected":false},"featured_media":134935,"comment_status":"open","ping_status":"closed","template":"","meta":[],"product_brand":[],"product_cat":[7947],"product_tag":[],"class_list":{"0":"post-189945","1":"product","2":"type-product","3":"status-publish","4":"has-post-thumbnail","6":"product_cat-headshop-de","8":"first","9":"outofstock","10":"taxable","11":"shipping-taxable","12":"purchasable","13":"product-type-variable"},"aioseo_notices":[],"_links":{"self":[{"href":"https:\/\/www.budream.com\/de\/wp-json\/wp\/v2\/product\/189945","targetHints":{"allow":["GET"]}}],"collection":[{"href":"https:\/\/www.budream.com\/de\/wp-json\/wp\/v2\/product"}],"about":[{"href":"https:\/\/www.budream.com\/de\/wp-json\/wp\/v2\/types\/product"}],"replies":[{"embeddable":true,"href":"https:\/\/www.budream.com\/de\/wp-json\/wp\/v2\/comments?post=189945"}],"wp:featuredmedia":[{"embeddable":true,"href":"https:\/\/www.budream.com\/de\/wp-json\/wp\/v2\/media\/134935"}],"wp:attachment":[{"href":"https:\/\/www.budream.com\/de\/wp-json\/wp\/v2\/media?parent=189945"}],"wp:term":[{"taxonomy":"product_brand","embeddable":true,"href":"https:\/\/www.budream.com\/de\/wp-json\/wp\/v2\/product_brand?post=189945"},{"taxonomy":"product_cat","embeddable":true,"href":"https:\/\/www.budream.com\/de\/wp-json\/wp\/v2\/product_cat?post=189945"},{"taxonomy":"product_tag","embeddable":true,"href":"https:\/\/www.budream.com\/de\/wp-json\/wp\/v2\/product_tag?post=189945"}],"curies":[{"name":"wp","href":"https:\/\/api.w.org\/{rel}","templated":true}]}}