{"id":193363,"date":"2025-08-05T13:51:48","date_gmt":"2025-08-05T11:51:48","guid":{"rendered":"https:\/\/www.budream.com\/shop\/seedsalad-amnesia-fem-3\/"},"modified":"2026-03-30T11:37:42","modified_gmt":"2026-03-30T09:37:42","slug":"seedsalad-amnesia-fem-3","status":"publish","type":"product","link":"https:\/\/www.budream.com\/de\/shop\/seedsalad-amnesia-fem-3\/","title":{"rendered":"SEEDSALAD &#8211; AMNESIA FEM"},"content":{"rendered":"<p><span style=\"font-family: Arial, sans-serif;font-size: 11pt\">Diese Super-Sativa hat einen starken und unverwechselbaren Geschmack. Die Wirkung ist \u00fcberwiegend zerebral f\u00fcr eine Genetik, die hervorragend im Freien w\u00e4chst, sich aber auch gut an Indoor-Zyklen anpasst. Der robuste Stamm und die starke Verzweigung garantieren eine sensationelle Ernte von h\u00f6chster Qualit\u00e4t.<\/span><\/p>\n<h2><strong>Eigenschaften Amnesia Fem:<\/strong><\/h2>\n<ul style=\"list-style-type: disc\">\n<li><strong>Gattung:<\/strong> Feminisiert<\/li>\n<li><strong>Genotyp<\/strong>: 75% Sativa 25% Indica<\/li>\n<li><strong>Genetik:<\/strong> Reine Amnesia<\/li>\n<li><strong>Bl\u00fctezeit:<\/strong> 75 &#8211; 80 Tage<\/li>\n<li><strong>Versiegelte Pipette in UV-best\u00e4ndiger T\u00fcte<\/strong><\/li>\n<\/ul>\n<p><span style=\"color: #000000\"><span style=\"font-family: Arial, sans-serif\"><span style=\"font-size: small\"><\/p>\n<p><span style=\"font-size: 11pt\"><em><strong>ACHTUNG:<\/strong> Hanfsamen fallen nicht unter den Rechtsbegriff Cannabis, was bedeutet, dass sie nicht als Bet\u00e4ubungsmittel gelten (L. 412 von 1974, Art. 1, Absatz 1, Buchstabe B; Einheits\u00fcbereinkommen \u00fcber Suchtstoffe von New York von 1961 und Tabelle II des Ministerialerlasses vom 27.7.1992). In Italien ist der Anbau von Hanf verboten (Artikel 28 und 73 des Pr\u00e4sidialdekrets 309\/90), es sei denn, es liegt eine Sondergenehmigung vor (Artikel 17 des Pr\u00e4sidialdekrets 309\/90). In Ermangelung einer solchen Genehmigung darf das Saatgut nur f\u00fcr andere Zwecke verwendet werden (zootechnische Zwecke, Sammeln usw.). Das Saatgut wird unter dem Vorbehalt verkauft, dass es nicht von Dritten im Widerspruch zu den gesetzlichen Bestimmungen verwendet wird.<\/em><\/span><\/span><\/span><\/span><\/p>\n","protected":false},"excerpt":{"rendered":"<p>\ud83c\udf3f AMNESIA von SEEDSALAD \u00b7 \ud83e\uddec Sativa (90%+) \u00b7 \ud83d\udd25 THC sehr hoch (Sehr hoch (20\u202f%+)) \u00b7 \ud83d\udce6 Ertrag XL.<\/p>\n","protected":false},"featured_media":197509,"comment_status":"open","ping_status":"closed","template":"","meta":[],"product_brand":[],"product_cat":[7952],"product_tag":[8511,8565,9135,10124,10126,10128,10171],"class_list":{"0":"post-193363","1":"product","2":"type-product","3":"status-publish","4":"has-post-thumbnail","6":"product_cat-seedshop-de","7":"product_tag-sativa","8":"product_tag-seedsalad","9":"product_tag-amnesia","10":"product_tag-thc-sehr-hoch","11":"product_tag-cannabis-samen","12":"product_tag-feminisierte-samen","13":"product_tag-suess-fruchtig","15":"first","16":"instock","17":"sale","18":"taxable","19":"shipping-taxable","20":"purchasable","21":"product-type-variable"},"aioseo_notices":[],"_links":{"self":[{"href":"https:\/\/www.budream.com\/de\/wp-json\/wp\/v2\/product\/193363","targetHints":{"allow":["GET"]}}],"collection":[{"href":"https:\/\/www.budream.com\/de\/wp-json\/wp\/v2\/product"}],"about":[{"href":"https:\/\/www.budream.com\/de\/wp-json\/wp\/v2\/types\/product"}],"replies":[{"embeddable":true,"href":"https:\/\/www.budream.com\/de\/wp-json\/wp\/v2\/comments?post=193363"}],"version-history":[{"count":2,"href":"https:\/\/www.budream.com\/de\/wp-json\/wp\/v2\/product\/193363\/revisions"}],"predecessor-version":[{"id":260807,"href":"https:\/\/www.budream.com\/de\/wp-json\/wp\/v2\/product\/193363\/revisions\/260807"}],"wp:featuredmedia":[{"embeddable":true,"href":"https:\/\/www.budream.com\/de\/wp-json\/wp\/v2\/media\/197509"}],"wp:attachment":[{"href":"https:\/\/www.budream.com\/de\/wp-json\/wp\/v2\/media?parent=193363"}],"wp:term":[{"taxonomy":"product_brand","embeddable":true,"href":"https:\/\/www.budream.com\/de\/wp-json\/wp\/v2\/product_brand?post=193363"},{"taxonomy":"product_cat","embeddable":true,"href":"https:\/\/www.budream.com\/de\/wp-json\/wp\/v2\/product_cat?post=193363"},{"taxonomy":"product_tag","embeddable":true,"href":"https:\/\/www.budream.com\/de\/wp-json\/wp\/v2\/product_tag?post=193363"}],"curies":[{"name":"wp","href":"https:\/\/api.w.org\/{rel}","templated":true}]}}