{"id":194663,"date":"2025-08-06T17:29:51","date_gmt":"2025-08-06T15:29:51","guid":{"rendered":"https:\/\/www.budream.com\/shop\/phoenix-doppelter-trockenextraktor-fuer-pollen\/"},"modified":"2026-03-10T16:55:05","modified_gmt":"2026-03-10T14:55:05","slug":"phoenix-doppelter-trockenextraktor-fuer-pollen","status":"publish","type":"product","link":"https:\/\/www.budream.com\/de\/shop\/phoenix-doppelter-trockenextraktor-fuer-pollen\/","title":{"rendered":"PH\u00d6NIX &#8211; DOPPELTER TROCKENEXTRAKTOR F\u00dcR POLLEN"},"content":{"rendered":"<p><strong>Die Ph&ouml;nix Doppeltrockenextraktoren f\u00fcr Pollen sind hochwertige mechanische Siebe<\/strong> mit verschiedenen Kapazit\u00e4ten. Mit den Sieben ist es m\u00f6glich, das Blattmaterial und die Bl\u00fctenst\u00e4nde verschiedener Pflanzen zu verarbeiten und so den Pollen vom Pflanzenmaterial zu trennen. Durch den Austausch verschiedener Maschenweiten werden unterschiedliche Qualit\u00e4ten von Pollen erzeugt.<\/p>\n<p><strong>Die Drehzahl der Trommeln ist von ca. 8 bis 35 U\/min (in 7 Stufen) einstellbar<\/strong> und die Drehrichtung kann durch Umpolen des Steckers ge\u00e4ndert werden. Die Standardmaschengr\u00f6\u00dfe betr\u00e4gt <strong>150&mu;<\/strong>m.<\/p>\n<p>Die<strong> Doppeltrommel<\/strong> verdoppelt die Kapazit\u00e4t des Extraktors und halbiert die Verarbeitungszeit.<\/p>\n<h2><strong><u>Merkmale der Ph&ouml;nix Doppelpollensauger<\/u><\/strong><strong>:<br \/><\/strong><\/h2>\n<ul style=\"list-style-type: disc\">\n<li>Robuste Konstruktion und hochwertige Komponenten aus Aluminium und Edelstahl<\/li>\n<li>Doppeltrommel<\/li>\n<li>Einfach und leicht zu reinigen (abwaschbares Sieb)<\/li>\n<li>Leichtes Auswechseln des Siebes, erh\u00e4ltlich in drei Gr\u00f6\u00dfen<\/li>\n<li>Leichtes Bef\u00fcllen dank gro\u00dfer Einf\u00fcll\u00f6ffnung<\/li>\n<li>Versiegelter Deckel kann ohne Schrauben ge\u00f6ffnet werden<\/li>\n<\/ul>\n","protected":false},"excerpt":{"rendered":"<p>Die Ph&ouml;nix Doppeltrockenextraktoren f\u00fcr Pollen sind hochwertige mechanische Siebe mit verschiedenen Kapazit\u00e4ten. Mit den Sieben ist es m\u00f6glich, das Blattmaterial<\/p>\n","protected":false},"featured_media":141657,"comment_status":"open","ping_status":"closed","template":"","meta":[],"product_brand":[],"product_cat":[7947],"product_tag":[],"class_list":{"0":"post-194663","1":"product","2":"type-product","3":"status-publish","4":"has-post-thumbnail","6":"product_cat-headshop-de","8":"first","9":"instock","10":"taxable","11":"shipping-taxable","12":"purchasable","13":"product-type-variable"},"aioseo_notices":[],"_links":{"self":[{"href":"https:\/\/www.budream.com\/de\/wp-json\/wp\/v2\/product\/194663","targetHints":{"allow":["GET"]}}],"collection":[{"href":"https:\/\/www.budream.com\/de\/wp-json\/wp\/v2\/product"}],"about":[{"href":"https:\/\/www.budream.com\/de\/wp-json\/wp\/v2\/types\/product"}],"replies":[{"embeddable":true,"href":"https:\/\/www.budream.com\/de\/wp-json\/wp\/v2\/comments?post=194663"}],"version-history":[{"count":0,"href":"https:\/\/www.budream.com\/de\/wp-json\/wp\/v2\/product\/194663\/revisions"}],"wp:featuredmedia":[{"embeddable":true,"href":"https:\/\/www.budream.com\/de\/wp-json\/wp\/v2\/media\/141657"}],"wp:attachment":[{"href":"https:\/\/www.budream.com\/de\/wp-json\/wp\/v2\/media?parent=194663"}],"wp:term":[{"taxonomy":"product_brand","embeddable":true,"href":"https:\/\/www.budream.com\/de\/wp-json\/wp\/v2\/product_brand?post=194663"},{"taxonomy":"product_cat","embeddable":true,"href":"https:\/\/www.budream.com\/de\/wp-json\/wp\/v2\/product_cat?post=194663"},{"taxonomy":"product_tag","embeddable":true,"href":"https:\/\/www.budream.com\/de\/wp-json\/wp\/v2\/product_tag?post=194663"}],"curies":[{"name":"wp","href":"https:\/\/api.w.org\/{rel}","templated":true}]}}