{"id":194843,"date":"2025-08-06T17:42:11","date_gmt":"2025-08-06T15:42:11","guid":{"rendered":"https:\/\/www.budream.com\/shop\/royal-queen-seeds-epsilon-f1-autoflowering\/"},"modified":"2026-03-23T17:30:41","modified_gmt":"2026-03-23T15:30:41","slug":"royal-queen-seeds-epsilon-f1-autoflowering","status":"publish","type":"product","link":"https:\/\/www.budream.com\/de\/shop\/royal-queen-seeds-epsilon-f1-autoflowering\/","title":{"rendered":"ROYAL QUEEN SEEDS &#8211; EPSILON F1 AUTOFLOWERING"},"content":{"rendered":"<div style=\"text-align: justify\">Ein echter F1-Hybrid. Epsilon F1 ist eine autoflowering Sorte, die durch die Inzucht von mehreren Elternlinien, die von Blue Dream, Blueberry, Amnesia und Black Domina abstammen, entstanden ist.<\/div>\n<p><\/p>\n<h2><strong>Eigenschaften Epsilon F1 Autoflowering Royal Queen Seeds:<\/strong><\/h2>\n<ul style=\"list-style-type: disc\">\n<li><strong>Gattung:<\/strong> Autoflowering Feminisiert<\/li>\n<li><strong>Genotyp:<\/strong> F1 Indica \/ Sativa-Hybrid<\/li>\n<li><strong>Genetik: <\/strong>Blue Dream x Blueberry x Amnesia Lemon Haze x Black Domina<\/li>\n<li><strong>Tage:<\/strong> 63 &#8211; 70<\/li>\n<\/ul>\n<p><\/p>\n<div style=\"text-align: justify\"><em><strong>ACHTUNG:<\/strong> Hanfsamen sind vom gesetzlichen Begriff Cannabis ausgenommen, was bedeutet, dass sie nicht als Bet\u00e4ubungsmittel gelten (Gesetz 412 von 1974, Art. 1, Absatz 1, Buchstabe B; Einheits\u00fcbereinkommen \u00fcber Bet\u00e4ubungsmittel von New York von 1961 und Tabelle II des Ministerialerlasses 27\/7\/1992). In Italien ist der Anbau von Hanf verboten (Artikel 28 und 73 des Pr\u00e4sidialdekrets 309\/90), es sei denn, es liegt eine Sondergenehmigung vor (Artikel 17 des Pr\u00e4sidialdekrets 309\/90). In Ermangelung einer solchen Genehmigung darf das Saatgut nur f\u00fcr andere Zwecke verwendet werden (zootechnische Zwecke, Sammeln usw.). Das Saatgut wird unter dem Vorbehalt verkauft, dass es nicht von Dritten im Widerspruch zu den gesetzlichen Bestimmungen verwendet wird.<\/em><\/div>\n","protected":false},"excerpt":{"rendered":"<p>\ud83c\udf3f EPSILON F1 AUTOFLOWERING von ROYAL QUEEN SEEDS \u00b7 \ud83e\uddec Indica \/ Sativa \u00b7 \ud83d\udd25 THC sehr hoch (Sehr hoch (20\u202f%+)) \u00b7 \ud83c\udfc6 Ertrag XXL.<\/p>\n","protected":false},"featured_media":180603,"comment_status":"open","ping_status":"closed","template":"","meta":[],"product_brand":[],"product_cat":[7952],"product_tag":[10125,10126,10128,10150,8510,8511,8609,9147,9931,10124],"class_list":{"0":"post-194843","1":"product","2":"type-product","3":"status-publish","4":"has-post-thumbnail","6":"product_cat-seedshop-de","7":"product_tag-ertrag-xxl","8":"product_tag-cannabis-samen","9":"product_tag-feminisierte-samen","10":"product_tag-zitrusartig","11":"product_tag-indica","12":"product_tag-sativa","13":"product_tag-royal-queen-seeds","14":"product_tag-epsilon-f1-autoflowering","15":"product_tag-hybrid","16":"product_tag-thc-sehr-hoch","18":"first","19":"instock","20":"sale","21":"taxable","22":"shipping-taxable","23":"purchasable","24":"product-type-variable"},"aioseo_notices":[],"_links":{"self":[{"href":"https:\/\/www.budream.com\/de\/wp-json\/wp\/v2\/product\/194843","targetHints":{"allow":["GET"]}}],"collection":[{"href":"https:\/\/www.budream.com\/de\/wp-json\/wp\/v2\/product"}],"about":[{"href":"https:\/\/www.budream.com\/de\/wp-json\/wp\/v2\/types\/product"}],"replies":[{"embeddable":true,"href":"https:\/\/www.budream.com\/de\/wp-json\/wp\/v2\/comments?post=194843"}],"version-history":[{"count":2,"href":"https:\/\/www.budream.com\/de\/wp-json\/wp\/v2\/product\/194843\/revisions"}],"predecessor-version":[{"id":260041,"href":"https:\/\/www.budream.com\/de\/wp-json\/wp\/v2\/product\/194843\/revisions\/260041"}],"wp:featuredmedia":[{"embeddable":true,"href":"https:\/\/www.budream.com\/de\/wp-json\/wp\/v2\/media\/180603"}],"wp:attachment":[{"href":"https:\/\/www.budream.com\/de\/wp-json\/wp\/v2\/media?parent=194843"}],"wp:term":[{"taxonomy":"product_brand","embeddable":true,"href":"https:\/\/www.budream.com\/de\/wp-json\/wp\/v2\/product_brand?post=194843"},{"taxonomy":"product_cat","embeddable":true,"href":"https:\/\/www.budream.com\/de\/wp-json\/wp\/v2\/product_cat?post=194843"},{"taxonomy":"product_tag","embeddable":true,"href":"https:\/\/www.budream.com\/de\/wp-json\/wp\/v2\/product_tag?post=194843"}],"curies":[{"name":"wp","href":"https:\/\/api.w.org\/{rel}","templated":true}]}}