{"id":194913,"date":"2025-08-06T17:46:38","date_gmt":"2025-08-06T15:46:38","guid":{"rendered":"https:\/\/www.budream.com\/shop\/royal-queen-seeds-cosmos-f1-autoflowering-cbd\/"},"modified":"2026-03-21T21:37:14","modified_gmt":"2026-03-21T19:37:14","slug":"royal-queen-seeds-cosmos-f1-autoflowering-cbd","status":"publish","type":"product","link":"https:\/\/www.budream.com\/de\/shop\/royal-queen-seeds-cosmos-f1-autoflowering-cbd\/","title":{"rendered":"ROYAL QUEEN SEEDS &#8211; COSMOS F1 AUTOFLOWERING CBD"},"content":{"rendered":"<p><strong>COSMOS F1 AUTOFLOWERING CBD<\/strong> ist ein ausgewogener Hybrid zwischen Indica und Sativa, vielseitig und f\u00fcr jede Gelegenheit geeignet von ROYAL QUEEN SEEDS. Verf\u00fcgbar in Packungen mit 1 Samen feminisiert. Mit einem THC-Gehalt von Sehr niedrig (0\u20134\u202f%) und CBD Hoch (6\u202f%+), diese Pflanze richtet sich an diejenigen, die ein therapeutisches Profil bevorzugen. Im Anbau, hat einen mittleren Bl\u00fctezyklus von 10-12 Wochen und bietet au\u00dfergew\u00f6hnlich reichlich Ertr\u00e4ge. In der Nase und am Gaumen zeichnet sich sein \ud83c\udf3f Scharf-Aroma aus.<\/p>\n","protected":false},"excerpt":{"rendered":"<p>\ud83c\udf3f COSMOS F1 AUTOFLOWERING CBD von ROYAL QUEEN SEEDS \u00b7 \ud83e\uddec Indica \/ Sativa \u00b7 \ud83c\udfc6 Ertrag XXL.<\/p>\n","protected":false},"featured_media":180418,"comment_status":"open","ping_status":"closed","template":"","meta":[],"product_brand":[],"product_cat":[7952],"product_tag":[10128,8510,8511,8609,9149,9931,10125,10126,10127],"class_list":{"0":"post-194913","1":"product","2":"type-product","3":"status-publish","4":"has-post-thumbnail","6":"product_cat-seedshop-de","7":"product_tag-feminisierte-samen","8":"product_tag-indica","9":"product_tag-sativa","10":"product_tag-royal-queen-seeds","11":"product_tag-cosmos-f1-autoflowering-cbd","12":"product_tag-hybrid","13":"product_tag-ertrag-xxl","14":"product_tag-cannabis-samen","15":"product_tag-scharf","17":"first","18":"instock","19":"sale","20":"taxable","21":"shipping-taxable","22":"purchasable","23":"product-type-variable"},"aioseo_notices":[],"_links":{"self":[{"href":"https:\/\/www.budream.com\/de\/wp-json\/wp\/v2\/product\/194913","targetHints":{"allow":["GET"]}}],"collection":[{"href":"https:\/\/www.budream.com\/de\/wp-json\/wp\/v2\/product"}],"about":[{"href":"https:\/\/www.budream.com\/de\/wp-json\/wp\/v2\/types\/product"}],"replies":[{"embeddable":true,"href":"https:\/\/www.budream.com\/de\/wp-json\/wp\/v2\/comments?post=194913"}],"version-history":[{"count":1,"href":"https:\/\/www.budream.com\/de\/wp-json\/wp\/v2\/product\/194913\/revisions"}],"predecessor-version":[{"id":259320,"href":"https:\/\/www.budream.com\/de\/wp-json\/wp\/v2\/product\/194913\/revisions\/259320"}],"wp:featuredmedia":[{"embeddable":true,"href":"https:\/\/www.budream.com\/de\/wp-json\/wp\/v2\/media\/180418"}],"wp:attachment":[{"href":"https:\/\/www.budream.com\/de\/wp-json\/wp\/v2\/media?parent=194913"}],"wp:term":[{"taxonomy":"product_brand","embeddable":true,"href":"https:\/\/www.budream.com\/de\/wp-json\/wp\/v2\/product_brand?post=194913"},{"taxonomy":"product_cat","embeddable":true,"href":"https:\/\/www.budream.com\/de\/wp-json\/wp\/v2\/product_cat?post=194913"},{"taxonomy":"product_tag","embeddable":true,"href":"https:\/\/www.budream.com\/de\/wp-json\/wp\/v2\/product_tag?post=194913"}],"curies":[{"name":"wp","href":"https:\/\/api.w.org\/{rel}","templated":true}]}}